{"id":453,"date":"2023-07-11T09:46:06","date_gmt":"2023-07-11T07:46:06","guid":{"rendered":"https:\/\/alproarchiv.de\/?page_id=453"},"modified":"2025-02-12T11:32:52","modified_gmt":"2025-02-12T10:32:52","slug":"elementor-seite-453","status":"publish","type":"page","link":"https:\/\/www.alpro-medical.de\/en\/","title":{"rendered":"Home"},"content":{"rendered":"<div data-elementor-type=\"wp-page\" data-elementor-id=\"453\" class=\"elementor elementor-453\" data-elementor-post-type=\"page\">\n\t\t\t\t\t\t<section class=\"elementor-section elementor-top-section elementor-element elementor-element-5113ad07 elementor-section-height-min-height elementor-section-items-stretch elementor-section-content-middle elementor-section-boxed elementor-section-height-default\" data-id=\"5113ad07\" data-element_type=\"section\" data-e-type=\"section\" data-settings=\"{&quot;background_background&quot;:&quot;gradient&quot;}\">\n\t\t\t\t\t\t\t<div class=\"elementor-background-overlay\"><\/div>\n\t\t\t\t\t\t\t<div class=\"elementor-container elementor-column-gap-no\">\n\t\t\t\t\t<div class=\"elementor-column elementor-col-100 elementor-top-column elementor-element elementor-element-7391723f\" data-id=\"7391723f\" data-element_type=\"column\" data-e-type=\"column\">\n\t\t\t<div class=\"elementor-widget-wrap elementor-element-populated\">\n\t\t\t\t\t\t<div class=\"elementor-element elementor-element-fc99333 elementor-widget__width-inherit elementor-widget elementor-widget-global elementor-global-313 elementor-widget-image\" data-id=\"fc99333\" data-element_type=\"widget\" data-e-type=\"widget\" data-widget_type=\"image.default\">\n\t\t\t\t<div class=\"elementor-widget-container\">\n\t\t\t\t\t\t\t\t\t\t\t\t\t\t\t<img fetchpriority=\"high\" decoding=\"async\" width=\"930\" height=\"170\" src=\"https:\/\/www.alpro-medical.de\/wp-content\/uploads\/2023\/07\/header_behandlungseinheit-1.jpg\" class=\"attachment-full size-full wp-image-2502\" alt=\"\" srcset=\"https:\/\/www.alpro-medical.de\/wp-content\/uploads\/2023\/07\/header_behandlungseinheit-1.jpg 930w, https:\/\/www.alpro-medical.de\/wp-content\/uploads\/2023\/07\/header_behandlungseinheit-1-300x55.jpg 300w, https:\/\/www.alpro-medical.de\/wp-content\/uploads\/2023\/07\/header_behandlungseinheit-1-768x140.jpg 768w\" sizes=\"(max-width: 930px) 100vw, 930px\" \/>\t\t\t\t\t\t\t\t\t\t\t\t\t\t\t<\/div>\n\t\t\t\t<\/div>\n\t\t\t\t\t<\/div>\n\t\t<\/div>\n\t\t\t\t\t<\/div>\n\t\t<\/section>\n\t\t<div class=\"elementor-element elementor-element-1f51c60 e-flex e-con-boxed e-con e-parent\" data-id=\"1f51c60\" data-element_type=\"container\" data-e-type=\"container\">\n\t\t\t\t\t<div class=\"e-con-inner\">\n\t\t<div class=\"elementor-element elementor-element-e44397c e-con-full animated-fast e-flex elementor-invisible e-con e-child\" data-id=\"e44397c\" data-element_type=\"container\" data-e-type=\"container\" data-settings=\"{&quot;animation&quot;:&quot;fadeInRight&quot;}\">\n\t\t\t\t<div class=\"elementor-element elementor-element-949f8d8 elementor-widget elementor-widget-text-editor\" data-id=\"949f8d8\" data-element_type=\"widget\" data-e-type=\"widget\" data-widget_type=\"text-editor.default\">\n\t\t\t\t<div class=\"elementor-widget-container\">\n\t\t\t\t\t\t\t\t\t<p style=\"text-align: center;\">SAFE. CLEAN. ALPRO.<\/p>\t\t\t\t\t\t\t\t<\/div>\n\t\t\t\t<\/div>\n\t\t\t\t<\/div>\n\t\t\t\t\t<\/div>\n\t\t\t\t<\/div>\n\t\t<div class=\"elementor-element elementor-element-a501caf e-flex e-con-boxed e-con e-parent\" data-id=\"a501caf\" data-element_type=\"container\" data-e-type=\"container\">\n\t\t\t\t\t<div class=\"e-con-inner\">\n\t\t\t\t<div class=\"elementor-element elementor-element-a6f1f60 animated-fast elementor-invisible elementor-widget elementor-widget-text-editor\" data-id=\"a6f1f60\" data-element_type=\"widget\" data-e-type=\"widget\" data-settings=\"{&quot;_animation&quot;:&quot;fadeInRight&quot;,&quot;_animation_delay&quot;:1500}\" data-widget_type=\"text-editor.default\">\n\t\t\t\t<div class=\"elementor-widget-container\">\n\t\t\t\t\t\t\t\t\t<p>Quality, Reliability and Innovation<\/p>\t\t\t\t\t\t\t\t<\/div>\n\t\t\t\t<\/div>\n\t\t\t\t\t<\/div>\n\t\t\t\t<\/div>\n\t\t<div class=\"elementor-element elementor-element-d731e34 e-flex e-con-boxed e-con e-parent\" data-id=\"d731e34\" data-element_type=\"container\" data-e-type=\"container\">\n\t\t\t\t\t<div class=\"e-con-inner\">\n\t\t<div class=\"elementor-element elementor-element-f4aa39f e-con-full e-flex elementor-invisible e-con e-child\" data-id=\"f4aa39f\" data-element_type=\"container\" data-e-type=\"container\" data-settings=\"{&quot;animation&quot;:&quot;fadeIn&quot;}\">\n\t\t\t\t<div class=\"elementor-element elementor-element-b45ad5a elementor-widget elementor-widget-text-editor\" data-id=\"b45ad5a\" data-element_type=\"widget\" data-e-type=\"widget\" data-no-translation=\"\" data-widget_type=\"text-editor.default\">\n\t\t\t\t<div class=\"elementor-widget-container\">\n\t\t\t\t\t<style>.elementor-element-b45ad5a{display:none !important}<\/style>\t\t\t\t<\/div>\n\t\t\t\t<\/div>\n\t\t\t\t<div class=\"elementor-element elementor-element-d488c4c elementor-widget elementor-widget-text-editor\" data-id=\"d488c4c\" data-element_type=\"widget\" data-e-type=\"widget\" data-no-translation=\"\" data-widget_type=\"text-editor.default\">\n\t\t\t\t<div class=\"elementor-widget-container\">\n\t\t\t\t\t\t\t\t\t<h2><span style=\"color: #ff0000;\">Welcome to ALPRO MEDICAL GMBH<\/span><\/h2><div><p>For over 30 years, <strong>ALPRO<\/strong> has been one of the most innovative companies in the field of infection prevention. Our certified and environmentally friendly products are not only characterized by maximum effectiveness, they also cover the entire range of infection control; from the removal of biofilm and its prevention in dental water lines of dental treatment units, surface and instrument disinfection to hand disinfection. <strong>ALPRO<\/strong> is one of the world&#8217;s leading manufacturers of cleaning, disinfection and maintenance products for dental suction systems.<\/p><p>\u00a0<\/p><\/div><p>We live our slogan <strong>SAFE. CLEAN. ALPRO.<\/strong><\/p><div><ul><li>The application of our products, the selection of raw materials and active ingredients is <strong>SAFE<\/strong> and our products are characterized by a high level of environmental compatibility.<\/li><\/ul><p>\u00a0<\/p><ul><li><strong>ALPRO<\/strong> offers the entire range of hygiene products that make every practice <strong>CLEAN.<\/strong><\/li><\/ul><p>\u00a0<\/p><ul><li><strong>ALPRO<\/strong> stands for quality, reliability and innovation.<\/li><\/ul><p>\u00a0<\/p><\/div>\t\t\t\t\t\t\t\t<\/div>\n\t\t\t\t<\/div>\n\t\t\t\t<\/div>\n\t\t<div class=\"elementor-element elementor-element-96033b6 e-con-full e-flex elementor-invisible e-con e-child\" data-id=\"96033b6\" data-element_type=\"container\" data-e-type=\"container\" data-settings=\"{&quot;animation&quot;:&quot;fadeIn&quot;}\">\n\t\t<div class=\"elementor-element elementor-element-e4bd9d0 e-transform e-flex e-con-boxed e-con e-child\" data-id=\"e4bd9d0\" data-element_type=\"container\" data-e-type=\"container\" data-settings=\"{&quot;_transform_scale_effect_hover&quot;:{&quot;unit&quot;:&quot;px&quot;,&quot;size&quot;:1.01,&quot;sizes&quot;:[]},&quot;_transform_scale_effect_hover_tablet&quot;:{&quot;unit&quot;:&quot;px&quot;,&quot;size&quot;:&quot;&quot;,&quot;sizes&quot;:[]},&quot;_transform_scale_effect_hover_mobile&quot;:{&quot;unit&quot;:&quot;px&quot;,&quot;size&quot;:&quot;&quot;,&quot;sizes&quot;:[]}}\">\n\t\t\t\t\t<div class=\"e-con-inner\">\n\t\t\t\t<div class=\"elementor-element elementor-element-986b057 elementor-widget elementor-widget-text-editor\" data-id=\"986b057\" data-element_type=\"widget\" data-e-type=\"widget\" data-widget_type=\"text-editor.default\">\n\t\t\t\t<div class=\"elementor-widget-container\">\n\t\t\t\t\t\t\t\t\t<h5><a href=\"https:\/\/www.alpro-medical.de\/en\/hygieneschulung-in-ihrer-praxis\/\"><span style=\"color: #ff0000;\">Hygiene training in your practice<\/span><\/a><\/h5><div class=\"txt-img\"><p class=\"translation-block\">You would like to attend a hygiene training course from <span class=\"caps\">ALPRO<\/span> but there is no date near you?<\/p><p><span style=\"color: #545151;\"><a style=\"color: #545151;\" href=\"https:\/\/www.alpro-medical.de\/en\/hygieneschulung-in-ihrer-praxis\/\"><strong>Then simply bring the training to your practice!<\/strong><\/a><\/span><\/p><\/div>\t\t\t\t\t\t\t\t<\/div>\n\t\t\t\t<\/div>\n\t\t\t\t\t<\/div>\n\t\t\t\t<\/div>\n\t\t<div class=\"elementor-element elementor-element-6ba3b23 e-transform e-flex e-con-boxed e-con e-child\" data-id=\"6ba3b23\" data-element_type=\"container\" data-e-type=\"container\" data-settings=\"{&quot;_transform_scale_effect_hover&quot;:{&quot;unit&quot;:&quot;px&quot;,&quot;size&quot;:&quot;&quot;,&quot;sizes&quot;:[]},&quot;_transform_scale_effect_hover_tablet&quot;:{&quot;unit&quot;:&quot;px&quot;,&quot;size&quot;:&quot;&quot;,&quot;sizes&quot;:[]},&quot;_transform_scale_effect_hover_mobile&quot;:{&quot;unit&quot;:&quot;px&quot;,&quot;size&quot;:&quot;&quot;,&quot;sizes&quot;:[]}}\">\n\t\t\t\t\t<div class=\"e-con-inner\">\n\t\t\t\t<div class=\"elementor-element elementor-element-74050950 e-transform elementor-widget elementor-widget-text-editor\" data-id=\"74050950\" data-element_type=\"widget\" data-e-type=\"widget\" data-settings=\"{&quot;_transform_scale_effect_hover&quot;:{&quot;unit&quot;:&quot;px&quot;,&quot;size&quot;:1.01,&quot;sizes&quot;:[]},&quot;_transform_scale_effect_hover_tablet&quot;:{&quot;unit&quot;:&quot;px&quot;,&quot;size&quot;:&quot;&quot;,&quot;sizes&quot;:[]},&quot;_transform_scale_effect_hover_mobile&quot;:{&quot;unit&quot;:&quot;px&quot;,&quot;size&quot;:&quot;&quot;,&quot;sizes&quot;:[]}}\" data-widget_type=\"text-editor.default\">\n\t\t\t\t<div class=\"elementor-widget-container\">\n\t\t\t\t\t\t\t\t\t<h5><span style=\"color: #ff0000;\">The validated reprocessing of medical devices Part I <br \/>(A report by Dr Varrentrapp)<\/span><\/h5><div class=\"txt-img\"><p><span style=\"color: #808080;\">Published in the\u00a0<span class=\"caps\">ZWR<\/span>\u00a0\u2013 Das Deutsche Zahn\u00e4rzteblatt 2017<\/span><br \/><span style=\"color: #808080;\">\u00a9 Publisher and Copyright by Georg Thieme Verlag, Stuttgart<\/span><\/p><p><span style=\"color: #808080;\">Take advantage of the state subsidy!<\/span><br \/><span style=\"color: #808080;\">50 per cent cost reimbursement (old federal states) and\u00a0<br \/><\/span><span style=\"color: #808080; text-align: var(--text-align);\">80 per cent reimbursement (new federal states) for<\/span><\/p><ul><li><span style=\"color: #808080;\">Practice inspection &amp; analysis<\/span><\/li><li><span style=\"color: #808080;\">Work instructions &amp; hygiene plans<\/span><\/li><li><span style=\"color: #808080;\">Staff training &amp; legally compliant instrument reprocessing<\/span><\/li><\/ul><\/div>\t\t\t\t\t\t\t\t<\/div>\n\t\t\t\t<\/div>\n\t\t\t\t\t<\/div>\n\t\t\t\t<\/div>\n\t\t\t\t<\/div>\n\t\t\t\t\t<\/div>\n\t\t\t\t<\/div>\n\t\t\t\t<\/div>","protected":false},"excerpt":{"rendered":"<p>SICHER. SAUBER. ALPRO. Qualit\u00e4t, Zuverl\u00e4ssigkeit und Innovation Willkommen bei ALPRO MEDICAL GMBH Seit \u00fcber 30 Jahren geh\u00f6rt ALPRO zu den innovativen Firmen im Bereich Infektionspr\u00e4vention. Unsere zertifizierten und umweltfreundlichen Produkte zeichnen sich nicht nur durch ein H\u00f6chstma\u00df an Effektivit\u00e4t aus, sie decken auch den gesamten Bereich der Infektionskontrolle in der Praxis ab; von der Beseitigung [&hellip;]<\/p>\n","protected":false},"author":1,"featured_media":0,"parent":0,"menu_order":0,"comment_status":"closed","ping_status":"closed","template":"","meta":{"footnotes":""},"class_list":["post-453","page","type-page","status-publish","hentry"],"_links":{"self":[{"href":"https:\/\/www.alpro-medical.de\/en\/wp-json\/wp\/v2\/pages\/453","targetHints":{"allow":["GET"]}}],"collection":[{"href":"https:\/\/www.alpro-medical.de\/en\/wp-json\/wp\/v2\/pages"}],"about":[{"href":"https:\/\/www.alpro-medical.de\/en\/wp-json\/wp\/v2\/types\/page"}],"author":[{"embeddable":true,"href":"https:\/\/www.alpro-medical.de\/en\/wp-json\/wp\/v2\/users\/1"}],"replies":[{"embeddable":true,"href":"https:\/\/www.alpro-medical.de\/en\/wp-json\/wp\/v2\/comments?post=453"}],"version-history":[{"count":107,"href":"https:\/\/www.alpro-medical.de\/en\/wp-json\/wp\/v2\/pages\/453\/revisions"}],"predecessor-version":[{"id":5579,"href":"https:\/\/www.alpro-medical.de\/en\/wp-json\/wp\/v2\/pages\/453\/revisions\/5579"}],"wp:attachment":[{"href":"https:\/\/www.alpro-medical.de\/en\/wp-json\/wp\/v2\/media?parent=453"}],"curies":[{"name":"wp","href":"https:\/\/api.w.org\/{rel}","templated":true}]}}