{"id":4080,"date":"2024-03-01T14:51:52","date_gmt":"2024-03-01T13:51:52","guid":{"rendered":"https:\/\/www.alpro-medical.de\/?page_id=4080"},"modified":"2024-03-04T10:56:34","modified_gmt":"2024-03-04T09:56:34","slug":"elementor-4080","status":"publish","type":"page","link":"https:\/\/www.alpro-medical.de\/en\/elementor-4080\/","title":{"rendered":"Elementor #4080"},"content":{"rendered":"<div data-elementor-type=\"wp-page\" data-elementor-id=\"4080\" class=\"elementor elementor-4080\" data-elementor-post-type=\"page\">\n\t\t\t\t<div class=\"elementor-element elementor-element-3b94b0f e-flex e-con-boxed e-con e-parent\" data-id=\"3b94b0f\" data-element_type=\"container\" data-e-type=\"container\" data-settings=\"{&quot;background_background&quot;:&quot;classic&quot;}\">\n\t\t\t\t\t<div class=\"e-con-inner\">\n\t\t<div class=\"elementor-element elementor-element-25309e4 e-flex e-con-boxed e-con e-child\" data-id=\"25309e4\" data-element_type=\"container\" data-e-type=\"container\" data-settings=\"{&quot;background_background&quot;:&quot;classic&quot;}\">\n\t\t\t\t\t<div class=\"e-con-inner\">\n\t\t\t\t\t<\/div>\n\t\t\t\t<\/div>\n\t\t\t\t\t<\/div>\n\t\t\t\t<\/div>\n\t\t<div class=\"elementor-element elementor-element-398d7d6 e-flex e-con-boxed e-con e-parent\" data-id=\"398d7d6\" data-element_type=\"container\" data-e-type=\"container\">\n\t\t\t\t\t<div class=\"e-con-inner\">\n\t\t\t\t<div class=\"elementor-element elementor-element-94c286a elementor-widget elementor-widget-text-editor\" data-id=\"94c286a\" data-element_type=\"widget\" data-e-type=\"widget\" data-widget_type=\"text-editor.default\">\n\t\t\t\t<div class=\"elementor-widget-container\">\n\t\t\t\t\t\t\t\t\t<h3><strong><span style=\"color: #000000;\">Unsere Benefits f\u00fcr Sie, die das Arbeiten bei ALPRO MEDICAL noch angenehmer machen<\/span><\/strong><\/h3><p><strong>FIRMENEVENTS<br \/><\/strong>Ob Betriebsausflug, Sommerfest oder Weihnachtsfeier \u2013 wir m\u00f6chten das Miteinander st\u00e4rken und Ihren Arbeitseinsatz entsprechend honorieren.<\/p><p><strong>FLEXIBLE ARBEITSZEIT<br \/><\/strong>Wir bieten Ihnen eine Kernarbeitszeit, die uns Ihre Anwesenheit am Arbeitsplatz garantiert. F\u00fcr die Zeiten vor oder nach der Kernarbeitszeit sind Sie flexibel f\u00fcr die Wahrnehmung von Terminen sowie Freizeit-\/Familiengestaltung.<\/p><p><strong>GESUNDHEITSMANAGEMENT <br \/><\/strong>Wir bieten Ihnen Betriebssport mit einem professionellen Personal Coach in unserem Unternehmen an.<\/p><p><strong>INDIVIDUELLER EINARBEITUNGSPLAN<br \/><\/strong>In der ersten Zeit in einem neuen Job geht es zun\u00e4chst ums Akklimatisieren. F\u00fcr Ihren gelungenen Start sorgt dabei unser Einarbeitungsprogramm. Dies umfasst\u00a0 einen individuellen Einarbeitungsplan und eine:n nette:n Kollege:in aus Ihrer k\u00fcnftigen Abteilung, der\/die Ihnen mit Rat und Tat zur Seite steht.<\/p><p><strong>PR\u00c4MIENSYSTEM<br \/><\/strong>Erfolgreicher Einsatz wird bei uns honoriert.<\/p><p><strong>URLAUBS-\/WEIHNACHTSGELD<br \/><\/strong>Unsere Mitarbeiter erhalten ein j\u00e4hrliches Urlaubsgeld und Weihnachtsgeld bei Zielerreichung. \u00a0<\/p><p><strong>VERG\u00dcNSTIGUNGEN F\u00dcR MITARBEITER<br \/><\/strong>Als ALPRO MEDICAL Mitarbeiter gew\u00e4hren wir Ihnen bei namenhaften Herstellern und Marken besondere Konditionen sowie Nachl\u00e4sse. Monatlich kommen weitere Anbieter und attraktive Angebote hinzu, so dass Sie immer wieder aufs Neue beim Shoppen sparen k\u00f6nnen.<\/p><p><strong>WEIHNACHTSGESCHENK<br \/><\/strong>Zu Weihnachten erhalten alle Mitarbeiter ein Dankesch\u00f6n f\u00fcr ihren besonderen Einsatz.<\/p><p><strong>WEITERBILDUNG<br \/><\/strong>Es werden regelm\u00e4\u00dfige Angebote f\u00fcr Ihre individuelle Weiterbildung angeboten. Hierbei arbeiten wir mit zertifizierten Instituten zusammen. So machen Sie sich fit f\u00fcr heutige und k\u00fcnftige Herausforderungen.<\/p><p><strong>Sowie<br \/><\/strong>Kostenloser Kaffee, Wasser, Tee und vieles mehr<\/p>\t\t\t\t\t\t\t\t<\/div>\n\t\t\t\t<\/div>\n\t\t\t\t\t<\/div>\n\t\t\t\t<\/div>\n\t\t\t\t<\/div>","protected":false},"excerpt":{"rendered":"<p>Unsere Benefits f\u00fcr Sie, die das Arbeiten bei ALPRO MEDICAL noch angenehmer machen FIRMENEVENTSOb Betriebsausflug, Sommerfest oder Weihnachtsfeier \u2013 wir m\u00f6chten das Miteinander st\u00e4rken und Ihren Arbeitseinsatz entsprechend honorieren. FLEXIBLE ARBEITSZEITWir bieten Ihnen eine Kernarbeitszeit, die uns Ihre Anwesenheit am Arbeitsplatz garantiert. F\u00fcr die Zeiten vor oder nach der Kernarbeitszeit sind Sie flexibel f\u00fcr die [&hellip;]<\/p>\n","protected":false},"author":1,"featured_media":0,"parent":0,"menu_order":0,"comment_status":"closed","ping_status":"closed","template":"","meta":{"footnotes":""},"class_list":["post-4080","page","type-page","status-publish","hentry"],"_links":{"self":[{"href":"https:\/\/www.alpro-medical.de\/en\/wp-json\/wp\/v2\/pages\/4080","targetHints":{"allow":["GET"]}}],"collection":[{"href":"https:\/\/www.alpro-medical.de\/en\/wp-json\/wp\/v2\/pages"}],"about":[{"href":"https:\/\/www.alpro-medical.de\/en\/wp-json\/wp\/v2\/types\/page"}],"author":[{"embeddable":true,"href":"https:\/\/www.alpro-medical.de\/en\/wp-json\/wp\/v2\/users\/1"}],"replies":[{"embeddable":true,"href":"https:\/\/www.alpro-medical.de\/en\/wp-json\/wp\/v2\/comments?post=4080"}],"version-history":[{"count":13,"href":"https:\/\/www.alpro-medical.de\/en\/wp-json\/wp\/v2\/pages\/4080\/revisions"}],"predecessor-version":[{"id":4094,"href":"https:\/\/www.alpro-medical.de\/en\/wp-json\/wp\/v2\/pages\/4080\/revisions\/4094"}],"wp:attachment":[{"href":"https:\/\/www.alpro-medical.de\/en\/wp-json\/wp\/v2\/media?parent=4080"}],"curies":[{"name":"wp","href":"https:\/\/api.w.org\/{rel}","templated":true}]}}