{"id":242,"date":"2023-07-07T14:07:52","date_gmt":"2023-07-07T12:07:52","guid":{"rendered":"https:\/\/alproarchiv.de\/?page_id=242"},"modified":"2023-09-12T09:18:42","modified_gmt":"2023-09-12T07:18:42","slug":"impressum","status":"publish","type":"page","link":"https:\/\/www.alpro-medical.de\/en\/impressum\/","title":{"rendered":"Imprint"},"content":{"rendered":"<div data-elementor-type=\"wp-page\" data-elementor-id=\"242\" class=\"elementor elementor-242\" data-elementor-post-type=\"page\">\n\t\t\t\t<div class=\"elementor-element elementor-element-d14265f e-flex e-con-boxed e-con e-parent\" data-id=\"d14265f\" data-element_type=\"container\" data-e-type=\"container\" data-settings=\"{&quot;background_background&quot;:&quot;classic&quot;}\">\n\t\t\t\t\t<div class=\"e-con-inner\">\n\t\t<div class=\"elementor-element elementor-element-860aa98 e-flex e-con-boxed e-con e-parent\" data-id=\"860aa98\" data-element_type=\"container\" data-e-type=\"container\" data-settings=\"{&quot;background_background&quot;:&quot;classic&quot;}\">\n\t\t\t\t\t<div class=\"e-con-inner\">\n\t\t\t\t<div class=\"elementor-element elementor-element-b72cd58 elementor-widget__width-inherit elementor-widget elementor-widget-global elementor-global-313 elementor-widget-image\" data-id=\"b72cd58\" data-element_type=\"widget\" data-e-type=\"widget\" data-widget_type=\"image.default\">\n\t\t\t\t<div class=\"elementor-widget-container\">\n\t\t\t\t\t\t\t\t\t\t\t\t\t\t\t<img fetchpriority=\"high\" decoding=\"async\" width=\"930\" height=\"170\" src=\"https:\/\/www.alpro-medical.de\/wp-content\/uploads\/2023\/07\/header_behandlungseinheit-1.jpg\" class=\"attachment-full size-full wp-image-2502\" alt=\"\" srcset=\"https:\/\/www.alpro-medical.de\/wp-content\/uploads\/2023\/07\/header_behandlungseinheit-1.jpg 930w, https:\/\/www.alpro-medical.de\/wp-content\/uploads\/2023\/07\/header_behandlungseinheit-1-300x55.jpg 300w, https:\/\/www.alpro-medical.de\/wp-content\/uploads\/2023\/07\/header_behandlungseinheit-1-768x140.jpg 768w\" sizes=\"(max-width: 930px) 100vw, 930px\" \/>\t\t\t\t\t\t\t\t\t\t\t\t\t\t\t<\/div>\n\t\t\t\t<\/div>\n\t\t\t\t\t<\/div>\n\t\t\t\t<\/div>\n\t\t\t\t\t<\/div>\n\t\t\t\t<\/div>\n\t\t<div class=\"elementor-element elementor-element-020ad5e e-flex e-con-boxed e-con e-parent\" data-id=\"020ad5e\" data-element_type=\"container\" data-e-type=\"container\">\n\t\t\t\t\t<div class=\"e-con-inner\">\n\t\t<div class=\"elementor-element elementor-element-14bdda7 e-con-full e-flex e-con e-parent\" data-id=\"14bdda7\" data-element_type=\"container\" data-e-type=\"container\">\n\t\t\t\t<div class=\"elementor-element elementor-element-bdc1066 elementor-widget__width-initial elementor-widget elementor-widget-text-editor\" data-id=\"bdc1066\" data-element_type=\"widget\" data-e-type=\"widget\" data-widget_type=\"text-editor.default\">\n\t\t\t\t<div class=\"elementor-widget-container\">\n\t\t\t\t\t\t\t\t\t<div id=\"content\"><h2><span style=\"color: #ff0000;\">Imprint<\/span><\/h2><h5><span style=\"color: #ff0000;\">Resposible for contents<\/span><\/h5><p><b>According to \u00a7 5 TMG:<\/b><br \/>ALPRO MEDICAL GMBH<br \/>Mooswiesenstra\u00dfe 9<br \/>78112 St. Georgen<br \/>Germany<\/p><p><b>Represented by:<\/b><br \/>Alfred Hogeback, Markus Klumpp<\/p><p><b>Contact:<\/b><br \/>Phone: +49 7725 9392-0<br \/>Fax: +49 7725 9392-91<br \/>E-Mail: <a href=\"mailto:info@alpro-medical.de\">info@alpro-medical.de<\/a><\/p><p><b>Register entry:<\/b><br \/>Commercial register of the local<br \/>courts (Amtsgericht): Freiburg<br \/>Registration number: HRB 601421<\/p><p><b>VAT identification number:<\/b><br \/>DE 142986556<\/p><p><b>References to sources:<\/b><br \/><a class=\"extern\" title=\"www.fotolia.de\" href=\"http:\/\/www.fotolia.de\" target=\"_blank\" rel=\"noopener\">www.fotolia.de<\/a><br \/><a class=\"extern\" title=\"www.istockphoto.com\" href=\"http:\/\/www.istockphoto.com\" target=\"_blank\" rel=\"noopener\">www.istockphoto.com<\/a><\/p><hr \/><h5><span style=\"color: #ff0000;\">Disclaimer<\/span><\/h5><p><b>Content liability<\/b><br \/>The information provided on this website has been carefully reviewed by ALPRO MEDICAL GMBH and is subject to regular updates. However, the company accepts no responsibility for the correctness and completeness of the information contained. Any liability for damages arising from the direct or indirect use of this website is excluded unless these involve intention or gross negligence.<\/p><p><b>Links liability<\/b><br \/>Translation only. The only legally binding version of the document is the German one.\n\nThe information on this website and the products and services described may be modified, deleted or amended without prior notice. Despite careful controls of contents, no liability is accepted regarding the contents of external links. Exclusively the operator is responsible for the contents of the linked websites.\n\nA reproduction or taking over of the complete supplied information or part of it may exclusively be allowed after consultation with ALPRO MEDICAL GmbH.<\/p><p><b>Copyright<\/b><br \/>\u00a9 2013 \u2013 Copyright ALPRO MEDICAL GMBH. All rights reserved. All texts, images, graphics as well as their arrangement on this website are subject to the copyright. We herewith point out that images contained on this website may be subject to the copyright of third parties. The contents of this website may not be reproduced, circulated, modified or made accessible for third parties for commercial purposes.<\/p><\/div>\t\t\t\t\t\t\t\t<\/div>\n\t\t\t\t<\/div>\n\t\t\t\t<\/div>\n\t\t<div class=\"elementor-element elementor-element-fb3c5a7 e-con-full e-flex e-con e-parent\" data-id=\"fb3c5a7\" data-element_type=\"container\" data-e-type=\"container\">\n\t\t\t\t<div class=\"elementor-element elementor-element-0530b1f elementor-widget__width-initial elementor-nav-menu--dropdown-tablet elementor-nav-menu__text-align-aside elementor-nav-menu--toggle elementor-nav-menu--burger elementor-widget elementor-widget-nav-menu\" data-id=\"0530b1f\" data-element_type=\"widget\" data-e-type=\"widget\" data-settings=\"{&quot;layout&quot;:&quot;vertical&quot;,&quot;submenu_icon&quot;:{&quot;value&quot;:&quot;&lt;i class=\\&quot;fas fa-caret-down\\&quot; aria-hidden=\\&quot;true\\&quot;&gt;&lt;\\\/i&gt;&quot;,&quot;library&quot;:&quot;fa-solid&quot;},&quot;toggle&quot;:&quot;burger&quot;}\" data-widget_type=\"nav-menu.default\">\n\t\t\t\t<div class=\"elementor-widget-container\">\n\t\t\t\t\t\t\t\t<nav aria-label=\"Menu\" class=\"elementor-nav-menu--main elementor-nav-menu__container elementor-nav-menu--layout-vertical e--pointer-background e--animation-fade\">\n\t\t\t\t<ul id=\"menu-1-0530b1f\" class=\"elementor-nav-menu sm-vertical\"><li class=\"menu-item menu-item-type-post_type menu-item-object-page menu-item-3252\"><a href=\"https:\/\/www.alpro-medical.de\/en\/adresse-und-anfahrt\/\" class=\"elementor-item\">Contact<\/a><\/li>\n<li class=\"menu-item menu-item-type-post_type menu-item-object-page menu-item-3253\"><a href=\"https:\/\/www.alpro-medical.de\/en\/sitemap\/\" class=\"elementor-item\">Sitemap<\/a><\/li>\n<li class=\"menu-item menu-item-type-post_type menu-item-object-page menu-item-3254\"><a href=\"https:\/\/www.alpro-medical.de\/en\/impressum\/\" class=\"elementor-item\">Imprint<\/a><\/li>\n<li class=\"menu-item menu-item-type-post_type menu-item-object-page menu-item-3255\"><a href=\"https:\/\/www.alpro-medical.de\/en\/datenschutz\/\" class=\"elementor-item\">Data protection<\/a><\/li>\n<\/ul>\t\t\t<\/nav>\n\t\t\t\t\t<div class=\"elementor-menu-toggle\" role=\"button\" tabindex=\"0\" aria-label=\"Menu Toggle\" aria-expanded=\"false\">\n\t\t\t<i aria-hidden=\"true\" role=\"presentation\" class=\"elementor-menu-toggle__icon--open eicon-menu-bar\"><\/i><i aria-hidden=\"true\" role=\"presentation\" class=\"elementor-menu-toggle__icon--close eicon-close\"><\/i>\t\t<\/div>\n\t\t\t\t\t<nav class=\"elementor-nav-menu--dropdown elementor-nav-menu__container\" aria-hidden=\"true\">\n\t\t\t\t<ul id=\"menu-2-0530b1f\" class=\"elementor-nav-menu sm-vertical\"><li class=\"menu-item menu-item-type-post_type menu-item-object-page menu-item-3252\"><a href=\"https:\/\/www.alpro-medical.de\/en\/adresse-und-anfahrt\/\" class=\"elementor-item\" tabindex=\"-1\">Contact<\/a><\/li>\n<li class=\"menu-item menu-item-type-post_type menu-item-object-page menu-item-3253\"><a href=\"https:\/\/www.alpro-medical.de\/en\/sitemap\/\" class=\"elementor-item\" tabindex=\"-1\">Sitemap<\/a><\/li>\n<li class=\"menu-item menu-item-type-post_type menu-item-object-page menu-item-3254\"><a href=\"https:\/\/www.alpro-medical.de\/en\/impressum\/\" class=\"elementor-item\" tabindex=\"-1\">Imprint<\/a><\/li>\n<li class=\"menu-item menu-item-type-post_type menu-item-object-page menu-item-3255\"><a href=\"https:\/\/www.alpro-medical.de\/en\/datenschutz\/\" class=\"elementor-item\" tabindex=\"-1\">Data protection<\/a><\/li>\n<\/ul>\t\t\t<\/nav>\n\t\t\t\t\t\t<\/div>\n\t\t\t\t<\/div>\n\t\t\t\t<\/div>\n\t\t\t\t\t<\/div>\n\t\t\t\t<\/div>\n\t\t\t\t<\/div>","protected":false},"excerpt":{"rendered":"<p>Impressum Verantwortlich f\u00fcr diese Seite Angaben gem\u00e4\u00df \u00a7 5 TMG:ALPRO MEDICAL GMBHMooswiesenstra\u00dfe 978112 St. GeorgenDeutschland Vertreten durch:Alfred Hogeback, Markus Klumpp Kontakt:Telefon: +49 7725 9392-0Telefax: +49 7725 9392-91E-Mail: info@alpro-medical.de Registereintrag:Eintragung im HandelsregisterRegistergericht: Amtsgericht FreiburgRegisternummer: HRB 601421 Umsatzsteuer-ID:Umsatzsteuer-Identifikationsnummer gem\u00e4\u00df \u00a727 a Umsatzsteuergesetz: DE 142986556 Quellenangaben f\u00fcr die verwendeten Bilder und Grafiken:www.fotolia.dewww.istockphoto.com Haftungsausschluss Haftung f\u00fcr InhalteDie Inhalte unserer [&hellip;]<\/p>\n","protected":false},"author":1,"featured_media":0,"parent":0,"menu_order":0,"comment_status":"closed","ping_status":"closed","template":"","meta":{"footnotes":""},"class_list":["post-242","page","type-page","status-publish","hentry"],"_links":{"self":[{"href":"https:\/\/www.alpro-medical.de\/en\/wp-json\/wp\/v2\/pages\/242","targetHints":{"allow":["GET"]}}],"collection":[{"href":"https:\/\/www.alpro-medical.de\/en\/wp-json\/wp\/v2\/pages"}],"about":[{"href":"https:\/\/www.alpro-medical.de\/en\/wp-json\/wp\/v2\/types\/page"}],"author":[{"embeddable":true,"href":"https:\/\/www.alpro-medical.de\/en\/wp-json\/wp\/v2\/users\/1"}],"replies":[{"embeddable":true,"href":"https:\/\/www.alpro-medical.de\/en\/wp-json\/wp\/v2\/comments?post=242"}],"version-history":[{"count":19,"href":"https:\/\/www.alpro-medical.de\/en\/wp-json\/wp\/v2\/pages\/242\/revisions"}],"predecessor-version":[{"id":3260,"href":"https:\/\/www.alpro-medical.de\/en\/wp-json\/wp\/v2\/pages\/242\/revisions\/3260"}],"wp:attachment":[{"href":"https:\/\/www.alpro-medical.de\/en\/wp-json\/wp\/v2\/media?parent=242"}],"curies":[{"name":"wp","href":"https:\/\/api.w.org\/{rel}","templated":true}]}}