{"id":218,"date":"2023-07-07T12:09:48","date_gmt":"2023-07-07T10:09:48","guid":{"rendered":"https:\/\/alproarchiv.de\/?page_id=218"},"modified":"2024-11-19T10:43:27","modified_gmt":"2024-11-19T09:43:27","slug":"geschichte","status":"publish","type":"page","link":"https:\/\/www.alpro-medical.de\/en\/geschichte\/","title":{"rendered":"Geschichte"},"content":{"rendered":"<div data-elementor-type=\"wp-page\" data-elementor-id=\"218\" class=\"elementor elementor-218\" data-elementor-post-type=\"page\">\n\t\t\t\t<div class=\"elementor-element elementor-element-645eb31f e-flex e-con-boxed e-con e-parent\" data-id=\"645eb31f\" data-element_type=\"container\" data-e-type=\"container\" data-settings=\"{&quot;background_background&quot;:&quot;classic&quot;}\">\n\t\t\t\t\t<div class=\"e-con-inner\">\n\t\t<div class=\"elementor-element elementor-element-7daa6b3a e-flex e-con-boxed e-con e-child\" data-id=\"7daa6b3a\" data-element_type=\"container\" data-e-type=\"container\" data-settings=\"{&quot;background_background&quot;:&quot;classic&quot;}\">\n\t\t\t\t\t<div class=\"e-con-inner\">\n\t\t\t\t<div class=\"elementor-element elementor-element-e6615ea elementor-widget elementor-widget-image\" data-id=\"e6615ea\" data-element_type=\"widget\" data-e-type=\"widget\" data-widget_type=\"image.default\">\n\t\t\t\t<div class=\"elementor-widget-container\">\n\t\t\t\t\t\t\t\t\t\t\t\t\t\t\t<img fetchpriority=\"high\" decoding=\"async\" width=\"5275\" height=\"1635\" src=\"https:\/\/www.alpro-medical.de\/wp-content\/uploads\/2024\/10\/Auswahl_nord.png\" class=\"attachment-full size-full wp-image-5411\" alt=\"\" srcset=\"https:\/\/www.alpro-medical.de\/wp-content\/uploads\/2024\/10\/Auswahl_nord.png 5275w, https:\/\/www.alpro-medical.de\/wp-content\/uploads\/2024\/10\/Auswahl_nord-300x93.png 300w, https:\/\/www.alpro-medical.de\/wp-content\/uploads\/2024\/10\/Auswahl_nord-645x200.png 645w, https:\/\/www.alpro-medical.de\/wp-content\/uploads\/2024\/10\/Auswahl_nord-768x238.png 768w, https:\/\/www.alpro-medical.de\/wp-content\/uploads\/2024\/10\/Auswahl_nord-1536x476.png 1536w, https:\/\/www.alpro-medical.de\/wp-content\/uploads\/2024\/10\/Auswahl_nord-2048x635.png 2048w, https:\/\/www.alpro-medical.de\/wp-content\/uploads\/2024\/10\/Auswahl_nord-18x6.png 18w\" sizes=\"(max-width: 5275px) 100vw, 5275px\" \/>\t\t\t\t\t\t\t\t\t\t\t\t\t\t\t<\/div>\n\t\t\t\t<\/div>\n\t\t\t\t\t<\/div>\n\t\t\t\t<\/div>\n\t\t\t\t\t<\/div>\n\t\t\t\t<\/div>\n\t\t<div class=\"elementor-element elementor-element-220e8fc e-flex e-con-boxed e-con e-parent\" data-id=\"220e8fc\" data-element_type=\"container\" data-e-type=\"container\">\n\t\t\t\t\t<div class=\"e-con-inner\">\n\t\t<div class=\"elementor-element elementor-element-4dfaf8d e-con-full animated-fast e-flex elementor-invisible e-con e-child\" data-id=\"4dfaf8d\" data-element_type=\"container\" data-e-type=\"container\" data-settings=\"{&quot;animation&quot;:&quot;fadeInLeft&quot;}\">\n\t\t\t\t<div class=\"elementor-element elementor-element-b467e68 elementor-widget elementor-widget-text-editor\" data-id=\"b467e68\" data-element_type=\"widget\" data-e-type=\"widget\" data-widget_type=\"text-editor.default\">\n\t\t\t\t<div class=\"elementor-widget-container\">\n\t\t\t\t\t\t\t\t\t<h2><span style=\"color: #ff0000;\">ALPRO \u2013 Kompetenz mit Tradition<\/span><\/h2><div><p>In den 70\/80-er Jahren w\u00e4chst das Umweltbewusstsein, der Wunsch nach alternativen Produkten die umweltfreundlicher sind wird immer gr\u00f6\u00dfer. Studien aus dieser Zeit belegen z. B. eine deutliche Belastung der Gew\u00e4sser mit Schwermetallen, darunter auch das in Zahnf\u00fcllungen enthaltene Quecksilber. Als Reaktion darauf werden u.a. Amalgamabscheider f\u00fcr Zahnarztpraxen zur Pflicht. Zu diesem Zeitpunkt gibt es aber kein befriedigendes, umweltfreundliches Reinigungsmittel f\u00fcr zahn\u00e4rztliche Absauganlagen welches sowohl hygienisch einwandfrei arbeitet als auch die \u00fcberm\u00e4\u00dfige Schaumbildung im Amalgamabscheider verhindert.<\/p><p>Hier beginnt die Erfolgsgeschichte von ALPRO, denn das junge Unternehmen, anfangs als ASTRO DENTAL-PRODUKTE GmbH firmierend, schafft es 1989, das erste 2-Phasen Pr\u00e4parat auf den Markt zu bringen, das durch den Wechsel von alkalischem zu saurem Milieu nicht nur besonders effektiv und ausgesprochen materialvertr\u00e4glich ist, sondern auch die Schaumbildung in Amalgamzentrifugen wirksam reduziert.<\/p><p>Erste\u00a0 Auftritte bei Dental-Messen machen das junge, innovative Unternehmen bekannt. Doch diese wachsende Bekanntheit f\u00fchrt zu einem Problem \u2013\u00a0 ein skandinavischer Arzneimittelgigant, legt Einspruch gegen die Namensgebung ein. Mit ALPRO \u2013 abgeleitet von alternative Produkte \u2013 besinnt man sich auf die Prinzipien der Firma und tr\u00e4gt seither die nachhaltige Grundidee mit Stolz direkt im Namen.<\/p><p>1995 erfolgt der Umzug aus den in Villingen gemieteten Objekten ins eigene, neu erbaute und moderne Betriebsgeb\u00e4ude in St. Georgen, das endlich gen\u00fcgend Platz f\u00fcr das st\u00e4ndig expandierende Unternehmen bietet.<\/p><p>2000 wird das Betriebsgeb\u00e4ude durch weitere Produktions- und Lagerhallen erweitert. Eine kontinuierlich steigende Nachfrage nach ALPRO-Produkten aus der \u00e4rztlichen Praxis im In- und Ausland erm\u00f6glicht diesen Schritt.<\/p><p>2006 entschlie\u00dft sich ALPRO zu einer Umfirmierung in ALPRO MEDICAL GMBH, um der Erweiterung der Gesch\u00e4ftsfelder \u00fcber den Dentalbereich hinaus Rechnung zu tragen.<\/p><p>2007 werden die neu gebauten Pavillons mit modernem Schulungsraum er\u00f6ffnet, um den gestiegenen Vertriebs- und Schulungsaktivit\u00e4ten gerecht zu werden. Ein gesundes Wachstum hat ALPRO zum Global Player gemacht. Mit \u00fcber 120 Partnern weltweit werden ALPRO-Produkte erfolgreich in 45 L\u00e4ndern vertrieben.<\/p><p>Durch die Lieferung von Konzentraten an Lizenznehmer im Nahen Osten, Fernost und Ozeanien werden vor Ort Produktionen erm\u00f6glicht, wodurch eine verbesserte Wertsch\u00f6pfung f\u00fcr den Lizenznehmer im eigenen Land entsteht.<\/p><p>2016 wird das Betriebsgeb\u00e4ude um eine weitere Produktionshalle erweitert.<\/p><p>2022 wird der Firmensitz um ein modernes Verwaltungsgeb\u00e4ude erg\u00e4nzt, das neben B\u00fcros f\u00fcr ca. 30 Personen auch ansprechende Bereiche f\u00fcr den informellen Austausch und f\u00fcr Besprechungen bereith\u00e4lt. Alpro hat sich sehr gut f\u00fcr die Zukunft aufgestellt, mit \u00fcber 90 Mitarbeitern, einer innovativen Forschungs- und Entwicklungsabteilung, einem schlagkr\u00e4ftigen Au\u00dfendienst und einer Produktion \u201emade in Germany\u201c.<\/p><\/div>\t\t\t\t\t\t\t\t<\/div>\n\t\t\t\t<\/div>\n\t\t\t\t<\/div>\n\t\t<div class=\"elementor-element elementor-element-3bbb9ea e-con-full e-flex e-con e-child\" data-id=\"3bbb9ea\" data-element_type=\"container\" data-e-type=\"container\">\n\t\t\t\t<div class=\"elementor-element elementor-element-d77e7b4 elementor-widget__width-initial elementor-nav-menu--dropdown-tablet elementor-nav-menu__text-align-aside elementor-nav-menu--toggle elementor-nav-menu--burger elementor-widget elementor-widget-nav-menu\" data-id=\"d77e7b4\" data-element_type=\"widget\" data-e-type=\"widget\" data-settings=\"{&quot;layout&quot;:&quot;vertical&quot;,&quot;submenu_icon&quot;:{&quot;value&quot;:&quot;&lt;i class=\\&quot;fas fa-caret-down\\&quot; aria-hidden=\\&quot;true\\&quot;&gt;&lt;\\\/i&gt;&quot;,&quot;library&quot;:&quot;fa-solid&quot;},&quot;toggle&quot;:&quot;burger&quot;}\" data-widget_type=\"nav-menu.default\">\n\t\t\t\t<div class=\"elementor-widget-container\">\n\t\t\t\t\t\t\t\t<nav aria-label=\"Men\u00fc\" class=\"elementor-nav-menu--main elementor-nav-menu__container elementor-nav-menu--layout-vertical e--pointer-background e--animation-fade\">\n\t\t\t\t<ul id=\"menu-1-d77e7b4\" class=\"elementor-nav-menu sm-vertical\"><li class=\"rot menu-item menu-item-type-post_type menu-item-object-page menu-item-640\"><a href=\"https:\/\/www.alpro-medical.de\/en\/firmenprofil\/\" class=\"elementor-item\">Firmenprofil<\/a><\/li>\n<li class=\"menu-item menu-item-type-post_type menu-item-object-page menu-item-641\"><a href=\"https:\/\/www.alpro-medical.de\/en\/zertifizierungen\/\" class=\"elementor-item\">Zertifizierungen<\/a><\/li>\n<li class=\"menu-item menu-item-type-post_type menu-item-object-page menu-item-642\"><a href=\"https:\/\/www.alpro-medical.de\/en\/geschichte\/\" class=\"elementor-item\">Geschichte<\/a><\/li>\n<li class=\"menu-item menu-item-type-post_type menu-item-object-page menu-item-643\"><a href=\"https:\/\/www.alpro-medical.de\/en\/agbs\/\" class=\"elementor-item\">AGBs<\/a><\/li>\n<\/ul>\t\t\t<\/nav>\n\t\t\t\t\t<div class=\"elementor-menu-toggle\" role=\"button\" tabindex=\"0\" aria-label=\"Menu Toggle\" aria-expanded=\"false\">\n\t\t\t<i aria-hidden=\"true\" role=\"presentation\" class=\"elementor-menu-toggle__icon--open eicon-menu-bar\"><\/i><i aria-hidden=\"true\" role=\"presentation\" class=\"elementor-menu-toggle__icon--close eicon-close\"><\/i>\t\t<\/div>\n\t\t\t\t\t<nav class=\"elementor-nav-menu--dropdown elementor-nav-menu__container\" aria-hidden=\"true\">\n\t\t\t\t<ul id=\"menu-2-d77e7b4\" class=\"elementor-nav-menu sm-vertical\"><li class=\"rot menu-item menu-item-type-post_type menu-item-object-page menu-item-640\"><a href=\"https:\/\/www.alpro-medical.de\/en\/firmenprofil\/\" class=\"elementor-item\" tabindex=\"-1\">Firmenprofil<\/a><\/li>\n<li class=\"menu-item menu-item-type-post_type menu-item-object-page menu-item-641\"><a href=\"https:\/\/www.alpro-medical.de\/en\/zertifizierungen\/\" class=\"elementor-item\" tabindex=\"-1\">Zertifizierungen<\/a><\/li>\n<li class=\"menu-item menu-item-type-post_type menu-item-object-page menu-item-642\"><a href=\"https:\/\/www.alpro-medical.de\/en\/geschichte\/\" class=\"elementor-item\" tabindex=\"-1\">Geschichte<\/a><\/li>\n<li class=\"menu-item menu-item-type-post_type menu-item-object-page menu-item-643\"><a href=\"https:\/\/www.alpro-medical.de\/en\/agbs\/\" class=\"elementor-item\" tabindex=\"-1\">AGBs<\/a><\/li>\n<\/ul>\t\t\t<\/nav>\n\t\t\t\t\t\t<\/div>\n\t\t\t\t<\/div>\n\t\t\t\t<\/div>\n\t\t\t\t\t<\/div>\n\t\t\t\t<\/div>\n\t\t\t\t<\/div>","protected":false},"excerpt":{"rendered":"<p>ALPRO \u2013 Kompetenz mit Tradition In den 70\/80-er Jahren w\u00e4chst das Umweltbewusstsein, der Wunsch nach alternativen Produkten die umweltfreundlicher sind wird immer gr\u00f6\u00dfer. Studien aus dieser Zeit belegen z. B. eine deutliche Belastung der Gew\u00e4sser mit Schwermetallen, darunter auch das in Zahnf\u00fcllungen enthaltene Quecksilber. Als Reaktion darauf werden u.a. Amalgamabscheider f\u00fcr Zahnarztpraxen zur Pflicht. Zu [&hellip;]<\/p>\n","protected":false},"author":1,"featured_media":0,"parent":0,"menu_order":0,"comment_status":"closed","ping_status":"closed","template":"","meta":{"footnotes":""},"class_list":["post-218","page","type-page","status-publish","hentry"],"_links":{"self":[{"href":"https:\/\/www.alpro-medical.de\/en\/wp-json\/wp\/v2\/pages\/218","targetHints":{"allow":["GET"]}}],"collection":[{"href":"https:\/\/www.alpro-medical.de\/en\/wp-json\/wp\/v2\/pages"}],"about":[{"href":"https:\/\/www.alpro-medical.de\/en\/wp-json\/wp\/v2\/types\/page"}],"author":[{"embeddable":true,"href":"https:\/\/www.alpro-medical.de\/en\/wp-json\/wp\/v2\/users\/1"}],"replies":[{"embeddable":true,"href":"https:\/\/www.alpro-medical.de\/en\/wp-json\/wp\/v2\/comments?post=218"}],"version-history":[{"count":40,"href":"https:\/\/www.alpro-medical.de\/en\/wp-json\/wp\/v2\/pages\/218\/revisions"}],"predecessor-version":[{"id":5469,"href":"https:\/\/www.alpro-medical.de\/en\/wp-json\/wp\/v2\/pages\/218\/revisions\/5469"}],"wp:attachment":[{"href":"https:\/\/www.alpro-medical.de\/en\/wp-json\/wp\/v2\/media?parent=218"}],"curies":[{"name":"wp","href":"https:\/\/api.w.org\/{rel}","templated":true}]}}