{"id":217,"date":"2023-07-07T12:09:48","date_gmt":"2023-07-07T10:09:48","guid":{"rendered":"https:\/\/alproarchiv.de\/?page_id=217"},"modified":"2025-10-01T10:06:55","modified_gmt":"2025-10-01T08:06:55","slug":"zertifizierungen","status":"publish","type":"page","link":"https:\/\/www.alpro-medical.de\/en\/zertifizierungen\/","title":{"rendered":"Zertifizierungen"},"content":{"rendered":"<div data-elementor-type=\"wp-page\" data-elementor-id=\"217\" class=\"elementor elementor-217\" data-elementor-post-type=\"page\">\n\t\t\t\t<div class=\"elementor-element elementor-element-5faa9e3 e-flex e-con-boxed e-con e-parent\" data-id=\"5faa9e3\" data-element_type=\"container\" data-e-type=\"container\" data-settings=\"{&quot;background_background&quot;:&quot;classic&quot;}\">\n\t\t\t\t\t<div class=\"e-con-inner\">\n\t\t<div class=\"elementor-element elementor-element-4fa81be e-flex e-con-boxed e-con e-child\" data-id=\"4fa81be\" data-element_type=\"container\" data-e-type=\"container\" data-settings=\"{&quot;background_background&quot;:&quot;classic&quot;}\">\n\t\t\t\t\t<div class=\"e-con-inner\">\n\t\t\t\t<div class=\"elementor-element elementor-element-8ec3193 elementor-widget elementor-widget-image\" data-id=\"8ec3193\" data-element_type=\"widget\" data-e-type=\"widget\" data-widget_type=\"image.default\">\n\t\t\t\t<div class=\"elementor-widget-container\">\n\t\t\t\t\t\t\t\t\t\t\t\t\t\t\t<img fetchpriority=\"high\" decoding=\"async\" width=\"3018\" height=\"805\" src=\"https:\/\/www.alpro-medical.de\/wp-content\/uploads\/2024\/10\/Auswahl_Ost.png\" class=\"attachment-full size-full wp-image-5400\" alt=\"\" srcset=\"https:\/\/www.alpro-medical.de\/wp-content\/uploads\/2024\/10\/Auswahl_Ost.png 3018w, https:\/\/www.alpro-medical.de\/wp-content\/uploads\/2024\/10\/Auswahl_Ost-300x80.png 300w, https:\/\/www.alpro-medical.de\/wp-content\/uploads\/2024\/10\/Auswahl_Ost-750x200.png 750w, https:\/\/www.alpro-medical.de\/wp-content\/uploads\/2024\/10\/Auswahl_Ost-768x205.png 768w, https:\/\/www.alpro-medical.de\/wp-content\/uploads\/2024\/10\/Auswahl_Ost-1536x410.png 1536w, https:\/\/www.alpro-medical.de\/wp-content\/uploads\/2024\/10\/Auswahl_Ost-2048x546.png 2048w, https:\/\/www.alpro-medical.de\/wp-content\/uploads\/2024\/10\/Auswahl_Ost-18x5.png 18w\" sizes=\"(max-width: 3018px) 100vw, 3018px\" \/>\t\t\t\t\t\t\t\t\t\t\t\t\t\t\t<\/div>\n\t\t\t\t<\/div>\n\t\t\t\t\t<\/div>\n\t\t\t\t<\/div>\n\t\t\t\t\t<\/div>\n\t\t\t\t<\/div>\n\t\t<div class=\"elementor-element elementor-element-446aae7 e-flex e-con-boxed e-con e-parent\" data-id=\"446aae7\" data-element_type=\"container\" data-e-type=\"container\" data-no-translation=\"\">\n\t\t\t\t\t<div class=\"e-con-inner\">\n\t\t<div class=\"elementor-element elementor-element-38fd21f e-con-full animated-fast e-flex elementor-invisible e-con e-child\" data-id=\"38fd21f\" data-element_type=\"container\" data-e-type=\"container\" data-settings=\"{&quot;animation&quot;:&quot;fadeInLeft&quot;}\">\n\t\t\t\t<div class=\"elementor-element elementor-element-bc59e18 elementor-widget elementor-widget-text-editor\" data-id=\"bc59e18\" data-element_type=\"widget\" data-e-type=\"widget\" data-widget_type=\"text-editor.default\">\n\t\t\t\t<div class=\"elementor-widget-container\">\n\t\t\t\t\t\t\t\t\t<h2><span style=\"color: #ff0000;\">Quality is our key to success: Our certifications<\/span><\/h2>\t\t\t\t\t\t\t\t<\/div>\n\t\t\t\t<\/div>\n\t\t\t\t<div class=\"elementor-element elementor-element-2e11f35 animated-fast elementor-invisible elementor-widget elementor-widget-wpfd_choose_file\" data-id=\"2e11f35\" data-element_type=\"widget\" data-e-type=\"widget\" data-settings=\"{&quot;_animation&quot;:&quot;fadeInLeft&quot;,&quot;_animation_delay&quot;:100}\" data-widget_type=\"wpfd_choose_file.default\">\n\t\t\t\t<div class=\"elementor-widget-container\">\n\t\t\t\t\t<div id=\"wpfd-elementor-single-file\" class=\"wpfd-elementor-single-file\"><div class=\"wpfd-single-file\">\n    <div class=\"wpfd-single-file--icon\">\n            <a href=\"\" alt=\"ALPRO ISO certificate 2024\" class=\"wpfdlightbox\">\n            <div class=\"wpfd-icon-placeholder\" style=\"background-image: url(&quot;https:\/\/www.alpro-medical.de\/wp-content\/uploads\/2024\/11\/ALPRO-ISO-certificate-2024-1-150x150.png&quot;);background-size: 100%;\"><\/div>\n        <\/a>\n    <\/div>\n\n    <div class=\"wpfd-single-file--details wpfd-file-content\">\n                        <h3 class=\"wpfd-file-content--title\"><a href=\"https:\/\/www.alpro-medical.de\/download\/27\/zertifikate\/3244\/alpro-iso-certificate-2024.pdf\" style=\"text-decoration: none\">ALPRO ISO certificate 2024<\/a><\/h3>\n        <div class=\"wpfd-file-content--meta\">\n                    <div>Dateigr\u00f6\u00dfe: 404.19 KB<\/div>\n                    <div>Erstellungsdatum: 17-11-2024<\/div>\n                    <div>Aktualisiert: 01-10-2025<\/div>\n                    <div>Aufrufe: 649<\/div>\n        <\/div>\n    <\/div>\n    <div class=\"wpfd-single-file--buttons\">\n                                <a href=\"https:\/\/www.alpro-medical.de\/download\/27\/zertifikate\/3244\/alpro-iso-certificate-2024.pdf\"  data-id=\"3244\" title=\"ALPRO ISO certificate 2024\" class=\"noLightbox wpfd_downloadlink wpfd-single-file-button wpfd-button-download\">\n                    <svg xmlns=\"http:\/\/www.w3.org\/2000\/svg\" width=\"38\" height=\"38\" viewbox=\"0 0 400 400\"><g fill=\"#ffffff\"><path d=\"M178 234v-7V24c0-13 8-23 20-24 13-1 24 9 24 23v212l5-5 44-44c10-9 23-10 32-1s9 23-1 33l-85 85c-10 11-23 11-34 0l-85-86a22 22 0 0123-37 28 28 0 018 6l44 44a31 31 0 013 5zM200 400H24c-17 0-28-14-23-29 3-10 12-15 23-16h351c12 0 21 6 24 16 5 15-6 29-22 29H200z\"\/><\/g><\/svg>\n                    <span>Herunterladen<\/span>\n                <\/a>\n    <\/div>\n<\/div>\n<\/div>\t\t\t\t<\/div>\n\t\t\t\t<\/div>\n\t\t\t\t<div class=\"elementor-element elementor-element-bda63a5 elementor-widget elementor-widget-wpfd_choose_file\" data-id=\"bda63a5\" data-element_type=\"widget\" data-e-type=\"widget\" data-widget_type=\"wpfd_choose_file.default\">\n\t\t\t\t<div class=\"elementor-widget-container\">\n\t\t\t\t\t<div id=\"wpfd-elementor-single-file\" class=\"wpfd-elementor-single-file\"><div class=\"wpfd-single-file\">\n    <div class=\"wpfd-single-file--icon\">\n            <a href=\"\" alt=\"EG- certificate 2019\" class=\"wpfdlightbox\">\n            <div class=\"wpfd-icon-placeholder\" style=\"background-image: url(&quot;https:\/\/www.alpro-medical.de\/wp-content\/uploads\/2024\/11\/EG-certificate-2019-1-150x150.png&quot;);background-size: 100%;\"><\/div>\n        <\/a>\n    <\/div>\n\n    <div class=\"wpfd-single-file--details wpfd-file-content\">\n                        <h3 class=\"wpfd-file-content--title\"><a href=\"https:\/\/www.alpro-medical.de\/download\/27\/zertifikate\/3245\/eg-certificate-2019.pdf\" style=\"text-decoration: none\">EG- certificate 2019<\/a><\/h3>\n                <p class=\"wpfd-file-content--description\">\n                    CE 0123: Labeling for products according to MDD certificate (incl. Confirmation Letter)\n                <\/p>\n        <div class=\"wpfd-file-content--meta\">\n                    <div>Dateigr\u00f6\u00dfe: 813.23 KB<\/div>\n                    <div>Erstellungsdatum: 17-11-2024<\/div>\n                    <div>Aktualisiert: 01-10-2025<\/div>\n                    <div>Aufrufe: 536<\/div>\n        <\/div>\n    <\/div>\n    <div class=\"wpfd-single-file--buttons\">\n                                <a href=\"https:\/\/www.alpro-medical.de\/download\/27\/zertifikate\/3245\/eg-certificate-2019.pdf\"  data-id=\"3245\" title=\"CE 0123: Labeling for products according to MDD certificate (incl. Confirmation Letter)\" class=\"noLightbox wpfd_downloadlink wpfd-single-file-button wpfd-button-download\">\n                    <svg xmlns=\"http:\/\/www.w3.org\/2000\/svg\" width=\"38\" height=\"38\" viewbox=\"0 0 400 400\"><g fill=\"#ffffff\"><path d=\"M178 234v-7V24c0-13 8-23 20-24 13-1 24 9 24 23v212l5-5 44-44c10-9 23-10 32-1s9 23-1 33l-85 85c-10 11-23 11-34 0l-85-86a22 22 0 0123-37 28 28 0 018 6l44 44a31 31 0 013 5zM200 400H24c-17 0-28-14-23-29 3-10 12-15 23-16h351c12 0 21 6 24 16 5 15-6 29-22 29H200z\"\/><\/g><\/svg>\n                    <span>Herunterladen<\/span>\n                <\/a>\n    <\/div>\n<\/div>\n<\/div>\t\t\t\t<\/div>\n\t\t\t\t<\/div>\n\t\t\t\t<div class=\"elementor-element elementor-element-b3473b8 elementor-widget elementor-widget-wpfd_choose_file\" data-id=\"b3473b8\" data-element_type=\"widget\" data-e-type=\"widget\" data-widget_type=\"wpfd_choose_file.default\">\n\t\t\t\t<div class=\"elementor-widget-container\">\n\t\t\t\t\t<div id=\"wpfd-elementor-single-file\" class=\"wpfd-elementor-single-file\"><div class=\"wpfd-single-file\">\n    <div class=\"wpfd-single-file--icon\">\n            <a href=\"\" alt=\"EG certificate 2025\" class=\"wpfdlightbox\">\n            <div class=\"wpfd-icon-placeholder\" style=\"background-image: url(&quot;https:\/\/www.alpro-medical.de\/wp-content\/uploads\/2025\/10\/gggggh-150x150.png&quot;);background-size: 100%;\"><\/div>\n        <\/a>\n    <\/div>\n\n    <div class=\"wpfd-single-file--details wpfd-file-content\">\n                        <h3 class=\"wpfd-file-content--title\"><a href=\"https:\/\/www.alpro-medical.de\/download\/27\/zertifikate\/5729\/eg-certificate-2025.pdf\" style=\"text-decoration: none\">EG certificate 2025<\/a><\/h3>\n                <p class=\"wpfd-file-content--description\">\n                    CE 0297: Labeling for products according to MDR certificate\n                <\/p>\n        <div class=\"wpfd-file-content--meta\">\n                    <div>Dateigr\u00f6\u00dfe: 159.67 KB<\/div>\n                    <div>Erstellungsdatum: 01-10-2025<\/div>\n                    <div>Aktualisiert: 01-10-2025<\/div>\n                    <div>Aufrufe: 112<\/div>\n        <\/div>\n    <\/div>\n    <div class=\"wpfd-single-file--buttons\">\n                                <a href=\"https:\/\/www.alpro-medical.de\/download\/27\/zertifikate\/5729\/eg-certificate-2025.pdf\"  data-id=\"5729\" title=\"CE 0297: Labeling for products according to MDR certificate\" class=\"noLightbox wpfd_downloadlink wpfd-single-file-button wpfd-button-download\">\n                    <svg xmlns=\"http:\/\/www.w3.org\/2000\/svg\" width=\"38\" height=\"38\" viewbox=\"0 0 400 400\"><g fill=\"#ffffff\"><path d=\"M178 234v-7V24c0-13 8-23 20-24 13-1 24 9 24 23v212l5-5 44-44c10-9 23-10 32-1s9 23-1 33l-85 85c-10 11-23 11-34 0l-85-86a22 22 0 0123-37 28 28 0 018 6l44 44a31 31 0 013 5zM200 400H24c-17 0-28-14-23-29 3-10 12-15 23-16h351c12 0 21 6 24 16 5 15-6 29-22 29H200z\"\/><\/g><\/svg>\n                    <span>Herunterladen<\/span>\n                <\/a>\n    <\/div>\n<\/div>\n<\/div>\t\t\t\t<\/div>\n\t\t\t\t<\/div>\n\t\t\t\t<\/div>\n\t\t<div class=\"elementor-element elementor-element-f21428c e-con-full e-flex e-con e-child\" data-id=\"f21428c\" data-element_type=\"container\" data-e-type=\"container\">\n\t\t\t\t<div class=\"elementor-element elementor-element-936d27b elementor-widget__width-initial elementor-nav-menu--dropdown-tablet elementor-nav-menu__text-align-aside elementor-nav-menu--toggle elementor-nav-menu--burger elementor-widget elementor-widget-nav-menu\" data-id=\"936d27b\" data-element_type=\"widget\" data-e-type=\"widget\" data-settings=\"{&quot;layout&quot;:&quot;vertical&quot;,&quot;submenu_icon&quot;:{&quot;value&quot;:&quot;&lt;i class=\\&quot;fas fa-caret-down\\&quot; aria-hidden=\\&quot;true\\&quot;&gt;&lt;\\\/i&gt;&quot;,&quot;library&quot;:&quot;fa-solid&quot;},&quot;toggle&quot;:&quot;burger&quot;}\" data-widget_type=\"nav-menu.default\">\n\t\t\t\t<div class=\"elementor-widget-container\">\n\t\t\t\t\t\t\t\t<nav aria-label=\"Men\u00fc\" class=\"elementor-nav-menu--main elementor-nav-menu__container elementor-nav-menu--layout-vertical e--pointer-background e--animation-fade\">\n\t\t\t\t<ul id=\"menu-1-936d27b\" class=\"elementor-nav-menu sm-vertical\"><li class=\"rot menu-item menu-item-type-post_type menu-item-object-page menu-item-3227\"><a href=\"https:\/\/www.alpro-medical.de\/en\/firmenprofil\/\" class=\"elementor-item\">Company profile<\/a><\/li>\n<li class=\"menu-item menu-item-type-post_type menu-item-object-page menu-item-3228\"><a href=\"https:\/\/www.alpro-medical.de\/en\/zertifizierungen\/\" class=\"elementor-item\">Certifications<\/a><\/li>\n<\/ul>\t\t\t<\/nav>\n\t\t\t\t\t<div class=\"elementor-menu-toggle\" role=\"button\" tabindex=\"0\" aria-label=\"Menu Toggle\" aria-expanded=\"false\">\n\t\t\t<i aria-hidden=\"true\" role=\"presentation\" class=\"elementor-menu-toggle__icon--open eicon-menu-bar\"><\/i><i aria-hidden=\"true\" role=\"presentation\" class=\"elementor-menu-toggle__icon--close eicon-close\"><\/i>\t\t<\/div>\n\t\t\t\t\t<nav class=\"elementor-nav-menu--dropdown elementor-nav-menu__container\" aria-hidden=\"true\">\n\t\t\t\t<ul id=\"menu-2-936d27b\" class=\"elementor-nav-menu sm-vertical\"><li class=\"rot menu-item menu-item-type-post_type menu-item-object-page menu-item-3227\"><a href=\"https:\/\/www.alpro-medical.de\/en\/firmenprofil\/\" class=\"elementor-item\" tabindex=\"-1\">Company profile<\/a><\/li>\n<li class=\"menu-item menu-item-type-post_type menu-item-object-page menu-item-3228\"><a href=\"https:\/\/www.alpro-medical.de\/en\/zertifizierungen\/\" class=\"elementor-item\" tabindex=\"-1\">Certifications<\/a><\/li>\n<\/ul>\t\t\t<\/nav>\n\t\t\t\t\t\t<\/div>\n\t\t\t\t<\/div>\n\t\t\t\t<\/div>\n\t\t\t\t\t<\/div>\n\t\t\t\t<\/div>\n\t\t\t\t<\/div>","protected":false},"excerpt":{"rendered":"<p>Qualit\u00e4t f\u00fchrt zum Erfolg: Unsere Zertifizierungen ALPRO ISO Zertifikat 2024 Dateigr\u00f6\u00dfe: 165.52 KB Erstellungsdatum: 17-11-2024 Aktualisiert: 01-10-2025 Aufrufe: 747 Herunterladen Vorschau EG-Bescheinigung 2019 CE 0123: Kennzeichnung f\u00fcr Produkte gem. MDD-Zertifikat (inkl. Confirmation Letter) Dateigr\u00f6\u00dfe: 836.52 KB Erstellungsdatum: 17-11-2024 Aktualisiert: 01-10-2025 Aufrufe: 652 Herunterladen Vorschau EG-Bescheinigung 2025 CE 0297: Kennzeichnung f\u00fcr Produkte gem. MDR-Zertifikat Dateigr\u00f6\u00dfe: 168.28 [&hellip;]<\/p>\n","protected":false},"author":1,"featured_media":0,"parent":0,"menu_order":0,"comment_status":"closed","ping_status":"closed","template":"","meta":{"footnotes":""},"class_list":["post-217","page","type-page","status-publish","hentry"],"_links":{"self":[{"href":"https:\/\/www.alpro-medical.de\/en\/wp-json\/wp\/v2\/pages\/217","targetHints":{"allow":["GET"]}}],"collection":[{"href":"https:\/\/www.alpro-medical.de\/en\/wp-json\/wp\/v2\/pages"}],"about":[{"href":"https:\/\/www.alpro-medical.de\/en\/wp-json\/wp\/v2\/types\/page"}],"author":[{"embeddable":true,"href":"https:\/\/www.alpro-medical.de\/en\/wp-json\/wp\/v2\/users\/1"}],"replies":[{"embeddable":true,"href":"https:\/\/www.alpro-medical.de\/en\/wp-json\/wp\/v2\/comments?post=217"}],"version-history":[{"count":49,"href":"https:\/\/www.alpro-medical.de\/en\/wp-json\/wp\/v2\/pages\/217\/revisions"}],"predecessor-version":[{"id":5733,"href":"https:\/\/www.alpro-medical.de\/en\/wp-json\/wp\/v2\/pages\/217\/revisions\/5733"}],"wp:attachment":[{"href":"https:\/\/www.alpro-medical.de\/en\/wp-json\/wp\/v2\/media?parent=217"}],"curies":[{"name":"wp","href":"https:\/\/api.w.org\/{rel}","templated":true}]}}