{"id":216,"date":"2023-07-07T12:09:48","date_gmt":"2023-07-07T10:09:48","guid":{"rendered":"https:\/\/alproarchiv.de\/?page_id=216"},"modified":"2024-11-26T08:15:25","modified_gmt":"2024-11-26T07:15:25","slug":"firmenprofil","status":"publish","type":"page","link":"https:\/\/www.alpro-medical.de\/en\/firmenprofil\/","title":{"rendered":"Firmenprofil"},"content":{"rendered":"<div data-elementor-type=\"wp-page\" data-elementor-id=\"216\" class=\"elementor elementor-216\" data-elementor-post-type=\"page\">\n\t\t\t\t<div class=\"elementor-element elementor-element-17ef4a1e e-flex e-con-boxed e-con e-parent\" data-id=\"17ef4a1e\" data-element_type=\"container\" data-e-type=\"container\" data-settings=\"{&quot;background_background&quot;:&quot;classic&quot;}\">\n\t\t\t\t\t<div class=\"e-con-inner\">\n\t\t<div class=\"elementor-element elementor-element-616cf1fe e-flex e-con-boxed e-con e-child\" data-id=\"616cf1fe\" data-element_type=\"container\" data-e-type=\"container\" data-settings=\"{&quot;background_background&quot;:&quot;classic&quot;}\">\n\t\t\t\t\t<div class=\"e-con-inner\">\n\t\t\t\t<div class=\"elementor-element elementor-element-875f79c elementor-widget elementor-widget-image\" data-id=\"875f79c\" data-element_type=\"widget\" data-e-type=\"widget\" data-widget_type=\"image.default\">\n\t\t\t\t<div class=\"elementor-widget-container\">\n\t\t\t\t\t\t\t\t\t\t\t\t\t\t\t<img fetchpriority=\"high\" decoding=\"async\" width=\"3018\" height=\"805\" src=\"https:\/\/www.alpro-medical.de\/wp-content\/uploads\/2024\/10\/Auswahl_Ost.png\" class=\"attachment-full size-full wp-image-5400\" alt=\"\" srcset=\"https:\/\/www.alpro-medical.de\/wp-content\/uploads\/2024\/10\/Auswahl_Ost.png 3018w, https:\/\/www.alpro-medical.de\/wp-content\/uploads\/2024\/10\/Auswahl_Ost-300x80.png 300w, https:\/\/www.alpro-medical.de\/wp-content\/uploads\/2024\/10\/Auswahl_Ost-750x200.png 750w, https:\/\/www.alpro-medical.de\/wp-content\/uploads\/2024\/10\/Auswahl_Ost-768x205.png 768w, https:\/\/www.alpro-medical.de\/wp-content\/uploads\/2024\/10\/Auswahl_Ost-1536x410.png 1536w, https:\/\/www.alpro-medical.de\/wp-content\/uploads\/2024\/10\/Auswahl_Ost-2048x546.png 2048w, https:\/\/www.alpro-medical.de\/wp-content\/uploads\/2024\/10\/Auswahl_Ost-18x5.png 18w\" sizes=\"(max-width: 3018px) 100vw, 3018px\" \/>\t\t\t\t\t\t\t\t\t\t\t\t\t\t\t<\/div>\n\t\t\t\t<\/div>\n\t\t\t\t\t<\/div>\n\t\t\t\t<\/div>\n\t\t\t\t\t<\/div>\n\t\t\t\t<\/div>\n\t\t<div class=\"elementor-element elementor-element-7534433 e-flex e-con-boxed e-con e-parent\" data-id=\"7534433\" data-element_type=\"container\" data-e-type=\"container\" data-no-translation=\"\">\n\t\t\t\t\t<div class=\"e-con-inner\">\n\t\t<div class=\"elementor-element elementor-element-8dcfa8f e-con-full animated-fast e-flex elementor-invisible e-con e-child\" data-id=\"8dcfa8f\" data-element_type=\"container\" data-e-type=\"container\" data-settings=\"{&quot;animation&quot;:&quot;fadeInLeft&quot;}\">\n\t\t\t\t<div class=\"elementor-element elementor-element-6d8f6b2 elementor-widget__width-initial elementor-invisible elementor-widget elementor-widget-text-editor\" data-id=\"6d8f6b2\" data-element_type=\"widget\" data-e-type=\"widget\" data-settings=\"{&quot;_animation&quot;:&quot;fadeIn&quot;}\" data-widget_type=\"text-editor.default\">\n\t\t\t\t<div class=\"elementor-widget-container\">\n\t\t\t\t\t\t\t\t\t<h2><span style=\"color: #ff0000;\">Recognizing needs \u2013 Developing solutions<\/span><\/h2><p><strong><span class=\"caps\">ALPRO<\/span><\/strong> attaches great importance to environmental friendliness, aldehyde- and phenol-free products are therefore a matter of course for us. These include the products MinutenSpray-<em>classic\/ <\/em>MinutenWipes variants for quick surface disinfection, which have been proven in clinical use for many years, as well as the universally applicable products BIB forte <em>eco\u00a0<\/em>(drill and instrument bath) for the disinfection and cleaning of all instruments, or the innovative, gentle alcohol-, aldehyde- and QAC-free surface disinfection PlastiSept<em> eco<\/em>\/ Wipes variants for all plastic, synthetic and metal surfaces. Sustainability is also priority in the building technology of the company headquarters, e. g. through the use of solar power and geothermal energy. Here, <strong>ALPRO<\/strong> lives up to its social responsibility for an emission-free production.<\/p><p>\u00a0<\/p><p>Through constant research and further development of our established products, we are also able to offer flexible and individual solutions for complex issues such as treatment water hygiene. With our BRS (Biofilm-Removing-System) and Alpron\/ Bilpron, it is possible to meet the requirements of DIN EN ISO 16954:2015 as well as to achieve drinking water quality in dental treatment units. In order to maintain this standard, which is necessary for the dental practice, we can provide two different procedural water decontamination systems for connection to the dental treatment unit, Weekend-System II and ALPRO-BCS (BottleCareSystem).<\/p><p>\u00a0<\/p><p>Another highlight of our product range are the cleaning and disinfection solutions of the WL-line for manual processing of handpieces and turbines. The device-friendly solutions comply with the highest cleaning (DIN EN ISO 15883) and disinfection requirements and have also been tested and approved by a wide range of manufactures.<\/p>\t\t\t\t\t\t\t\t<\/div>\n\t\t\t\t<\/div>\n\t\t\t\t<\/div>\n\t\t<div class=\"elementor-element elementor-element-5eeb197 e-con-full e-flex e-con e-child\" data-id=\"5eeb197\" data-element_type=\"container\" data-e-type=\"container\">\n\t\t\t\t<div class=\"elementor-element elementor-element-09f3a27 elementor-widget__width-initial elementor-nav-menu--dropdown-tablet elementor-nav-menu__text-align-aside elementor-nav-menu--toggle elementor-nav-menu--burger elementor-widget elementor-widget-nav-menu\" data-id=\"09f3a27\" data-element_type=\"widget\" data-e-type=\"widget\" data-settings=\"{&quot;layout&quot;:&quot;vertical&quot;,&quot;submenu_icon&quot;:{&quot;value&quot;:&quot;&lt;i class=\\&quot;fas fa-caret-down\\&quot; aria-hidden=\\&quot;true\\&quot;&gt;&lt;\\\/i&gt;&quot;,&quot;library&quot;:&quot;fa-solid&quot;},&quot;toggle&quot;:&quot;burger&quot;}\" data-widget_type=\"nav-menu.default\">\n\t\t\t\t<div class=\"elementor-widget-container\">\n\t\t\t\t\t\t\t\t<nav aria-label=\"Men\u00fc\" class=\"elementor-nav-menu--main elementor-nav-menu__container elementor-nav-menu--layout-vertical e--pointer-background e--animation-fade\">\n\t\t\t\t<ul id=\"menu-1-09f3a27\" class=\"elementor-nav-menu sm-vertical\"><li class=\"rot menu-item menu-item-type-post_type menu-item-object-page menu-item-3227\"><a href=\"https:\/\/www.alpro-medical.de\/en\/firmenprofil\/\" class=\"elementor-item\">Company profile<\/a><\/li>\n<li class=\"menu-item menu-item-type-post_type menu-item-object-page menu-item-3228\"><a href=\"https:\/\/www.alpro-medical.de\/en\/zertifizierungen\/\" class=\"elementor-item\">Certifications<\/a><\/li>\n<\/ul>\t\t\t<\/nav>\n\t\t\t\t\t<div class=\"elementor-menu-toggle\" role=\"button\" tabindex=\"0\" aria-label=\"Menu Toggle\" aria-expanded=\"false\">\n\t\t\t<i aria-hidden=\"true\" role=\"presentation\" class=\"elementor-menu-toggle__icon--open eicon-menu-bar\"><\/i><i aria-hidden=\"true\" role=\"presentation\" class=\"elementor-menu-toggle__icon--close eicon-close\"><\/i>\t\t<\/div>\n\t\t\t\t\t<nav class=\"elementor-nav-menu--dropdown elementor-nav-menu__container\" aria-hidden=\"true\">\n\t\t\t\t<ul id=\"menu-2-09f3a27\" class=\"elementor-nav-menu sm-vertical\"><li class=\"rot menu-item menu-item-type-post_type menu-item-object-page menu-item-3227\"><a href=\"https:\/\/www.alpro-medical.de\/en\/firmenprofil\/\" class=\"elementor-item\" tabindex=\"-1\">Company profile<\/a><\/li>\n<li class=\"menu-item menu-item-type-post_type menu-item-object-page menu-item-3228\"><a href=\"https:\/\/www.alpro-medical.de\/en\/zertifizierungen\/\" class=\"elementor-item\" tabindex=\"-1\">Certifications<\/a><\/li>\n<\/ul>\t\t\t<\/nav>\n\t\t\t\t\t\t<\/div>\n\t\t\t\t<\/div>\n\t\t\t\t<\/div>\n\t\t\t\t\t<\/div>\n\t\t\t\t<\/div>\n\t\t\t\t<\/div>","protected":false},"excerpt":{"rendered":"<p>Bed\u00fcrfnisse erkennen \u2013 L\u00f6sungen erarbeiten Die Bed\u00fcrfnisse im Markt der Anwender zu erkennen und diese l\u00f6sungsorientiert anzugehen, wird seit 1989 als Leitlinie von\u00a0ALPRO\u00a0praktiziert. Hierbei ist\u00a0ALPRO\u00a0in besonders engem Kontakt mit verschiedenen Herstellern aus den Bereichen der Dental- und Medizintechnikbranche, wie z.B. mit Dentsply Sirona, KaVo und Komet. Als OEM-Produzent versteht sich\u00a0ALPRO als Partner der Industrie. Das [&hellip;]<\/p>\n","protected":false},"author":1,"featured_media":0,"parent":0,"menu_order":0,"comment_status":"closed","ping_status":"closed","template":"","meta":{"footnotes":""},"class_list":["post-216","page","type-page","status-publish","hentry"],"_links":{"self":[{"href":"https:\/\/www.alpro-medical.de\/en\/wp-json\/wp\/v2\/pages\/216","targetHints":{"allow":["GET"]}}],"collection":[{"href":"https:\/\/www.alpro-medical.de\/en\/wp-json\/wp\/v2\/pages"}],"about":[{"href":"https:\/\/www.alpro-medical.de\/en\/wp-json\/wp\/v2\/types\/page"}],"author":[{"embeddable":true,"href":"https:\/\/www.alpro-medical.de\/en\/wp-json\/wp\/v2\/users\/1"}],"replies":[{"embeddable":true,"href":"https:\/\/www.alpro-medical.de\/en\/wp-json\/wp\/v2\/comments?post=216"}],"version-history":[{"count":125,"href":"https:\/\/www.alpro-medical.de\/en\/wp-json\/wp\/v2\/pages\/216\/revisions"}],"predecessor-version":[{"id":5550,"href":"https:\/\/www.alpro-medical.de\/en\/wp-json\/wp\/v2\/pages\/216\/revisions\/5550"}],"wp:attachment":[{"href":"https:\/\/www.alpro-medical.de\/en\/wp-json\/wp\/v2\/media?parent=216"}],"curies":[{"name":"wp","href":"https:\/\/api.w.org\/{rel}","templated":true}]}}