{"id":1905,"date":"2023-07-19T17:18:43","date_gmt":"2023-07-19T15:18:43","guid":{"rendered":"https:\/\/alproarchiv.de\/?page_id=1905"},"modified":"2023-08-23T11:39:40","modified_gmt":"2023-08-23T09:39:40","slug":"endo","status":"publish","type":"page","link":"https:\/\/www.alpro-medical.de\/en\/endo\/","title":{"rendered":"Endo"},"content":{"rendered":"<div data-elementor-type=\"wp-page\" data-elementor-id=\"1905\" class=\"elementor elementor-1905\" data-elementor-post-type=\"page\">\n\t\t\t\t<div class=\"elementor-element elementor-element-7452d03 e-flex e-con-boxed e-con e-parent\" data-id=\"7452d03\" data-element_type=\"container\" data-e-type=\"container\" data-settings=\"{&quot;background_background&quot;:&quot;classic&quot;}\">\n\t\t\t\t\t<div class=\"e-con-inner\">\n\t\t\t\t<div class=\"elementor-element elementor-element-42c0e1ea elementor-widget elementor-widget-image\" data-id=\"42c0e1ea\" data-element_type=\"widget\" data-e-type=\"widget\" data-widget_type=\"image.default\">\n\t\t\t\t<div class=\"elementor-widget-container\">\n\t\t\t\t\t\t\t\t\t\t\t\t\t\t\t<img fetchpriority=\"high\" decoding=\"async\" width=\"800\" height=\"146\" src=\"https:\/\/www.alpro-medical.de\/wp-content\/uploads\/2023\/07\/header_produktsortiment.jpg\" class=\"attachment-large size-large wp-image-1144\" alt=\"\" srcset=\"https:\/\/www.alpro-medical.de\/wp-content\/uploads\/2023\/07\/header_produktsortiment.jpg 930w, https:\/\/www.alpro-medical.de\/wp-content\/uploads\/2023\/07\/header_produktsortiment-300x55.jpg 300w, https:\/\/www.alpro-medical.de\/wp-content\/uploads\/2023\/07\/header_produktsortiment-768x140.jpg 768w\" sizes=\"(max-width: 800px) 100vw, 800px\" \/>\t\t\t\t\t\t\t\t\t\t\t\t\t\t\t<\/div>\n\t\t\t\t<\/div>\n\t\t\t\t\t<\/div>\n\t\t\t\t<\/div>\n\t\t<div class=\"elementor-element elementor-element-673f1bf8 e-flex e-con-boxed e-con e-parent\" data-id=\"673f1bf8\" data-element_type=\"container\" data-e-type=\"container\">\n\t\t\t\t\t<div class=\"e-con-inner\">\n\t\t<div class=\"elementor-element elementor-element-39716962 e-con-full e-flex e-con e-parent\" data-id=\"39716962\" data-element_type=\"container\" data-e-type=\"container\">\n\t\t\t\t<div class=\"elementor-element elementor-element-4eaf5a2a elementor-widget elementor-widget-text-editor\" data-id=\"4eaf5a2a\" data-element_type=\"widget\" data-e-type=\"widget\" data-widget_type=\"text-editor.default\">\n\t\t\t\t<div class=\"elementor-widget-container\">\n\t\t\t\t\t\t\t\t\t<h2><span style=\"color: #ff0000;\">proCheck Endo &#8211; Proteinnachweis-Test<\/span><\/h2><div><div class=\"floatRight\"><img decoding=\"async\" class=\"alignright\" title=\"\" src=\"https:\/\/www.alpro-medical.de\/index.php?rex_resize=200a__3086_procheck_endo.jpg\" alt=\"\" \/><\/div><h5><span style=\"color: #ff0000;\">Set zur Restproteinbestimmung<\/span><\/h5><p>f\u00fcr die periodische Leistungs\u00fcberpr\u00fcfung manueller wie maschineller Aufbereitungsprozesse von starren und flexiblen Endoskopen.<\/p><h5><span style=\"color: #ff0000;\">Inhalt<\/span><\/h5><ul><li>1 x Luer-Lock-Adapter<\/li><li>1 x Universaladapter<\/li><li>1 x Sp\u00fcll\u00f6sung, 100 ml f\u00fcr 1 Endoskop<\/li><li>1 \u00d7 30 ml Spritze (leer, steril verpackt)<\/li><li>1 x Kan\u00fcle P-Luer 0,9 mm (verpackt)<\/li><li>2\/3 \u00d7 30 ml Leer-Beh\u00e4lter (etikettiert) zur Aufnahme der Proteinbestimmungsl\u00f6sung<\/li><li>2\/3 x Untersuchungsantrag (Erfassungsbogen)<\/li><li>1 x Begleitschreiben, adressierter Umschlag<\/li><li>1 x Gebrauchs-\/Arbeitsanweisung<\/li><li>1 x Bestellkarte<\/li><li>1 x Versandtasche f\u00fcr den Postversand<\/li><\/ul><\/div><h5><span style=\"color: #ff0000;\">Lieferformen<\/span><\/h5><div><p><strong>proCheck Endo<\/strong><\/p><ul><li><strong><span class=\"caps\">REF<\/span> 3086<\/strong> \u2013 proCheck Endo<\/li><\/ul><\/div>\t\t\t\t\t\t\t\t<\/div>\n\t\t\t\t<\/div>\n\t\t\t\t<\/div>\n\t\t<div class=\"elementor-element elementor-element-35ccc37b e-con-full e-flex e-con e-parent\" data-id=\"35ccc37b\" data-element_type=\"container\" data-e-type=\"container\">\n\t\t\t\t<div class=\"elementor-element elementor-element-357673fe elementor-nav-menu--dropdown-tablet elementor-nav-menu__text-align-aside elementor-nav-menu--toggle elementor-nav-menu--burger elementor-widget elementor-widget-nav-menu\" data-id=\"357673fe\" data-element_type=\"widget\" data-e-type=\"widget\" data-settings=\"{&quot;layout&quot;:&quot;vertical&quot;,&quot;submenu_icon&quot;:{&quot;value&quot;:&quot;&lt;i class=\\&quot;fas fa-caret-down\\&quot; aria-hidden=\\&quot;true\\&quot;&gt;&lt;\\\/i&gt;&quot;,&quot;library&quot;:&quot;fa-solid&quot;},&quot;toggle&quot;:&quot;burger&quot;}\" data-widget_type=\"nav-menu.default\">\n\t\t\t\t<div class=\"elementor-widget-container\">\n\t\t\t\t\t\t\t\t<nav aria-label=\"Menu\" class=\"elementor-nav-menu--main elementor-nav-menu__container elementor-nav-menu--layout-vertical e--pointer-underline e--animation-fade\">\n\t\t\t\t<ul id=\"menu-1-357673fe\" class=\"elementor-nav-menu sm-vertical\"><li class=\"hellrosa menu-item menu-item-type-post_type menu-item-object-page menu-item-1693\"><a href=\"https:\/\/www.alpro-medical.de\/en\/mundspuelung\/\" class=\"elementor-item\">Oral antisepsis<\/a><\/li>\n<li class=\"dunkelrosa menu-item menu-item-type-post_type menu-item-object-page menu-item-1694\"><a href=\"https:\/\/www.alpro-medical.de\/en\/haendereinigung-desinfektion-und-pflege\/\" class=\"elementor-item\">Cleaning, disinfection and care of hands<\/a><\/li>\n<li class=\"hellblau menu-item menu-item-type-post_type menu-item-object-page menu-item-1695\"><a href=\"https:\/\/www.alpro-medical.de\/en\/reinigung\/\" class=\"elementor-item\">Cleaning<\/a><\/li>\n<li class=\"dunkelgruen menu-item menu-item-type-post_type menu-item-object-page menu-item-1696\"><a href=\"https:\/\/www.alpro-medical.de\/en\/oberflaechenreinigung-und-desinfektion\/\" class=\"elementor-item\">Cleaning and disinfection of surfaces<\/a><\/li>\n<li class=\"dunkelblau menu-item menu-item-type-post_type menu-item-object-page menu-item-1697\"><a href=\"https:\/\/www.alpro-medical.de\/en\/manuelle-instrumentenreinigung-und-desinfektion\/\" class=\"elementor-item\">Manual cleaning and disinfection of instruments<\/a><\/li>\n<li class=\"dunkelblau menu-item menu-item-type-post_type menu-item-object-page menu-item-1698\"><a href=\"https:\/\/www.alpro-medical.de\/en\/maschinelle-aufbereitung\/\" class=\"elementor-item\">Mechanical processing<\/a><\/li>\n<li class=\"gelb menu-item menu-item-type-post_type menu-item-object-page menu-item-1699\"><a href=\"https:\/\/www.alpro-medical.de\/en\/absauganlagenreinigung\/\" class=\"elementor-item\">Cleaning of dental aspiration systems<\/a><\/li>\n<li class=\"gelb menu-item menu-item-type-post_type menu-item-object-page menu-item-1700\"><a href=\"https:\/\/www.alpro-medical.de\/en\/abdruckdesinfektion\/\" class=\"elementor-item\">Disinfection of impressions<\/a><\/li>\n<li class=\"gelb menu-item menu-item-type-post_type menu-item-object-page menu-item-1701\"><a href=\"https:\/\/www.alpro-medical.de\/en\/reinigung-spezieller-anwendungen\/\" class=\"elementor-item\">Cleaning for special applications<\/a><\/li>\n<li class=\"blau menu-item menu-item-type-post_type menu-item-object-page menu-item-1702\"><a href=\"https:\/\/www.alpro-medical.de\/en\/betriebswasserentkeimung\/\" class=\"elementor-item\">Decontamination of treatment water<\/a><\/li>\n<li class=\"blau menu-item menu-item-type-post_type menu-item-object-page menu-item-1703\"><a href=\"https:\/\/www.alpro-medical.de\/en\/geraete-zur-betriebswasserversorgung-und-entkeimung\/\" class=\"elementor-item\">Devices for treatment water supply and decontamination<\/a><\/li>\n<li class=\"grau menu-item menu-item-type-post_type menu-item-object-page menu-item-1704\"><a href=\"https:\/\/www.alpro-medical.de\/en\/zubehoer\/\" class=\"elementor-item\">Accessories<\/a><\/li>\n<li class=\"rot_fest menu-item menu-item-type-post_type menu-item-object-page menu-item-1705\"><a href=\"https:\/\/www.alpro-medical.de\/en\/restproteinbestimmung-procheck\/\" class=\"elementor-item\">Residual protein determination - ProCheck<\/a><\/li>\n<li class=\"rot menu-item menu-item-type-post_type menu-item-object-page menu-item-2132\"><a href=\"https:\/\/www.alpro-medical.de\/en\/ti-check-2-ti-check-3\/\" class=\"elementor-item\">\u00a0 <i class=\"fas fa-arrow-circle-right\"><\/i>\u00a0\u00a0TI-Check 2 &#038; TI-Check 3<\/a><\/li>\n<\/ul>\t\t\t<\/nav>\n\t\t\t\t\t<div class=\"elementor-menu-toggle\" role=\"button\" tabindex=\"0\" aria-label=\"Menu Toggle\" aria-expanded=\"false\">\n\t\t\t<i aria-hidden=\"true\" role=\"presentation\" class=\"elementor-menu-toggle__icon--open eicon-menu-bar\"><\/i><i aria-hidden=\"true\" role=\"presentation\" class=\"elementor-menu-toggle__icon--close eicon-close\"><\/i>\t\t<\/div>\n\t\t\t\t\t<nav class=\"elementor-nav-menu--dropdown elementor-nav-menu__container\" aria-hidden=\"true\">\n\t\t\t\t<ul id=\"menu-2-357673fe\" class=\"elementor-nav-menu sm-vertical\"><li class=\"hellrosa menu-item menu-item-type-post_type menu-item-object-page menu-item-1693\"><a href=\"https:\/\/www.alpro-medical.de\/en\/mundspuelung\/\" class=\"elementor-item\" tabindex=\"-1\">Oral antisepsis<\/a><\/li>\n<li class=\"dunkelrosa menu-item menu-item-type-post_type menu-item-object-page menu-item-1694\"><a href=\"https:\/\/www.alpro-medical.de\/en\/haendereinigung-desinfektion-und-pflege\/\" class=\"elementor-item\" tabindex=\"-1\">Cleaning, disinfection and care of hands<\/a><\/li>\n<li class=\"hellblau menu-item menu-item-type-post_type menu-item-object-page menu-item-1695\"><a href=\"https:\/\/www.alpro-medical.de\/en\/reinigung\/\" class=\"elementor-item\" tabindex=\"-1\">Cleaning<\/a><\/li>\n<li class=\"dunkelgruen menu-item menu-item-type-post_type menu-item-object-page menu-item-1696\"><a href=\"https:\/\/www.alpro-medical.de\/en\/oberflaechenreinigung-und-desinfektion\/\" class=\"elementor-item\" tabindex=\"-1\">Cleaning and disinfection of surfaces<\/a><\/li>\n<li class=\"dunkelblau menu-item menu-item-type-post_type menu-item-object-page menu-item-1697\"><a href=\"https:\/\/www.alpro-medical.de\/en\/manuelle-instrumentenreinigung-und-desinfektion\/\" class=\"elementor-item\" tabindex=\"-1\">Manual cleaning and disinfection of instruments<\/a><\/li>\n<li class=\"dunkelblau menu-item menu-item-type-post_type menu-item-object-page menu-item-1698\"><a href=\"https:\/\/www.alpro-medical.de\/en\/maschinelle-aufbereitung\/\" class=\"elementor-item\" tabindex=\"-1\">Mechanical processing<\/a><\/li>\n<li class=\"gelb menu-item menu-item-type-post_type menu-item-object-page menu-item-1699\"><a href=\"https:\/\/www.alpro-medical.de\/en\/absauganlagenreinigung\/\" class=\"elementor-item\" tabindex=\"-1\">Cleaning of dental aspiration systems<\/a><\/li>\n<li class=\"gelb menu-item menu-item-type-post_type menu-item-object-page menu-item-1700\"><a href=\"https:\/\/www.alpro-medical.de\/en\/abdruckdesinfektion\/\" class=\"elementor-item\" tabindex=\"-1\">Disinfection of impressions<\/a><\/li>\n<li class=\"gelb menu-item menu-item-type-post_type menu-item-object-page menu-item-1701\"><a href=\"https:\/\/www.alpro-medical.de\/en\/reinigung-spezieller-anwendungen\/\" class=\"elementor-item\" tabindex=\"-1\">Cleaning for special applications<\/a><\/li>\n<li class=\"blau menu-item menu-item-type-post_type menu-item-object-page menu-item-1702\"><a href=\"https:\/\/www.alpro-medical.de\/en\/betriebswasserentkeimung\/\" class=\"elementor-item\" tabindex=\"-1\">Decontamination of treatment water<\/a><\/li>\n<li class=\"blau menu-item menu-item-type-post_type menu-item-object-page menu-item-1703\"><a href=\"https:\/\/www.alpro-medical.de\/en\/geraete-zur-betriebswasserversorgung-und-entkeimung\/\" class=\"elementor-item\" tabindex=\"-1\">Devices for treatment water supply and decontamination<\/a><\/li>\n<li class=\"grau menu-item menu-item-type-post_type menu-item-object-page menu-item-1704\"><a href=\"https:\/\/www.alpro-medical.de\/en\/zubehoer\/\" class=\"elementor-item\" tabindex=\"-1\">Accessories<\/a><\/li>\n<li class=\"rot_fest menu-item menu-item-type-post_type menu-item-object-page menu-item-1705\"><a href=\"https:\/\/www.alpro-medical.de\/en\/restproteinbestimmung-procheck\/\" class=\"elementor-item\" tabindex=\"-1\">Residual protein determination - ProCheck<\/a><\/li>\n<li class=\"rot menu-item menu-item-type-post_type menu-item-object-page menu-item-2132\"><a href=\"https:\/\/www.alpro-medical.de\/en\/ti-check-2-ti-check-3\/\" class=\"elementor-item\" tabindex=\"-1\">\u00a0 <i class=\"fas fa-arrow-circle-right\"><\/i>\u00a0\u00a0TI-Check 2 &#038; TI-Check 3<\/a><\/li>\n<\/ul>\t\t\t<\/nav>\n\t\t\t\t\t\t<\/div>\n\t\t\t\t<\/div>\n\t\t\t\t<\/div>\n\t\t\t\t\t<\/div>\n\t\t\t\t<\/div>\n\t\t<div class=\"elementor-element elementor-element-79d81a2 e-flex e-con-boxed e-con e-parent\" data-id=\"79d81a2\" data-element_type=\"container\" data-e-type=\"container\">\n\t\t\t\t\t<div class=\"e-con-inner\">\n\t\t\t\t<div class=\"elementor-element elementor-element-2280b50 elementor-widget elementor-widget-wpfd_choose_category\" data-id=\"2280b50\" data-element_type=\"widget\" data-e-type=\"widget\" data-widget_type=\"wpfd_choose_category.default\">\n\t\t\t\t<div class=\"elementor-widget-container\">\n\t\t\t\t\t<div id=\"wpfd-elementor-category\" class=\"wpfd-elementor-category\"><div class=\"wpfd-content wpfd-content-default wpfd-content-multi\" data-category=\"98\"             style=\"background-color: rgba(255, 255, 255, 0)\"><input type=\"hidden\" id=\"current_category_98\" value=\"98\" \/>                    <input type=\"hidden\" id=\"current_category_slug_98\" value=\"endo\" \/>                    <input type=\"hidden\" id=\"current_ordering_98\" value=\"title\" \/>                    <input type=\"hidden\" id=\"current_ordering_direction_98\" value=\"asc\" \/>                    <input type=\"hidden\" id=\"page_limit_98\" value=\"100\" \/><input type=\"hidden\" id=\"wpfd_display_empty_category_message\" value=\"0\" \/><input type=\"hidden\" id=\"wpfd_empty_category_message_val\" value=\"This file category has no files to display\" \/><input type=\"hidden\" id=\"wpfd_display_empty_folder\" value=\"0\" \/><input type=\"hidden\" id=\"wpfd_is_empty_subcategories\" value=\"1\" \/><input type=\"hidden\" id=\"wpfd_is_empty_files\" value=\"1\" \/><input type=\"hidden\" id=\"wpfd_root_category_id\" class=\"wpfd_root_category_id\" value=\"98\" \/><input type=\"hidden\" id=\"wpfd_root_category_theme\" class=\"wpfd_root_category_theme\" value=\"default\" \/><input type=\"hidden\" id=\"wpfd_root_category_clone_theme_type\" class=\"wpfd_root_category_clone_theme_type\" value=\"none\" \/><input type=\"hidden\" id=\"wpfd_root_category_type\" class=\"wpfd_root_category_type\" value=\"98\" \/><ul class=\"breadcrumbs wpfd-breadcrumbs-default head-category-default\">                            <li class=\"active\">Endo<\/li>                        <\/ul>    <script type=\"text\/x-handlebars-template\" class=\"wpfd-template-categories\">        <div class=\"wpfd-categories \">{{#if category}}{{#with category}}{{#if parent}}<a class=\"catlink backcategory\" href=\"#\" data-idcat=\"{{parent}}\">                        <i class=\"zmdi zmdi-chevron-left\"><\/i><span>Back<\/span><\/a>{{\/if}}{{\/with}}{{\/if}}{{#if category.desc}}<div class=\"wpfd-category-desc\">{{category.desc}}<\/div>{{\/if}}{{#if categories}}{{#each categories}}<a class=\"wpfdcategory catlink \" style=\"margin : 10px 10px 10px 10px;\" href=\"#\" data-idcat=\"{{termID}}\" title=\"{{name}}\">                                <span>{{name}}<\/span><i class=\"zmdi zmdi-folder wpfd-folder\"><\/i>                            <\/a>{{\/each}}{{\/if}}<div class=\"wpfdcategory_placeholder\" style=\"margin : 0 10px 0 10px;\"><\/div><div class=\"wpfdcategory_placeholder\" style=\"margin : 0 10px 0 10px;\"><\/div><div class=\"wpfdcategory_placeholder\" style=\"margin : 0 10px 0 10px;\"><\/div><\/div>    <\/script>    <script type=\"text\/x-handlebars-template\" class=\"wpfd-template-files\">        {{#if files }}        <div class=\"wpfd_list\">            {{#each files}}            <div class=\"file {{ext}}\" style=\"margin : 10px 10px 10px 10px;\" data-id=\"{{ID}}\" data-catid=\"{{catid}}\">                <input type=\"hidden\" class=\"wpfd_file_preview_link_download\" value=\"{{linkdownload}}\" data-filetitle=\"{{post_title}}\" data-fileicons=\"ext ext-{{ext}} wpfd-icon-set-png\" \/>                <div class=\"filecontent\">                    {{#if file_custom_icon}}                    <div class=\"icon-custom\"><img decoding=\"async\" src=\"{{file_custom_icon}}\" \/><\/div>                    {{else}}                    <div class=\"ext ext-{{ext}} wpfd-icon-set-png\"><span class=\"txt\">{{ext}}<\/span><\/div>                    {{\/if}}<h3><a href=\"{{linkdownload}}\"   class=\"wpfd_downloadlink\" title=\"{{post_title}}\" target=\"{{#if remote_file}}_blank{{\/if}}\">{{{crop_title}}}<\/a><\/h3>                    <div class=\"file-xinfo\">                        {{#if versionNumber}}<div class=\"file-version\"><span>Version:<\/span> {{versionNumber}}<\/div>{{\/if}}<div class=\"file-size\"><span>Size:<\/span> {{bytesToSize size}}<\/div><div class=\"file-hits\"><span>Hits:<\/span> {{hits}}<\/div><div class=\"file-dated\"><span>Date added:<\/span> {{created}}<\/div><div class=\"file-dated\"><span>Date modified:<\/span> {{modified}}<\/div>                    <\/div>                <\/div>                <span class=\"file-right\">                    <a class=\"downloadlink wpfd_downloadlink\"  href=\"{{linkdownload}}\"  style=\"background-color:#76bc58;color:#ffffff;\" target=\"{{#if remote_file}}_blank{{\/if}}\">Download<i class=\"zmdi zmdi-cloud-download wpfd-download\"><\/i><\/a>                <\/span>            <\/div>            {{\/each}}            <div class=\"file flex_span\" style=\"margin : 10px 10px 10px 10px;\"><\/div>        <\/div>        {{\/if}}    <\/script>    <div class=\"wpfd-container show_breadcrumb show_subcategories\">                <div class=\"wpfd-open-tree\"><\/div>        <div class=\"wpfd-container-default\">            <div class=\"wpfd-categories\"><div class=\"wpfd-category-desc\"><\/div><\/div>                            <div class=\"wpfd_list\">                                                                        <div class=\"file pdf\" style=\"margin : 10px 10px 10px 10px;\"                                 data-id=\"765\"                                 data-catid=\"26\">                                                                <input type=\"hidden\" class=\"wpfd_file_preview_link_download\" value=\"https:\/\/www.alpro-medical.de\/download\/26\/gebrauchsanweisungen\/765\/gebrauchsanweisung-procheck-endo.pdf\"                                       data-filetitle=\"Gebrauchsanweisung ProCheck Endo\" data-fileicons=\"ext ext-pdf wpfd-icon-set-png\" \/>                                <div class=\"filecontent\">                                    <div class=\"ext ext-pdf wpfd-icon-set-png\"><span class=\"txt\">pdf<\/span><\/div><h3><a href=\"https:\/\/www.alpro-medical.de\/en\/download\/26\/gebrauchsanweisungen\/765\/gebrauchsanweisung-procheck-endo.pdf\/\"   class=\"wpfd_downloadlink\" title=\"Gebrauchsanweisung ProCheck Endo\" target=\"\">Gebrauchsanweisung ProCheck Endo<\/a><\/h3>                                    <div class=\"file-xinfo\">                                        <div class=\"file-size\"><span>Size:<\/span> 1.72 MB<\/div><div class=\"file-hits\"><span>Hits:<\/span> 764<\/div><div class=\"file-dated\"><span>Date added:<\/span> 11-07-2023<\/div><div class=\"file-dated\"><span>Date modified:<\/span> 23-08-2023<\/div>                                    <\/div>                                <\/div>                                <div class=\"file-right\">                                    <a class=\"downloadlink wpfd_downloadlink\"  href=\"https:\/\/www.alpro-medical.de\/en\/download\/26\/gebrauchsanweisungen\/765\/gebrauchsanweisung-procheck-endo.pdf\/\"  style=\"background-color:#76bc58;color:#ffffff;\" target=\"\">Download<i class=\"zmdi zmdi-cloud-download wpfd-download\"><\/i><\/a>                                <\/div>                            <\/div>                                                                <div class=\"file flex_span\" style=\"margin : 10px 10px 10px 10px;\"><\/div>                <\/div>                                <\/div>    <\/div><\/div><\/div>\t\t\t\t<\/div>\n\t\t\t\t<\/div>\n\t\t\t\t\t<\/div>\n\t\t\t\t<\/div>\n\t\t\t\t<\/div>","protected":false},"excerpt":{"rendered":"<p>proCheck Endo &#8211; Proteinnachweis-Test Set zur Restproteinbestimmung f\u00fcr die periodische Leistungs\u00fcberpr\u00fcfung manueller wie maschineller Aufbereitungsprozesse von starren und flexiblen Endoskopen. Inhalt 1 x Luer-Lock-Adapter 1 x Universaladapter 1 x Sp\u00fcll\u00f6sung, 100 ml f\u00fcr 1 Endoskop 1 \u00d7 30 ml Spritze (leer, steril verpackt) 1 x Kan\u00fcle P-Luer 0,9 mm (verpackt) 2\/3 \u00d7 30 ml Leer-Beh\u00e4lter [&hellip;]<\/p>\n","protected":false},"author":1,"featured_media":0,"parent":0,"menu_order":0,"comment_status":"closed","ping_status":"closed","template":"","meta":{"footnotes":""},"class_list":["post-1905","page","type-page","status-publish","hentry"],"_links":{"self":[{"href":"https:\/\/www.alpro-medical.de\/en\/wp-json\/wp\/v2\/pages\/1905","targetHints":{"allow":["GET"]}}],"collection":[{"href":"https:\/\/www.alpro-medical.de\/en\/wp-json\/wp\/v2\/pages"}],"about":[{"href":"https:\/\/www.alpro-medical.de\/en\/wp-json\/wp\/v2\/types\/page"}],"author":[{"embeddable":true,"href":"https:\/\/www.alpro-medical.de\/en\/wp-json\/wp\/v2\/users\/1"}],"replies":[{"embeddable":true,"href":"https:\/\/www.alpro-medical.de\/en\/wp-json\/wp\/v2\/comments?post=1905"}],"version-history":[{"count":7,"href":"https:\/\/www.alpro-medical.de\/en\/wp-json\/wp\/v2\/pages\/1905\/revisions"}],"predecessor-version":[{"id":2804,"href":"https:\/\/www.alpro-medical.de\/en\/wp-json\/wp\/v2\/pages\/1905\/revisions\/2804"}],"wp:attachment":[{"href":"https:\/\/www.alpro-medical.de\/en\/wp-json\/wp\/v2\/media?parent=1905"}],"curies":[{"name":"wp","href":"https:\/\/api.w.org\/{rel}","templated":true}]}}