{"id":1903,"date":"2023-07-19T17:18:34","date_gmt":"2023-07-19T15:18:34","guid":{"rendered":"https:\/\/alproarchiv.de\/?page_id=1903"},"modified":"2024-05-06T11:17:21","modified_gmt":"2024-05-06T09:17:21","slug":"ti-check-2-ti-check-3","status":"publish","type":"page","link":"https:\/\/www.alpro-medical.de\/en\/ti-check-2-ti-check-3\/","title":{"rendered":"TI-Check 2 &amp; TI-Check 3"},"content":{"rendered":"<div data-elementor-type=\"wp-page\" data-elementor-id=\"1903\" class=\"elementor elementor-1903\" data-elementor-post-type=\"page\">\n\t\t\t\t<div class=\"elementor-element elementor-element-1e81f7a6 e-flex e-con-boxed e-con e-parent\" data-id=\"1e81f7a6\" data-element_type=\"container\" data-e-type=\"container\" data-settings=\"{&quot;background_background&quot;:&quot;classic&quot;}\">\n\t\t\t\t\t<div class=\"e-con-inner\">\n\t\t\t\t<div class=\"elementor-element elementor-element-387ff84 elementor-widget elementor-widget-image\" data-id=\"387ff84\" data-element_type=\"widget\" data-e-type=\"widget\" data-widget_type=\"image.default\">\n\t\t\t\t<div class=\"elementor-widget-container\">\n\t\t\t\t\t\t\t\t\t\t\t\t\t\t\t<img fetchpriority=\"high\" decoding=\"async\" width=\"800\" height=\"146\" src=\"https:\/\/www.alpro-medical.de\/wp-content\/uploads\/2023\/07\/header_produktsortiment.jpg\" class=\"attachment-large size-large wp-image-1144\" alt=\"\" srcset=\"https:\/\/www.alpro-medical.de\/wp-content\/uploads\/2023\/07\/header_produktsortiment.jpg 930w, https:\/\/www.alpro-medical.de\/wp-content\/uploads\/2023\/07\/header_produktsortiment-300x55.jpg 300w, https:\/\/www.alpro-medical.de\/wp-content\/uploads\/2023\/07\/header_produktsortiment-768x140.jpg 768w\" sizes=\"(max-width: 800px) 100vw, 800px\" \/>\t\t\t\t\t\t\t\t\t\t\t\t\t\t\t<\/div>\n\t\t\t\t<\/div>\n\t\t\t\t\t<\/div>\n\t\t\t\t<\/div>\n\t\t<div class=\"elementor-element elementor-element-491b448d e-flex e-con-boxed e-con e-parent\" data-id=\"491b448d\" data-element_type=\"container\" data-e-type=\"container\">\n\t\t\t\t\t<div class=\"e-con-inner\">\n\t\t<div class=\"elementor-element elementor-element-46e90617 e-con-full e-flex e-con e-child\" data-id=\"46e90617\" data-element_type=\"container\" data-e-type=\"container\">\n\t\t\t\t<div class=\"elementor-element elementor-element-73f3fbc elementor-widget elementor-widget-text-editor\" data-id=\"73f3fbc\" data-element_type=\"widget\" data-e-type=\"widget\" data-no-translation=\"\" data-widget_type=\"text-editor.default\">\n\t\t\t\t<div class=\"elementor-widget-container\">\n\t\t\t\t\t<style>.elementor-element-73f3fbc{display:none !important}<\/style>\t\t\t\t<\/div>\n\t\t\t\t<\/div>\n\t\t\t\t<div class=\"elementor-element elementor-element-a55b74f elementor-widget elementor-widget-text-editor\" data-id=\"a55b74f\" data-element_type=\"widget\" data-e-type=\"widget\" data-no-translation=\"\" data-widget_type=\"text-editor.default\">\n\t\t\t\t<div class=\"elementor-widget-container\">\n\t\t\t\t\t\t\t\t\t<div id=\"content\"><div id=\"left\"><h2><span style=\"color: #ff0000;\">proCheck TI 2\/TI 3 &#8211; Protein Detection Test<\/span><\/h2><div><div class=\"floatRight\"><img decoding=\"async\" class=\"alignright\" title=\"\" src=\"https:\/\/www.alpro-medical.de\/index.php?rex_resize=200a__procheck_ti2_ti3_72dpi.jpg\" alt=\"\" \/><\/div><h5><span style=\"color: #ff0000;\">Protein Detection Test Sets<\/span><\/h5><p>for the determination of residual protein for 2\/3 instruments for application on inner and outer surfaces of dental turbines, contra-angles and hand pieces for the resassessment of the performance (QL) of cleaning processes (manual \/ mechanical) when reprocessing medical devices.<\/p><h5><span style=\"color: #ff0000;\">Contents<br \/><img decoding=\"async\" class=\"size-medium wp-image-5234 alignright\" src=\"https:\/\/www.alpro-medical.de\/wp-content\/uploads\/2024\/05\/proCheck_TI3-198x150.png\" alt=\"\" width=\"198\" height=\"150\" srcset=\"https:\/\/www.alpro-medical.de\/wp-content\/uploads\/2024\/05\/proCheck_TI3-198x150.png 198w, https:\/\/www.alpro-medical.de\/wp-content\/uploads\/2024\/05\/proCheck_TI3-265x200.png 265w, https:\/\/www.alpro-medical.de\/wp-content\/uploads\/2024\/05\/proCheck_TI3-768x581.png 768w, https:\/\/www.alpro-medical.de\/wp-content\/uploads\/2024\/05\/proCheck_TI3-16x12.png 16w, https:\/\/www.alpro-medical.de\/wp-content\/uploads\/2024\/05\/proCheck_TI3.png 1181w\" sizes=\"(max-width: 198px) 100vw, 198px\" \/><\/span><\/h5><ul><li>1 x Luer-Lock-Adapter<\/li><li>1 x neutralization solution A, 30 ml sufficient for 2 \/ 3 instruments<\/li><li>1 x protein determination solution B, 30 ml sufficient for 2 \/ 3 instruments<\/li><li>1 \u00d7 10 ml syringe (empty, sterile packed)<\/li><li>1 x cannula P-Luer 0.9 mm (sterile packed)<\/li><li>2\/3 \u00d7 10 ml empty collection tubes<\/li><li>2\/3 x knead bags<\/li><li>2\/3 x applications for examination (record sheets)<\/li><li>1 x addressed envelopes<\/li><li>1 x instructions for use<\/li><li>1 x order card<\/li><li>1 x shipping bag<\/li><\/ul><\/div><h5><span style=\"color: #ff0000;\">Delivery Form<img decoding=\"async\" class=\"size-medium wp-image-5235 alignright\" src=\"https:\/\/www.alpro-medical.de\/wp-content\/uploads\/2024\/05\/proCheck_TI2-197x150.png\" alt=\"\" width=\"197\" height=\"150\" srcset=\"https:\/\/www.alpro-medical.de\/wp-content\/uploads\/2024\/05\/proCheck_TI2-197x150.png 197w, https:\/\/www.alpro-medical.de\/wp-content\/uploads\/2024\/05\/proCheck_TI2-262x200.png 262w, https:\/\/www.alpro-medical.de\/wp-content\/uploads\/2024\/05\/proCheck_TI2-768x586.png 768w, https:\/\/www.alpro-medical.de\/wp-content\/uploads\/2024\/05\/proCheck_TI2-16x12.png 16w, https:\/\/www.alpro-medical.de\/wp-content\/uploads\/2024\/05\/proCheck_TI2.png 1181w\" sizes=\"(max-width: 197px) 100vw, 197px\" \/><\/span><\/h5><div><p><strong>proCheck TI 2\/TI 3<\/strong><\/p><ul><li><strong><span class=\"caps\">REF<\/span> 3082<\/strong> \u2013 proCheck TI 2 (for 2 instruments)<\/li><li><strong><span class=\"caps\">REF<\/span> 3083<\/strong> \u2013 proCheck TI 3 (for 3 instruments)<\/li><\/ul><\/div><\/div><\/div>\t\t\t\t\t\t\t\t<\/div>\n\t\t\t\t<\/div>\n\t\t\t\t<\/div>\n\t\t<div class=\"elementor-element elementor-element-a504a44 e-con-full e-flex e-con e-child\" data-id=\"a504a44\" data-element_type=\"container\" data-e-type=\"container\">\n\t\t\t\t<div class=\"elementor-element elementor-element-3658b1ce elementor-nav-menu--dropdown-tablet elementor-nav-menu__text-align-aside elementor-nav-menu--toggle elementor-nav-menu--burger elementor-widget elementor-widget-nav-menu\" data-id=\"3658b1ce\" data-element_type=\"widget\" data-e-type=\"widget\" data-settings=\"{&quot;layout&quot;:&quot;vertical&quot;,&quot;submenu_icon&quot;:{&quot;value&quot;:&quot;&lt;i class=\\&quot;fas fa-caret-down\\&quot; aria-hidden=\\&quot;true\\&quot;&gt;&lt;\\\/i&gt;&quot;,&quot;library&quot;:&quot;fa-solid&quot;},&quot;toggle&quot;:&quot;burger&quot;}\" data-widget_type=\"nav-menu.default\">\n\t\t\t\t<div class=\"elementor-widget-container\">\n\t\t\t\t\t\t\t\t<nav aria-label=\"Menu\" class=\"elementor-nav-menu--main elementor-nav-menu__container elementor-nav-menu--layout-vertical e--pointer-underline e--animation-fade\">\n\t\t\t\t<ul id=\"menu-1-3658b1ce\" class=\"elementor-nav-menu sm-vertical\"><li class=\"hellrosa menu-item menu-item-type-post_type menu-item-object-page menu-item-1693\"><a href=\"https:\/\/www.alpro-medical.de\/en\/mundspuelung\/\" class=\"elementor-item\">Oral antisepsis<\/a><\/li>\n<li class=\"dunkelrosa menu-item menu-item-type-post_type menu-item-object-page menu-item-1694\"><a href=\"https:\/\/www.alpro-medical.de\/en\/haendereinigung-desinfektion-und-pflege\/\" class=\"elementor-item\">Cleaning, disinfection and care of hands<\/a><\/li>\n<li class=\"hellblau menu-item menu-item-type-post_type menu-item-object-page menu-item-1695\"><a href=\"https:\/\/www.alpro-medical.de\/en\/reinigung\/\" class=\"elementor-item\">Cleaning<\/a><\/li>\n<li class=\"dunkelgruen menu-item menu-item-type-post_type menu-item-object-page menu-item-1696\"><a href=\"https:\/\/www.alpro-medical.de\/en\/oberflaechenreinigung-und-desinfektion\/\" class=\"elementor-item\">Cleaning and disinfection of surfaces<\/a><\/li>\n<li class=\"dunkelblau menu-item menu-item-type-post_type menu-item-object-page menu-item-1697\"><a href=\"https:\/\/www.alpro-medical.de\/en\/manuelle-instrumentenreinigung-und-desinfektion\/\" class=\"elementor-item\">Manual cleaning and disinfection of instruments<\/a><\/li>\n<li class=\"dunkelblau menu-item menu-item-type-post_type menu-item-object-page menu-item-1698\"><a href=\"https:\/\/www.alpro-medical.de\/en\/maschinelle-aufbereitung\/\" class=\"elementor-item\">Mechanical processing<\/a><\/li>\n<li class=\"gelb menu-item menu-item-type-post_type menu-item-object-page menu-item-1699\"><a href=\"https:\/\/www.alpro-medical.de\/en\/absauganlagenreinigung\/\" class=\"elementor-item\">Cleaning of dental aspiration systems<\/a><\/li>\n<li class=\"gelb menu-item menu-item-type-post_type menu-item-object-page menu-item-1700\"><a href=\"https:\/\/www.alpro-medical.de\/en\/abdruckdesinfektion\/\" class=\"elementor-item\">Disinfection of impressions<\/a><\/li>\n<li class=\"gelb menu-item menu-item-type-post_type menu-item-object-page menu-item-1701\"><a href=\"https:\/\/www.alpro-medical.de\/en\/reinigung-spezieller-anwendungen\/\" class=\"elementor-item\">Cleaning for special applications<\/a><\/li>\n<li class=\"blau menu-item menu-item-type-post_type menu-item-object-page menu-item-1702\"><a href=\"https:\/\/www.alpro-medical.de\/en\/betriebswasserentkeimung\/\" class=\"elementor-item\">Decontamination of treatment water<\/a><\/li>\n<li class=\"blau menu-item menu-item-type-post_type menu-item-object-page menu-item-1703\"><a href=\"https:\/\/www.alpro-medical.de\/en\/geraete-zur-betriebswasserversorgung-und-entkeimung\/\" class=\"elementor-item\">Devices for treatment water supply and decontamination<\/a><\/li>\n<li class=\"grau menu-item menu-item-type-post_type menu-item-object-page menu-item-1704\"><a href=\"https:\/\/www.alpro-medical.de\/en\/zubehoer\/\" class=\"elementor-item\">Accessories<\/a><\/li>\n<li class=\"rot_fest menu-item menu-item-type-post_type menu-item-object-page menu-item-1705\"><a href=\"https:\/\/www.alpro-medical.de\/en\/restproteinbestimmung-procheck\/\" class=\"elementor-item\">Residual protein determination - ProCheck<\/a><\/li>\n<li class=\"rot menu-item menu-item-type-post_type menu-item-object-page menu-item-2132\"><a href=\"https:\/\/www.alpro-medical.de\/en\/ti-check-2-ti-check-3\/\" class=\"elementor-item\">\u00a0 <i class=\"fas fa-arrow-circle-right\"><\/i>\u00a0\u00a0TI-Check 2 &#038; TI-Check 3<\/a><\/li>\n<\/ul>\t\t\t<\/nav>\n\t\t\t\t\t<div class=\"elementor-menu-toggle\" role=\"button\" tabindex=\"0\" aria-label=\"Menu Toggle\" aria-expanded=\"false\">\n\t\t\t<i aria-hidden=\"true\" role=\"presentation\" class=\"elementor-menu-toggle__icon--open eicon-menu-bar\"><\/i><i aria-hidden=\"true\" role=\"presentation\" class=\"elementor-menu-toggle__icon--close eicon-close\"><\/i>\t\t<\/div>\n\t\t\t\t\t<nav class=\"elementor-nav-menu--dropdown elementor-nav-menu__container\" aria-hidden=\"true\">\n\t\t\t\t<ul id=\"menu-2-3658b1ce\" class=\"elementor-nav-menu sm-vertical\"><li class=\"hellrosa menu-item menu-item-type-post_type menu-item-object-page menu-item-1693\"><a href=\"https:\/\/www.alpro-medical.de\/en\/mundspuelung\/\" class=\"elementor-item\" tabindex=\"-1\">Oral antisepsis<\/a><\/li>\n<li class=\"dunkelrosa menu-item menu-item-type-post_type menu-item-object-page menu-item-1694\"><a href=\"https:\/\/www.alpro-medical.de\/en\/haendereinigung-desinfektion-und-pflege\/\" class=\"elementor-item\" tabindex=\"-1\">Cleaning, disinfection and care of hands<\/a><\/li>\n<li class=\"hellblau menu-item menu-item-type-post_type menu-item-object-page menu-item-1695\"><a href=\"https:\/\/www.alpro-medical.de\/en\/reinigung\/\" class=\"elementor-item\" tabindex=\"-1\">Cleaning<\/a><\/li>\n<li class=\"dunkelgruen menu-item menu-item-type-post_type menu-item-object-page menu-item-1696\"><a href=\"https:\/\/www.alpro-medical.de\/en\/oberflaechenreinigung-und-desinfektion\/\" class=\"elementor-item\" tabindex=\"-1\">Cleaning and disinfection of surfaces<\/a><\/li>\n<li class=\"dunkelblau menu-item menu-item-type-post_type menu-item-object-page menu-item-1697\"><a href=\"https:\/\/www.alpro-medical.de\/en\/manuelle-instrumentenreinigung-und-desinfektion\/\" class=\"elementor-item\" tabindex=\"-1\">Manual cleaning and disinfection of instruments<\/a><\/li>\n<li class=\"dunkelblau menu-item menu-item-type-post_type menu-item-object-page menu-item-1698\"><a href=\"https:\/\/www.alpro-medical.de\/en\/maschinelle-aufbereitung\/\" class=\"elementor-item\" tabindex=\"-1\">Mechanical processing<\/a><\/li>\n<li class=\"gelb menu-item menu-item-type-post_type menu-item-object-page menu-item-1699\"><a href=\"https:\/\/www.alpro-medical.de\/en\/absauganlagenreinigung\/\" class=\"elementor-item\" tabindex=\"-1\">Cleaning of dental aspiration systems<\/a><\/li>\n<li class=\"gelb menu-item menu-item-type-post_type menu-item-object-page menu-item-1700\"><a href=\"https:\/\/www.alpro-medical.de\/en\/abdruckdesinfektion\/\" class=\"elementor-item\" tabindex=\"-1\">Disinfection of impressions<\/a><\/li>\n<li class=\"gelb menu-item menu-item-type-post_type menu-item-object-page menu-item-1701\"><a href=\"https:\/\/www.alpro-medical.de\/en\/reinigung-spezieller-anwendungen\/\" class=\"elementor-item\" tabindex=\"-1\">Cleaning for special applications<\/a><\/li>\n<li class=\"blau menu-item menu-item-type-post_type menu-item-object-page menu-item-1702\"><a href=\"https:\/\/www.alpro-medical.de\/en\/betriebswasserentkeimung\/\" class=\"elementor-item\" tabindex=\"-1\">Decontamination of treatment water<\/a><\/li>\n<li class=\"blau menu-item menu-item-type-post_type menu-item-object-page menu-item-1703\"><a href=\"https:\/\/www.alpro-medical.de\/en\/geraete-zur-betriebswasserversorgung-und-entkeimung\/\" class=\"elementor-item\" tabindex=\"-1\">Devices for treatment water supply and decontamination<\/a><\/li>\n<li class=\"grau menu-item menu-item-type-post_type menu-item-object-page menu-item-1704\"><a href=\"https:\/\/www.alpro-medical.de\/en\/zubehoer\/\" class=\"elementor-item\" tabindex=\"-1\">Accessories<\/a><\/li>\n<li class=\"rot_fest menu-item menu-item-type-post_type menu-item-object-page menu-item-1705\"><a href=\"https:\/\/www.alpro-medical.de\/en\/restproteinbestimmung-procheck\/\" class=\"elementor-item\" tabindex=\"-1\">Residual protein determination - ProCheck<\/a><\/li>\n<li class=\"rot menu-item menu-item-type-post_type menu-item-object-page menu-item-2132\"><a href=\"https:\/\/www.alpro-medical.de\/en\/ti-check-2-ti-check-3\/\" class=\"elementor-item\" tabindex=\"-1\">\u00a0 <i class=\"fas fa-arrow-circle-right\"><\/i>\u00a0\u00a0TI-Check 2 &#038; TI-Check 3<\/a><\/li>\n<\/ul>\t\t\t<\/nav>\n\t\t\t\t\t\t<\/div>\n\t\t\t\t<\/div>\n\t\t\t\t<\/div>\n\t\t\t\t\t<\/div>\n\t\t\t\t<\/div>\n\t\t<div class=\"elementor-element elementor-element-6b3c4cb e-flex e-con-boxed e-con e-parent\" data-id=\"6b3c4cb\" data-element_type=\"container\" data-e-type=\"container\" data-no-translation=\"\">\n\t\t\t\t\t<div class=\"e-con-inner\">\n\t\t\t\t<div class=\"elementor-element elementor-element-7c87ba5 elementor-widget elementor-widget-wpfd_choose_category\" data-id=\"7c87ba5\" data-element_type=\"widget\" data-e-type=\"widget\" data-widget_type=\"wpfd_choose_category.default\">\n\t\t\t\t<div class=\"elementor-widget-container\">\n\t\t\t\t\t<div id=\"wpfd-elementor-category\" class=\"wpfd-elementor-category\"><\/div>\t\t\t\t<\/div>\n\t\t\t\t<\/div>\n\t\t\t\t\t<\/div>\n\t\t\t\t<\/div>\n\t\t\t\t<\/div>","protected":false},"excerpt":{"rendered":"<p>proCheck TI 2\/TI 3 &#8211; Proteinnachweis-Test Set zur Restproteinbestimmung f\u00fcr die periodische Leistungs\u00fcberpr\u00fcfung manueller wie maschineller Aufbereitungsprozesse von medizinischen und dentalen Instrumenten. Inhalt 1 x Luer-Lock-Adapter 1 x L\u00f6sung A 30 ml (Neutralisationsl\u00f6sung) ausreichend f\u00fcr 2\/3 Instrumente 1 x L\u00f6sung B 30 ml (L\u00f6sung zur Proteinbestimmung) ausreichend f\u00fcr 2\/3 Instrumente 1 \u00d7 10 ml Spritze [&hellip;]<\/p>\n","protected":false},"author":1,"featured_media":0,"parent":0,"menu_order":0,"comment_status":"closed","ping_status":"closed","template":"","meta":{"footnotes":""},"class_list":["post-1903","page","type-page","status-publish","hentry"],"_links":{"self":[{"href":"https:\/\/www.alpro-medical.de\/en\/wp-json\/wp\/v2\/pages\/1903","targetHints":{"allow":["GET"]}}],"collection":[{"href":"https:\/\/www.alpro-medical.de\/en\/wp-json\/wp\/v2\/pages"}],"about":[{"href":"https:\/\/www.alpro-medical.de\/en\/wp-json\/wp\/v2\/types\/page"}],"author":[{"embeddable":true,"href":"https:\/\/www.alpro-medical.de\/en\/wp-json\/wp\/v2\/users\/1"}],"replies":[{"embeddable":true,"href":"https:\/\/www.alpro-medical.de\/en\/wp-json\/wp\/v2\/comments?post=1903"}],"version-history":[{"count":22,"href":"https:\/\/www.alpro-medical.de\/en\/wp-json\/wp\/v2\/pages\/1903\/revisions"}],"predecessor-version":[{"id":5274,"href":"https:\/\/www.alpro-medical.de\/en\/wp-json\/wp\/v2\/pages\/1903\/revisions\/5274"}],"wp:attachment":[{"href":"https:\/\/www.alpro-medical.de\/en\/wp-json\/wp\/v2\/media?parent=1903"}],"curies":[{"name":"wp","href":"https:\/\/api.w.org\/{rel}","templated":true}]}}