{"id":1873,"date":"2023-07-19T17:12:26","date_gmt":"2023-07-19T15:12:26","guid":{"rendered":"https:\/\/alproarchiv.de\/?page_id=1873"},"modified":"2024-04-15T11:12:56","modified_gmt":"2024-04-15T09:12:56","slug":"alprosol","status":"publish","type":"page","link":"https:\/\/www.alpro-medical.de\/en\/alprosol\/","title":{"rendered":"AlproSol"},"content":{"rendered":"<div data-elementor-type=\"wp-page\" data-elementor-id=\"1873\" class=\"elementor elementor-1873\" data-elementor-post-type=\"page\">\n\t\t\t\t<div class=\"elementor-element elementor-element-65dbe341 e-flex e-con-boxed e-con e-parent\" data-id=\"65dbe341\" data-element_type=\"container\" data-e-type=\"container\" data-settings=\"{&quot;background_background&quot;:&quot;classic&quot;}\">\n\t\t\t\t\t<div class=\"e-con-inner\">\n\t\t\t\t<div class=\"elementor-element elementor-element-1b05ce87 elementor-widget elementor-widget-image\" data-id=\"1b05ce87\" data-element_type=\"widget\" data-e-type=\"widget\" data-widget_type=\"image.default\">\n\t\t\t\t<div class=\"elementor-widget-container\">\n\t\t\t\t\t\t\t\t\t\t\t\t\t\t\t<img fetchpriority=\"high\" decoding=\"async\" width=\"800\" height=\"146\" src=\"https:\/\/www.alpro-medical.de\/wp-content\/uploads\/2023\/07\/header_abdruckdesinfektion.jpg\" class=\"attachment-large size-large wp-image-2227\" alt=\"\" srcset=\"https:\/\/www.alpro-medical.de\/wp-content\/uploads\/2023\/07\/header_abdruckdesinfektion.jpg 930w, https:\/\/www.alpro-medical.de\/wp-content\/uploads\/2023\/07\/header_abdruckdesinfektion-300x55.jpg 300w, https:\/\/www.alpro-medical.de\/wp-content\/uploads\/2023\/07\/header_abdruckdesinfektion-768x140.jpg 768w\" sizes=\"(max-width: 800px) 100vw, 800px\" \/>\t\t\t\t\t\t\t\t\t\t\t\t\t\t\t<\/div>\n\t\t\t\t<\/div>\n\t\t\t\t\t<\/div>\n\t\t\t\t<\/div>\n\t\t<div class=\"elementor-element elementor-element-3dcb8e21 e-flex e-con-boxed e-con e-parent\" data-id=\"3dcb8e21\" data-element_type=\"container\" data-e-type=\"container\">\n\t\t\t\t\t<div class=\"e-con-inner\">\n\t\t<div class=\"elementor-element elementor-element-6e9d0f93 e-con-full e-flex e-con e-child\" data-id=\"6e9d0f93\" data-element_type=\"container\" data-e-type=\"container\">\n\t\t\t\t<div class=\"elementor-element elementor-element-39644779 elementor-widget elementor-widget-text-editor\" data-id=\"39644779\" data-element_type=\"widget\" data-e-type=\"widget\" data-no-translation=\"\" data-widget_type=\"text-editor.default\">\n\t\t\t\t<div class=\"elementor-widget-container\">\n\t\t\t\t\t<style>.elementor-element-39644779{display:none !important}<\/style>\t\t\t\t<\/div>\n\t\t\t\t<\/div>\n\t\t\t\t<div class=\"elementor-element elementor-element-fb534d6 elementor-widget elementor-widget-text-editor\" data-id=\"fb534d6\" data-element_type=\"widget\" data-e-type=\"widget\" data-no-translation=\"\" data-widget_type=\"text-editor.default\">\n\t\t\t\t<div class=\"elementor-widget-container\">\n\t\t\t\t\t\t\t\t\t<h2><span style=\"color: #ff0000;\">AlproSol<\/span><\/h2><div><div class=\"floatRight\"><img decoding=\"async\" class=\"wp-image-3588 size-medium alignright\" src=\"https:\/\/www.alpro-medical.de\/wp-content\/uploads\/2023\/09\/3070_3072_alprosol_serie-160x150.png\" alt=\"\" width=\"160\" height=\"150\" srcset=\"https:\/\/www.alpro-medical.de\/wp-content\/uploads\/2023\/09\/3070_3072_alprosol_serie-160x150.png 160w, https:\/\/www.alpro-medical.de\/wp-content\/uploads\/2023\/09\/3070_3072_alprosol_serie-214x200.png 214w, https:\/\/www.alpro-medical.de\/wp-content\/uploads\/2023\/09\/3070_3072_alprosol_serie-13x12.png 13w, https:\/\/www.alpro-medical.de\/wp-content\/uploads\/2023\/09\/3070_3072_alprosol_serie.png 709w\" sizes=\"(max-width: 160px) 100vw, 160px\" \/><\/div><h5><span style=\"color: #ff0000;\">Liquid concentrate<\/span><\/h5><p>for the cleaning of impression trays, mixing spatulas and instruments.<\/p><p>Active solution can also be used in ultrasonic devices.<\/p><\/div><h5>\u00a0<\/h5><h5><span style=\"color: #ff0000;\">Active ingredient basis<\/span><\/h5><div><p>Highly effective, pH-neutral cleaning concentrate for the dissolving of organic and inorganic residues, based on non-ionic and anionic tensides and complexing agents.<\/p><\/div><h5>\u00a0<\/h5><h5><span style=\"color: #ff0000;\">Durability of use<\/span><\/h5><div><p>Durability in use 2 days.<\/p><\/div><p><strong>Note:<\/strong> AlproSol is also suitable for the removal of alginate adhesive varnishes.<\/p><h5>\u00a0<\/h5><h5><span style=\"color: #ff0000;\">Delivery form<\/span><\/h5><p><strong>AlproSol<\/strong><\/p><div><ul><li><strong><span class=\"caps\">REF<\/span> 3070<\/strong> \u2013 1 L dosage bottle<\/li><li><strong><span class=\"caps\">REF<\/span> 3072<\/strong> \u2013 5 L can<\/li><\/ul><\/div>\t\t\t\t\t\t\t\t<\/div>\n\t\t\t\t<\/div>\n\t\t\t\t<\/div>\n\t\t<div class=\"elementor-element elementor-element-6dc1a511 e-con-full e-flex e-con e-child\" data-id=\"6dc1a511\" data-element_type=\"container\" data-e-type=\"container\">\n\t\t\t\t<div class=\"elementor-element elementor-element-5ab00724 elementor-nav-menu--dropdown-tablet elementor-nav-menu__text-align-aside elementor-nav-menu--toggle elementor-nav-menu--burger elementor-widget elementor-widget-nav-menu\" data-id=\"5ab00724\" data-element_type=\"widget\" data-e-type=\"widget\" data-settings=\"{&quot;layout&quot;:&quot;vertical&quot;,&quot;submenu_icon&quot;:{&quot;value&quot;:&quot;&lt;i class=\\&quot;fas fa-caret-down\\&quot; aria-hidden=\\&quot;true\\&quot;&gt;&lt;\\\/i&gt;&quot;,&quot;library&quot;:&quot;fa-solid&quot;},&quot;toggle&quot;:&quot;burger&quot;}\" data-widget_type=\"nav-menu.default\">\n\t\t\t\t<div class=\"elementor-widget-container\">\n\t\t\t\t\t\t\t\t<nav aria-label=\"Menu\" class=\"elementor-nav-menu--main elementor-nav-menu__container elementor-nav-menu--layout-vertical e--pointer-underline e--animation-fade\">\n\t\t\t\t<ul id=\"menu-1-5ab00724\" class=\"elementor-nav-menu sm-vertical\"><li class=\"hellrosa menu-item menu-item-type-post_type menu-item-object-page menu-item-1628\"><a href=\"https:\/\/www.alpro-medical.de\/en\/mundspuelung\/\" class=\"elementor-item\">Oral antisepsis<\/a><\/li>\n<li class=\"dunkelrosa menu-item menu-item-type-post_type menu-item-object-page menu-item-1629\"><a href=\"https:\/\/www.alpro-medical.de\/en\/haendereinigung-desinfektion-und-pflege\/\" class=\"elementor-item\">Cleaning, disinfection and care of hands<\/a><\/li>\n<li class=\"hellblau menu-item menu-item-type-post_type menu-item-object-page menu-item-1630\"><a href=\"https:\/\/www.alpro-medical.de\/en\/reinigung\/\" class=\"elementor-item\">Cleaning<\/a><\/li>\n<li class=\"dunkelgruen menu-item menu-item-type-post_type menu-item-object-page menu-item-1631\"><a href=\"https:\/\/www.alpro-medical.de\/en\/oberflaechenreinigung-und-desinfektion\/\" class=\"elementor-item\">Cleaning and disinfection of surfaces<\/a><\/li>\n<li class=\"dunkelblau menu-item menu-item-type-post_type menu-item-object-page menu-item-1632\"><a href=\"https:\/\/www.alpro-medical.de\/en\/manuelle-instrumentenreinigung-und-desinfektion\/\" class=\"elementor-item\">Manual cleaning and disinfection of instruments<\/a><\/li>\n<li class=\"dunkelblau menu-item menu-item-type-post_type menu-item-object-page menu-item-1633\"><a href=\"https:\/\/www.alpro-medical.de\/en\/maschinelle-aufbereitung\/\" class=\"elementor-item\">Mechanical processing<\/a><\/li>\n<li class=\"gelb menu-item menu-item-type-post_type menu-item-object-page menu-item-1634\"><a href=\"https:\/\/www.alpro-medical.de\/en\/absauganlagenreinigung\/\" class=\"elementor-item\">Cleaning of dental aspiration systems<\/a><\/li>\n<li class=\"gelb_fest menu-item menu-item-type-post_type menu-item-object-page menu-item-1635\"><a href=\"https:\/\/www.alpro-medical.de\/en\/abdruckdesinfektion\/\" class=\"elementor-item\">Disinfection of impressions<\/a><\/li>\n<li class=\"gelb menu-item menu-item-type-post_type menu-item-object-page menu-item-2090\"><a href=\"https:\/\/www.alpro-medical.de\/en\/printosept-id\/\" class=\"elementor-item\">\u00a0 <i class=\"fas fa-arrow-circle-right\"><\/i>\u00a0\u00a0PrintoSept-ID<\/a><\/li>\n<li class=\"gelb menu-item menu-item-type-post_type menu-item-object-page menu-item-2091\"><a href=\"https:\/\/www.alpro-medical.de\/en\/alprosol\/\" class=\"elementor-item\">\u00a0 <i class=\"fas fa-arrow-circle-right\"><\/i>\u00a0\u00a0AlproSol<\/a><\/li>\n<li class=\"gelb menu-item menu-item-type-post_type menu-item-object-page menu-item-1636\"><a href=\"https:\/\/www.alpro-medical.de\/en\/reinigung-spezieller-anwendungen\/\" class=\"elementor-item\">Cleaning for special applications<\/a><\/li>\n<li class=\"blau menu-item menu-item-type-post_type menu-item-object-page menu-item-1637\"><a href=\"https:\/\/www.alpro-medical.de\/en\/betriebswasserentkeimung\/\" class=\"elementor-item\">Decontamination of treatment water<\/a><\/li>\n<li class=\"blau menu-item menu-item-type-post_type menu-item-object-page menu-item-1638\"><a href=\"https:\/\/www.alpro-medical.de\/en\/geraete-zur-betriebswasserversorgung-und-entkeimung\/\" class=\"elementor-item\">Devices for treatment water supply and decontamination<\/a><\/li>\n<li class=\"grau menu-item menu-item-type-post_type menu-item-object-page menu-item-1639\"><a href=\"https:\/\/www.alpro-medical.de\/en\/zubehoer\/\" class=\"elementor-item\">Accessories<\/a><\/li>\n<li class=\"rot menu-item menu-item-type-post_type menu-item-object-page menu-item-1640\"><a href=\"https:\/\/www.alpro-medical.de\/en\/restproteinbestimmung-procheck\/\" class=\"elementor-item\">Residual protein determination - ProCheck<\/a><\/li>\n<\/ul>\t\t\t<\/nav>\n\t\t\t\t\t<div class=\"elementor-menu-toggle\" role=\"button\" tabindex=\"0\" aria-label=\"Menu Toggle\" aria-expanded=\"false\">\n\t\t\t<i aria-hidden=\"true\" role=\"presentation\" class=\"elementor-menu-toggle__icon--open eicon-menu-bar\"><\/i><i aria-hidden=\"true\" role=\"presentation\" class=\"elementor-menu-toggle__icon--close eicon-close\"><\/i>\t\t<\/div>\n\t\t\t\t\t<nav class=\"elementor-nav-menu--dropdown elementor-nav-menu__container\" aria-hidden=\"true\">\n\t\t\t\t<ul id=\"menu-2-5ab00724\" class=\"elementor-nav-menu sm-vertical\"><li class=\"hellrosa menu-item menu-item-type-post_type menu-item-object-page menu-item-1628\"><a href=\"https:\/\/www.alpro-medical.de\/en\/mundspuelung\/\" class=\"elementor-item\" tabindex=\"-1\">Oral antisepsis<\/a><\/li>\n<li class=\"dunkelrosa menu-item menu-item-type-post_type menu-item-object-page menu-item-1629\"><a href=\"https:\/\/www.alpro-medical.de\/en\/haendereinigung-desinfektion-und-pflege\/\" class=\"elementor-item\" tabindex=\"-1\">Cleaning, disinfection and care of hands<\/a><\/li>\n<li class=\"hellblau menu-item menu-item-type-post_type menu-item-object-page menu-item-1630\"><a href=\"https:\/\/www.alpro-medical.de\/en\/reinigung\/\" class=\"elementor-item\" tabindex=\"-1\">Cleaning<\/a><\/li>\n<li class=\"dunkelgruen menu-item menu-item-type-post_type menu-item-object-page menu-item-1631\"><a href=\"https:\/\/www.alpro-medical.de\/en\/oberflaechenreinigung-und-desinfektion\/\" class=\"elementor-item\" tabindex=\"-1\">Cleaning and disinfection of surfaces<\/a><\/li>\n<li class=\"dunkelblau menu-item menu-item-type-post_type menu-item-object-page menu-item-1632\"><a href=\"https:\/\/www.alpro-medical.de\/en\/manuelle-instrumentenreinigung-und-desinfektion\/\" class=\"elementor-item\" tabindex=\"-1\">Manual cleaning and disinfection of instruments<\/a><\/li>\n<li class=\"dunkelblau menu-item menu-item-type-post_type menu-item-object-page menu-item-1633\"><a href=\"https:\/\/www.alpro-medical.de\/en\/maschinelle-aufbereitung\/\" class=\"elementor-item\" tabindex=\"-1\">Mechanical processing<\/a><\/li>\n<li class=\"gelb menu-item menu-item-type-post_type menu-item-object-page menu-item-1634\"><a href=\"https:\/\/www.alpro-medical.de\/en\/absauganlagenreinigung\/\" class=\"elementor-item\" tabindex=\"-1\">Cleaning of dental aspiration systems<\/a><\/li>\n<li class=\"gelb_fest menu-item menu-item-type-post_type menu-item-object-page menu-item-1635\"><a href=\"https:\/\/www.alpro-medical.de\/en\/abdruckdesinfektion\/\" class=\"elementor-item\" tabindex=\"-1\">Disinfection of impressions<\/a><\/li>\n<li class=\"gelb menu-item menu-item-type-post_type menu-item-object-page menu-item-2090\"><a href=\"https:\/\/www.alpro-medical.de\/en\/printosept-id\/\" class=\"elementor-item\" tabindex=\"-1\">\u00a0 <i class=\"fas fa-arrow-circle-right\"><\/i>\u00a0\u00a0PrintoSept-ID<\/a><\/li>\n<li class=\"gelb menu-item menu-item-type-post_type menu-item-object-page menu-item-2091\"><a href=\"https:\/\/www.alpro-medical.de\/en\/alprosol\/\" class=\"elementor-item\" tabindex=\"-1\">\u00a0 <i class=\"fas fa-arrow-circle-right\"><\/i>\u00a0\u00a0AlproSol<\/a><\/li>\n<li class=\"gelb menu-item menu-item-type-post_type menu-item-object-page menu-item-1636\"><a href=\"https:\/\/www.alpro-medical.de\/en\/reinigung-spezieller-anwendungen\/\" class=\"elementor-item\" tabindex=\"-1\">Cleaning for special applications<\/a><\/li>\n<li class=\"blau menu-item menu-item-type-post_type menu-item-object-page menu-item-1637\"><a href=\"https:\/\/www.alpro-medical.de\/en\/betriebswasserentkeimung\/\" class=\"elementor-item\" tabindex=\"-1\">Decontamination of treatment water<\/a><\/li>\n<li class=\"blau menu-item menu-item-type-post_type menu-item-object-page menu-item-1638\"><a href=\"https:\/\/www.alpro-medical.de\/en\/geraete-zur-betriebswasserversorgung-und-entkeimung\/\" class=\"elementor-item\" tabindex=\"-1\">Devices for treatment water supply and decontamination<\/a><\/li>\n<li class=\"grau menu-item menu-item-type-post_type menu-item-object-page menu-item-1639\"><a href=\"https:\/\/www.alpro-medical.de\/en\/zubehoer\/\" class=\"elementor-item\" tabindex=\"-1\">Accessories<\/a><\/li>\n<li class=\"rot menu-item menu-item-type-post_type menu-item-object-page menu-item-1640\"><a href=\"https:\/\/www.alpro-medical.de\/en\/restproteinbestimmung-procheck\/\" class=\"elementor-item\" tabindex=\"-1\">Residual protein determination - ProCheck<\/a><\/li>\n<\/ul>\t\t\t<\/nav>\n\t\t\t\t\t\t<\/div>\n\t\t\t\t<\/div>\n\t\t\t\t<\/div>\n\t\t\t\t\t<\/div>\n\t\t\t\t<\/div>\n\t\t<div class=\"elementor-element elementor-element-d019ea3 e-flex e-con-boxed e-con e-parent\" data-id=\"d019ea3\" data-element_type=\"container\" data-e-type=\"container\">\n\t\t\t\t\t<div class=\"e-con-inner\">\n\t\t\t\t<div class=\"elementor-element elementor-element-e866415 elementor-widget elementor-widget-wpfd_choose_category\" data-id=\"e866415\" data-element_type=\"widget\" data-e-type=\"widget\" data-no-translation=\"\" data-widget_type=\"wpfd_choose_category.default\">\n\t\t\t\t<div class=\"elementor-widget-container\">\n\t\t\t\t\t<style>.elementor-element-e866415{display:none !important}<\/style>\t\t\t\t<\/div>\n\t\t\t\t<\/div>\n\t\t\t\t<div class=\"elementor-element elementor-element-f60a295 elementor-widget elementor-widget-wpfd_choose_category\" data-id=\"f60a295\" data-element_type=\"widget\" data-e-type=\"widget\" data-no-translation=\"\" data-widget_type=\"wpfd_choose_category.default\">\n\t\t\t\t<div class=\"elementor-widget-container\">\n\t\t\t\t\t<div id=\"wpfd-elementor-category\" class=\"wpfd-elementor-category\"><div class=\"wpfd-content wpfd-content-default wpfd-content-multi\" data-category=\"194\"             style=\"background-color: rgba(255, 255, 255, 0)\"><input type=\"hidden\" id=\"current_category_194\" value=\"194\" \/>                    <input type=\"hidden\" id=\"current_category_slug_194\" value=\"alprosol-products\" \/>                    <input type=\"hidden\" id=\"current_ordering_194\" value=\"title\" \/>                    <input type=\"hidden\" id=\"current_ordering_direction_194\" value=\"asc\" \/>                    <input type=\"hidden\" id=\"page_limit_194\" value=\"100\" \/><input type=\"hidden\" id=\"wpfd_display_empty_category_message\" value=\"0\" \/><input type=\"hidden\" id=\"wpfd_empty_category_message_val\" value=\"This file category has no files to display\" \/><input type=\"hidden\" id=\"wpfd_display_empty_folder\" value=\"0\" \/><input type=\"hidden\" id=\"wpfd_is_empty_subcategories\" value=\"1\" \/><input type=\"hidden\" id=\"wpfd_is_empty_files\" value=\"1\" \/><input type=\"hidden\" id=\"wpfd_root_category_id\" class=\"wpfd_root_category_id\" value=\"194\" \/><input type=\"hidden\" id=\"wpfd_root_category_theme\" class=\"wpfd_root_category_theme\" value=\"default\" \/><input type=\"hidden\" id=\"wpfd_root_category_clone_theme_type\" class=\"wpfd_root_category_clone_theme_type\" value=\"none\" \/><input type=\"hidden\" id=\"wpfd_root_category_type\" class=\"wpfd_root_category_type\" value=\"194\" \/><ul class=\"breadcrumbs wpfd-breadcrumbs-default head-category-default\">                            <li class=\"active\">AlproSol<\/li>                        <\/ul>    <script type=\"text\/x-handlebars-template\" class=\"wpfd-template-categories\">        <div class=\"wpfd-categories \">{{#if category}}{{#with category}}{{#if parent}}<a class=\"catlink backcategory\" href=\"#\" data-idcat=\"{{parent}}\">                        <i class=\"zmdi zmdi-chevron-left\"><\/i><span>Back<\/span><\/a>{{\/if}}{{\/with}}{{\/if}}{{#if category.desc}}<div class=\"wpfd-category-desc\">{{category.desc}}<\/div>{{\/if}}{{#if categories}}{{#each categories}}<a class=\"wpfdcategory catlink \" style=\"margin : 10px 10px 10px 10px;\" href=\"#\" data-idcat=\"{{termID}}\" title=\"{{name}}\">                                <span>{{name}}<\/span><i class=\"zmdi zmdi-folder wpfd-folder\"><\/i>                            <\/a>{{\/each}}{{\/if}}<div class=\"wpfdcategory_placeholder\" style=\"margin : 0 10px 0 10px;\"><\/div><div class=\"wpfdcategory_placeholder\" style=\"margin : 0 10px 0 10px;\"><\/div><div class=\"wpfdcategory_placeholder\" style=\"margin : 0 10px 0 10px;\"><\/div><\/div>    <\/script>    <script type=\"text\/x-handlebars-template\" class=\"wpfd-template-files\">        {{#if files }}        <div class=\"wpfd_list\">            {{#each files}}            <div class=\"file {{ext}}\" style=\"margin : 10px 10px 10px 10px;\" data-id=\"{{ID}}\" data-catid=\"{{catid}}\">                <input type=\"hidden\" class=\"wpfd_file_preview_link_download\" value=\"{{linkdownload}}\" data-filetitle=\"{{post_title}}\" data-fileicons=\"ext ext-{{ext}} wpfd-icon-set-png\" \/>                <div class=\"filecontent\">                    {{#if file_custom_icon}}                    <div class=\"icon-custom\"><img decoding=\"async\" src=\"{{file_custom_icon}}\" \/><\/div>                    {{else}}                    <div class=\"ext ext-{{ext}} wpfd-icon-set-png\"><span class=\"txt\">{{ext}}<\/span><\/div>                    {{\/if}}<h3><a href=\"{{linkdownload}}\"   class=\"wpfd_downloadlink\" title=\"{{post_title}}\" target=\"{{#if remote_file}}_blank{{\/if}}\">{{{crop_title}}}<\/a><\/h3>                    <div class=\"file-xinfo\">                        {{#if versionNumber}}<div class=\"file-version\"><span>Version:<\/span> {{versionNumber}}<\/div>{{\/if}}<div class=\"file-size\"><span>Size:<\/span> {{bytesToSize size}}<\/div><div class=\"file-hits\"><span>Hits:<\/span> {{hits}}<\/div><div class=\"file-dated\"><span>Date added:<\/span> {{created}}<\/div><div class=\"file-dated\"><span>Date modified:<\/span> {{modified}}<\/div>                    <\/div>                <\/div>                <span class=\"file-right\">                    <a class=\"downloadlink wpfd_downloadlink\"  href=\"{{linkdownload}}\"  style=\"background-color:#76bc58;color:#ffffff;\" target=\"{{#if remote_file}}_blank{{\/if}}\">Download<i class=\"zmdi zmdi-cloud-download wpfd-download\"><\/i><\/a>                <\/span>            <\/div>            {{\/each}}            <div class=\"file flex_span\" style=\"margin : 10px 10px 10px 10px;\"><\/div>        <\/div>        {{\/if}}    <\/script>    <div class=\"wpfd-container show_breadcrumb show_subcategories\">                <div class=\"wpfd-open-tree\"><\/div>        <div class=\"wpfd-container-default\">            <div class=\"wpfd-categories\"><div class=\"wpfd-category-desc\"><\/div><\/div>                            <div class=\"wpfd_list\">                                                                        <div class=\"file pdf\" style=\"margin : 10px 10px 10px 10px;\"                                 data-id=\"3381\"                                 data-catid=\"157\">                                                                <input type=\"hidden\" class=\"wpfd_file_preview_link_download\" value=\"https:\/\/www.alpro-medical.de\/download\/157\/safety-data-sheets\/3381\/safety-data-sheet-alprosol-gb.pdf\"                                       data-filetitle=\"Safety Data Sheet - AlproSol GB\" data-fileicons=\"ext ext-pdf wpfd-icon-set-png\" \/>                                <div class=\"filecontent\">                                    <div class=\"ext ext-pdf wpfd-icon-set-png\"><span class=\"txt\">pdf<\/span><\/div><h3><a href=\"https:\/\/www.alpro-medical.de\/download\/157\/safety-data-sheets\/3381\/safety-data-sheet-alprosol-gb.pdf\"   class=\"wpfd_downloadlink\" title=\"Safety Data Sheet - AlproSol GB\" target=\"\">Safety Data Sheet - AlproSol GB<\/a><\/h3>                                    <div class=\"file-xinfo\">                                        <div class=\"file-size\"><span>Size:<\/span> 208.85 KB<\/div><div class=\"file-hits\"><span>Hits:<\/span> 441<\/div><div class=\"file-dated\"><span>Date added:<\/span> 12-09-2023<\/div><div class=\"file-dated\"><span>Date modified:<\/span> 30-07-2025<\/div>                                    <\/div>                                <\/div>                                <div class=\"file-right\">                                    <a class=\"downloadlink wpfd_downloadlink\"  href=\"https:\/\/www.alpro-medical.de\/download\/157\/safety-data-sheets\/3381\/safety-data-sheet-alprosol-gb.pdf\"  style=\"background-color:#76bc58;color:#ffffff;\" target=\"\">Download<i class=\"zmdi zmdi-cloud-download wpfd-download\"><\/i><\/a>                                <\/div>                            <\/div>                                                                                                <div class=\"file pdf\" style=\"margin : 10px 10px 10px 10px;\"                                 data-id=\"3014\"                                 data-catid=\"194\">                                                                <input type=\"hidden\" class=\"wpfd_file_preview_link_download\" value=\"https:\/\/www.alpro-medical.de\/download\/194\/alprosol\/3014\/standardized-work-instruction-alprosol.pdf\"                                       data-filetitle=\"Standardized work instruction - AlproSol\" data-fileicons=\"ext ext-pdf wpfd-icon-set-png\" \/>                                <div class=\"filecontent\">                                    <div class=\"ext ext-pdf wpfd-icon-set-png\"><span class=\"txt\">pdf<\/span><\/div><h3><a href=\"https:\/\/www.alpro-medical.de\/download\/194\/alprosol\/3014\/standardized-work-instruction-alprosol.pdf\"   class=\"wpfd_downloadlink\" title=\"Standardized work instruction - AlproSol\" target=\"\">Standardized work instruction - AlproSol<\/a><\/h3>                                    <div class=\"file-xinfo\">                                        <div class=\"file-size\"><span>Size:<\/span> 161.78 KB<\/div><div class=\"file-hits\"><span>Hits:<\/span> 282<\/div><div class=\"file-dated\"><span>Date added:<\/span> 28-08-2023<\/div><div class=\"file-dated\"><span>Date modified:<\/span> 28-08-2023<\/div>                                    <\/div>                                <\/div>                                <div class=\"file-right\">                                    <a class=\"downloadlink wpfd_downloadlink\"  href=\"https:\/\/www.alpro-medical.de\/download\/194\/alprosol\/3014\/standardized-work-instruction-alprosol.pdf\"  style=\"background-color:#76bc58;color:#ffffff;\" target=\"\">Download<i class=\"zmdi zmdi-cloud-download wpfd-download\"><\/i><\/a>                                <\/div>                            <\/div>                                                                <div class=\"file flex_span\" style=\"margin : 10px 10px 10px 10px;\"><\/div>                <\/div>                                <\/div>    <\/div><\/div><\/div>\t\t\t\t<\/div>\n\t\t\t\t<\/div>\n\t\t\t\t\t<\/div>\n\t\t\t\t<\/div>\n\t\t\t\t<\/div>","protected":false},"excerpt":{"rendered":"<p>AlproSol Fl\u00fcssigkonzentrat zur Reinigung von Abdruckl\u00f6ffeln, Anmischspateln und Instrumenten. Die Wirkstoffl\u00f6sung ist auch in Ultraschallger\u00e4ten verwendbar. \u00a0 Wirkstoffbasis Hochwirksames, pH-neutrales Reinigungskonzentrat zum L\u00f6sen von organischen und anorganischen R\u00fcckst\u00e4nden auf Basis nicht- und anionischer Tenside und Komplexbildner. \u00a0 Anwendungszeitraum Standzeit 2 Tage \u00a0 Hinweis:\u00a0 AlproSol eignet sich auch zur Entfernung von Alginathaftlacken. \u00a0 Lieferformen AlproSol REF [&hellip;]<\/p>\n","protected":false},"author":1,"featured_media":0,"parent":0,"menu_order":0,"comment_status":"closed","ping_status":"closed","template":"","meta":{"footnotes":""},"class_list":["post-1873","page","type-page","status-publish","hentry"],"_links":{"self":[{"href":"https:\/\/www.alpro-medical.de\/en\/wp-json\/wp\/v2\/pages\/1873","targetHints":{"allow":["GET"]}}],"collection":[{"href":"https:\/\/www.alpro-medical.de\/en\/wp-json\/wp\/v2\/pages"}],"about":[{"href":"https:\/\/www.alpro-medical.de\/en\/wp-json\/wp\/v2\/types\/page"}],"author":[{"embeddable":true,"href":"https:\/\/www.alpro-medical.de\/en\/wp-json\/wp\/v2\/users\/1"}],"replies":[{"embeddable":true,"href":"https:\/\/www.alpro-medical.de\/en\/wp-json\/wp\/v2\/comments?post=1873"}],"version-history":[{"count":25,"href":"https:\/\/www.alpro-medical.de\/en\/wp-json\/wp\/v2\/pages\/1873\/revisions"}],"predecessor-version":[{"id":4979,"href":"https:\/\/www.alpro-medical.de\/en\/wp-json\/wp\/v2\/pages\/1873\/revisions\/4979"}],"wp:attachment":[{"href":"https:\/\/www.alpro-medical.de\/en\/wp-json\/wp\/v2\/media?parent=1873"}],"curies":[{"name":"wp","href":"https:\/\/api.w.org\/{rel}","templated":true}]}}