{"id":1847,"date":"2023-07-19T17:08:14","date_gmt":"2023-07-19T15:08:14","guid":{"rendered":"https:\/\/alproarchiv.de\/?page_id=1847"},"modified":"2026-04-17T11:43:38","modified_gmt":"2026-04-17T09:43:38","slug":"wl-adapter-fuer-spraywasser-sprayluftkanaele","status":"publish","type":"page","link":"https:\/\/www.alpro-medical.de\/en\/wl-adapter-fuer-spraywasser-sprayluftkanaele\/","title":{"rendered":"WL-Adapter f\u00fcr Spraywasser- \/ Sprayluftkan\u00e4le"},"content":{"rendered":"<div data-elementor-type=\"wp-page\" data-elementor-id=\"1847\" class=\"elementor elementor-1847\" data-elementor-post-type=\"page\">\n\t\t\t\t<div class=\"elementor-element elementor-element-58da9548 e-flex e-con-boxed e-con e-parent\" data-id=\"58da9548\" data-element_type=\"container\" data-e-type=\"container\" data-settings=\"{&quot;background_background&quot;:&quot;classic&quot;}\">\n\t\t\t\t\t<div class=\"e-con-inner\">\n\t\t\t\t<div class=\"elementor-element elementor-element-196e24da elementor-widget elementor-widget-image\" data-id=\"196e24da\" data-element_type=\"widget\" data-e-type=\"widget\" data-widget_type=\"image.default\">\n\t\t\t\t<div class=\"elementor-widget-container\">\n\t\t\t\t\t\t\t\t\t\t\t\t\t\t\t<img fetchpriority=\"high\" decoding=\"async\" width=\"800\" height=\"146\" src=\"https:\/\/www.alpro-medical.de\/wp-content\/uploads\/2023\/07\/header_manuelle_instrumentenreinigung.jpg\" class=\"attachment-large size-large wp-image-413\" alt=\"\" srcset=\"https:\/\/www.alpro-medical.de\/wp-content\/uploads\/2023\/07\/header_manuelle_instrumentenreinigung.jpg 930w, https:\/\/www.alpro-medical.de\/wp-content\/uploads\/2023\/07\/header_manuelle_instrumentenreinigung-300x55.jpg 300w, https:\/\/www.alpro-medical.de\/wp-content\/uploads\/2023\/07\/header_manuelle_instrumentenreinigung-768x140.jpg 768w\" sizes=\"(max-width: 800px) 100vw, 800px\" \/>\t\t\t\t\t\t\t\t\t\t\t\t\t\t\t<\/div>\n\t\t\t\t<\/div>\n\t\t\t\t\t<\/div>\n\t\t\t\t<\/div>\n\t\t<div class=\"elementor-element elementor-element-5431f993 e-flex e-con-boxed e-con e-parent\" data-id=\"5431f993\" data-element_type=\"container\" data-e-type=\"container\">\n\t\t\t\t\t<div class=\"e-con-inner\">\n\t\t<div class=\"elementor-element elementor-element-b869410 e-con-full e-flex e-con e-child\" data-id=\"b869410\" data-element_type=\"container\" data-e-type=\"container\">\n\t\t\t\t<div class=\"elementor-element elementor-element-45cea91b elementor-widget elementor-widget-text-editor\" data-id=\"45cea91b\" data-element_type=\"widget\" data-e-type=\"widget\" data-no-translation=\"\" data-widget_type=\"text-editor.default\">\n\t\t\t\t<div class=\"elementor-widget-container\">\n\t\t\t\t\t<style>.elementor-element-45cea91b{display:none !important}<\/style>\t\t\t\t<\/div>\n\t\t\t\t<\/div>\n\t\t\t\t<div class=\"elementor-element elementor-element-b4c965a elementor-widget elementor-widget-text-editor\" data-id=\"b4c965a\" data-element_type=\"widget\" data-e-type=\"widget\" data-no-translation=\"\" data-widget_type=\"text-editor.default\">\n\t\t\t\t<div class=\"elementor-widget-container\">\n\t\t\t\t\t\t\t\t\t<h2><span style=\"color: #ff0000;\">WL-Adapters for spray water and spray air channels<\/span><\/h2><h5><span style=\"color: #ff0000;\">WL-Adapter 03* (stainless steel)<\/span><\/h5><div><div class=\"floatRight\"><img decoding=\"async\" class=\"wp-image-4388  alignright\" src=\"https:\/\/www.alpro-medical.de\/wp-content\/uploads\/2024\/03\/Adapter03_gespiegelt-300x112.jpg\" alt=\"\" width=\"107\" height=\"40\" srcset=\"https:\/\/www.alpro-medical.de\/wp-content\/uploads\/2024\/03\/Adapter03_gespiegelt-300x112.jpg 300w, https:\/\/www.alpro-medical.de\/wp-content\/uploads\/2024\/03\/Adapter03_gespiegelt-536x200.jpg 536w, https:\/\/www.alpro-medical.de\/wp-content\/uploads\/2024\/03\/Adapter03_gespiegelt-768x287.jpg 768w, https:\/\/www.alpro-medical.de\/wp-content\/uploads\/2024\/03\/Adapter03_gespiegelt-18x7.jpg 18w, https:\/\/www.alpro-medical.de\/wp-content\/uploads\/2024\/03\/Adapter03_gespiegelt.jpg 839w\" sizes=\"(max-width: 107px) 100vw, 107px\" \/><\/div><p>Adapter only for spray water and spray air channels of turbines with Sirona-interface.<\/p><ul><li><strong><span class=\"caps\">REF<\/span> 3523<\/strong><\/li><\/ul><hr \/><\/div><h5><span style=\"color: #ff0000;\">WL-Adapter 04* (stainless steel)<\/span><\/h5><div><div class=\"floatRight\"><img decoding=\"async\" class=\"wp-image-3676  alignright\" src=\"https:\/\/www.alpro-medical.de\/wp-content\/uploads\/2023\/09\/wl_c_adapter_04_de-300x141.jpg\" alt=\"\" width=\"108\" height=\"51\" srcset=\"https:\/\/www.alpro-medical.de\/wp-content\/uploads\/2023\/09\/wl_c_adapter_04_de-300x141.jpg 300w, https:\/\/www.alpro-medical.de\/wp-content\/uploads\/2023\/09\/wl_c_adapter_04_de-426x200.jpg 426w, https:\/\/www.alpro-medical.de\/wp-content\/uploads\/2023\/09\/wl_c_adapter_04_de-18x8.jpg 18w, https:\/\/www.alpro-medical.de\/wp-content\/uploads\/2023\/09\/wl_c_adapter_04_de.jpg 500w\" sizes=\"(max-width: 108px) 100vw, 108px\" \/><\/div><p>Adapter only for spray water and spray air channels for turbines with Multiflex-(KaVo\/SciCan) interface.<\/p><ul><li><strong><span class=\"caps\">REF<\/span> 3524<\/strong><\/li><\/ul><hr \/><\/div><h5><span style=\"color: #ff0000;\">WL-Adapter 06* (stainless steel)<\/span><\/h5><div><div class=\"floatRight\"><img loading=\"lazy\" decoding=\"async\" class=\"wp-image-3666 alignright\" src=\"https:\/\/www.alpro-medical.de\/wp-content\/uploads\/2023\/09\/wl_c_adapter_06_de.jpg\" alt=\"\" width=\"115\" height=\"37\" srcset=\"https:\/\/www.alpro-medical.de\/wp-content\/uploads\/2023\/09\/wl_c_adapter_06_de.jpg 500w, https:\/\/www.alpro-medical.de\/wp-content\/uploads\/2023\/09\/wl_c_adapter_06_de-300x96.jpg 300w, https:\/\/www.alpro-medical.de\/wp-content\/uploads\/2023\/09\/wl_c_adapter_06_de-18x6.jpg 18w\" sizes=\"(max-width: 115px) 100vw, 115px\" \/><\/div><p>Adapter only for spray water and spray air channels for turbines with Roto-Quick-interface (W&amp;H).<\/p><ul><li><strong><span class=\"caps\">REF<\/span> 3526<\/strong><\/li><\/ul><hr \/><\/div><h5><span style=\"color: #ff0000;\">All adapters listed here are not suitable for oiling care!<\/span><\/h5><hr \/><div><h6><span style=\"color: #ff0000;\">*Please note manufacturer approvals!<\/span><\/h6><\/div>\t\t\t\t\t\t\t\t<\/div>\n\t\t\t\t<\/div>\n\t\t\t\t<\/div>\n\t\t<div class=\"elementor-element elementor-element-331db48d e-con-full e-flex e-con e-child\" data-id=\"331db48d\" data-element_type=\"container\" data-e-type=\"container\">\n\t\t\t\t<div class=\"elementor-element elementor-element-7d0eaeef elementor-nav-menu--dropdown-tablet elementor-nav-menu__text-align-aside elementor-nav-menu--toggle elementor-nav-menu--burger elementor-widget elementor-widget-nav-menu\" data-id=\"7d0eaeef\" data-element_type=\"widget\" data-e-type=\"widget\" data-settings=\"{&quot;layout&quot;:&quot;vertical&quot;,&quot;submenu_icon&quot;:{&quot;value&quot;:&quot;&lt;i class=\\&quot;fas fa-caret-down\\&quot; aria-hidden=\\&quot;true\\&quot;&gt;&lt;\\\/i&gt;&quot;,&quot;library&quot;:&quot;fa-solid&quot;},&quot;toggle&quot;:&quot;burger&quot;}\" data-widget_type=\"nav-menu.default\">\n\t\t\t\t<div class=\"elementor-widget-container\">\n\t\t\t\t\t\t\t\t<nav aria-label=\"Men\u00fc\" class=\"elementor-nav-menu--main elementor-nav-menu__container elementor-nav-menu--layout-vertical e--pointer-underline e--animation-fade\">\n\t\t\t\t<ul id=\"menu-1-7d0eaeef\" class=\"elementor-nav-menu sm-vertical\"><li class=\"hellrosa menu-item menu-item-type-post_type menu-item-object-page menu-item-1589\"><a href=\"https:\/\/www.alpro-medical.de\/en\/mundspuelung\/\" class=\"elementor-item\">Oral antisepsis<\/a><\/li>\n<li class=\"dunkelrosa menu-item menu-item-type-post_type menu-item-object-page menu-item-1590\"><a href=\"https:\/\/www.alpro-medical.de\/en\/haendereinigung-desinfektion-und-pflege\/\" class=\"elementor-item\">Cleaning, disinfection and care of hands<\/a><\/li>\n<li class=\"hellblau menu-item menu-item-type-post_type menu-item-object-page menu-item-1591\"><a href=\"https:\/\/www.alpro-medical.de\/en\/reinigung\/\" class=\"elementor-item\">Cleaning<\/a><\/li>\n<li class=\"dunkelgruen menu-item menu-item-type-post_type menu-item-object-page menu-item-1592\"><a href=\"https:\/\/www.alpro-medical.de\/en\/oberflaechenreinigung-und-desinfektion\/\" class=\"elementor-item\">Cleaning and disinfection of surfaces<\/a><\/li>\n<li class=\"dunkelblau_fest menu-item menu-item-type-post_type menu-item-object-page menu-item-1593\"><a href=\"https:\/\/www.alpro-medical.de\/en\/manuelle-instrumentenreinigung-und-desinfektion\/\" class=\"elementor-item\">Manual cleaning and disinfection of instruments<\/a><\/li>\n<li class=\"dunkelblau menu-item menu-item-type-post_type menu-item-object-page menu-item-2044\"><a href=\"https:\/\/www.alpro-medical.de\/en\/alprozyme\/\" class=\"elementor-item\">\u00a0 <i class=\"fas fa-arrow-circle-right\"><\/i>\u00a0\u00a0AlproZyme<\/a><\/li>\n<li class=\"dunkelblau menu-item menu-item-type-post_type menu-item-object-page menu-item-2045\"><a href=\"https:\/\/www.alpro-medical.de\/en\/ic-100\/\" class=\"elementor-item\">\u00a0 <i class=\"fas fa-arrow-circle-right\"><\/i>\u00a0\u00a0IC-100<\/a><\/li>\n<li class=\"dunkelblau menu-item menu-item-type-post_type menu-item-object-page menu-item-2046\"><a href=\"https:\/\/www.alpro-medical.de\/en\/bib-forte-eco\/\" class=\"elementor-item\">\u00a0 <i class=\"fas fa-arrow-circle-right\"><\/i>\u00a0\u00a0BIB forte eco<\/a><\/li>\n<li class=\"dunkelblau menu-item menu-item-type-post_type menu-item-object-page menu-item-2049\"><a href=\"https:\/\/www.alpro-medical.de\/en\/wl-clean\/\" class=\"elementor-item\">\u00a0 <i class=\"fas fa-arrow-circle-right\"><\/i>\u00a0\u00a0WL-clean<\/a><\/li>\n<li class=\"dunkelblau menu-item menu-item-type-post_type menu-item-object-page menu-item-2050\"><a href=\"https:\/\/www.alpro-medical.de\/en\/wl-cid\/\" class=\"elementor-item\">\u00a0 <i class=\"fas fa-arrow-circle-right\"><\/i>\u00a0\u00a0WL-cid<\/a><\/li>\n<li class=\"dunkelblau menu-item menu-item-type-post_type menu-item-object-page menu-item-2048\"><a href=\"https:\/\/www.alpro-medical.de\/en\/wl-dry\/\" class=\"elementor-item\">\u00a0 <i class=\"fas fa-arrow-circle-right\"><\/i>\u00a0\u00a0WL-dry<\/a><\/li>\n<li class=\"dunkelblau menu-item menu-item-type-post_type menu-item-object-page menu-item-2055\"><a href=\"https:\/\/www.alpro-medical.de\/en\/waterjet\/\" class=\"elementor-item\">\u00a0 <i class=\"fas fa-arrow-circle-right\"><\/i>\u00a0\u00a0WaterJet<\/a><\/li>\n<li class=\"dunkelblau menu-item menu-item-type-post_type menu-item-object-page menu-item-2051\"><a href=\"https:\/\/www.alpro-medical.de\/en\/wl-blow\/\" class=\"elementor-item\">\u00a0 <i class=\"fas fa-arrow-circle-right\"><\/i>\u00a0\u00a0WL-Blow<\/a><\/li>\n<li class=\"dunkelblau menu-item menu-item-type-post_type menu-item-object-page menu-item-2054\"><a href=\"https:\/\/www.alpro-medical.de\/en\/wl-adapter-fuer-die-gesamte-innenreinigung\/\" class=\"elementor-item\">\u00a0 <i class=\"fas fa-arrow-circle-right\"><\/i>\u00a0\u00a0WL-Adapter f\u00fcr die gesamte Innenreinigung<\/a><\/li>\n<li class=\"dunkelblau menu-item menu-item-type-post_type menu-item-object-page menu-item-2052\"><a href=\"https:\/\/www.alpro-medical.de\/en\/wl-adapter-fuer-ultraschall-und-airscalerspitzen\/\" class=\"elementor-item\">\u00a0 <i class=\"fas fa-arrow-circle-right\"><\/i>\u00a0\u00a0WL-Adapter f\u00fcr Ultraschall- und Airscalerspitzen<\/a><\/li>\n<li class=\"dunkelblau menu-item menu-item-type-post_type menu-item-object-page menu-item-2047\"><a href=\"https:\/\/www.alpro-medical.de\/en\/wl-universaladapter\/\" class=\"elementor-item\">\u00a0 <i class=\"fas fa-arrow-circle-right\"><\/i>\u00a0\u00a0WL-Universaladapter<\/a><\/li>\n<li class=\"dunkelblau menu-item menu-item-type-post_type menu-item-object-page menu-item-2053\"><a href=\"https:\/\/www.alpro-medical.de\/en\/wl-adapter-fuer-spraywasser-sprayluftkanaele\/\" class=\"elementor-item\">\u00a0 <i class=\"fas fa-arrow-circle-right\"><\/i>\u00a0\u00a0WL-Adapter f\u00fcr Spraywasser- \/ Sprayluftkan\u00e4le<\/a><\/li>\n<li class=\"dunkelblau menu-item menu-item-type-post_type menu-item-object-page menu-item-2059\"><a href=\"https:\/\/www.alpro-medical.de\/en\/bc-san-100\/\" class=\"elementor-item\">\u00a0 <i class=\"fas fa-arrow-circle-right\"><\/i>\u00a0\u00a0BC-San 100<\/a><\/li>\n<li class=\"dunkelblau menu-item menu-item-type-post_type menu-item-object-page menu-item-1594\"><a href=\"https:\/\/www.alpro-medical.de\/en\/maschinelle-aufbereitung\/\" class=\"elementor-item\">Mechanical processing<\/a><\/li>\n<li class=\"gelb menu-item menu-item-type-post_type menu-item-object-page menu-item-1595\"><a href=\"https:\/\/www.alpro-medical.de\/en\/absauganlagenreinigung\/\" class=\"elementor-item\">Cleaning of dental aspiration systems<\/a><\/li>\n<li class=\"gelb menu-item menu-item-type-post_type menu-item-object-page menu-item-1596\"><a href=\"https:\/\/www.alpro-medical.de\/en\/abdruckdesinfektion\/\" class=\"elementor-item\">Disinfection of impressions<\/a><\/li>\n<li class=\"gelb menu-item menu-item-type-post_type menu-item-object-page menu-item-1597\"><a href=\"https:\/\/www.alpro-medical.de\/en\/reinigung-spezieller-anwendungen\/\" class=\"elementor-item\">Cleaning for special applications<\/a><\/li>\n<li class=\"blau menu-item menu-item-type-post_type menu-item-object-page menu-item-1598\"><a href=\"https:\/\/www.alpro-medical.de\/en\/betriebswasserentkeimung\/\" class=\"elementor-item\">Decontamination of treatment water<\/a><\/li>\n<li class=\"blau menu-item menu-item-type-post_type menu-item-object-page menu-item-1599\"><a href=\"https:\/\/www.alpro-medical.de\/en\/geraete-zur-betriebswasserversorgung-und-entkeimung\/\" class=\"elementor-item\">Devices for treatment water supply and decontamination<\/a><\/li>\n<li class=\"grau menu-item menu-item-type-post_type menu-item-object-page menu-item-1600\"><a href=\"https:\/\/www.alpro-medical.de\/en\/zubehoer\/\" class=\"elementor-item\">Accessories<\/a><\/li>\n<li class=\"rot menu-item menu-item-type-post_type menu-item-object-page menu-item-1601\"><a href=\"https:\/\/www.alpro-medical.de\/en\/restproteinbestimmung-procheck\/\" class=\"elementor-item\">Residual protein determination - ProCheck<\/a><\/li>\n<\/ul>\t\t\t<\/nav>\n\t\t\t\t\t<div class=\"elementor-menu-toggle\" role=\"button\" tabindex=\"0\" aria-label=\"Menu Toggle\" aria-expanded=\"false\">\n\t\t\t<i aria-hidden=\"true\" role=\"presentation\" class=\"elementor-menu-toggle__icon--open eicon-menu-bar\"><\/i><i aria-hidden=\"true\" role=\"presentation\" class=\"elementor-menu-toggle__icon--close eicon-close\"><\/i>\t\t<\/div>\n\t\t\t\t\t<nav class=\"elementor-nav-menu--dropdown elementor-nav-menu__container\" aria-hidden=\"true\">\n\t\t\t\t<ul id=\"menu-2-7d0eaeef\" class=\"elementor-nav-menu sm-vertical\"><li class=\"hellrosa menu-item menu-item-type-post_type menu-item-object-page menu-item-1589\"><a href=\"https:\/\/www.alpro-medical.de\/en\/mundspuelung\/\" class=\"elementor-item\" tabindex=\"-1\">Oral antisepsis<\/a><\/li>\n<li class=\"dunkelrosa menu-item menu-item-type-post_type menu-item-object-page menu-item-1590\"><a href=\"https:\/\/www.alpro-medical.de\/en\/haendereinigung-desinfektion-und-pflege\/\" class=\"elementor-item\" tabindex=\"-1\">Cleaning, disinfection and care of hands<\/a><\/li>\n<li class=\"hellblau menu-item menu-item-type-post_type menu-item-object-page menu-item-1591\"><a href=\"https:\/\/www.alpro-medical.de\/en\/reinigung\/\" class=\"elementor-item\" tabindex=\"-1\">Cleaning<\/a><\/li>\n<li class=\"dunkelgruen menu-item menu-item-type-post_type menu-item-object-page menu-item-1592\"><a href=\"https:\/\/www.alpro-medical.de\/en\/oberflaechenreinigung-und-desinfektion\/\" class=\"elementor-item\" tabindex=\"-1\">Cleaning and disinfection of surfaces<\/a><\/li>\n<li class=\"dunkelblau_fest menu-item menu-item-type-post_type menu-item-object-page menu-item-1593\"><a href=\"https:\/\/www.alpro-medical.de\/en\/manuelle-instrumentenreinigung-und-desinfektion\/\" class=\"elementor-item\" tabindex=\"-1\">Manual cleaning and disinfection of instruments<\/a><\/li>\n<li class=\"dunkelblau menu-item menu-item-type-post_type menu-item-object-page menu-item-2044\"><a href=\"https:\/\/www.alpro-medical.de\/en\/alprozyme\/\" class=\"elementor-item\" tabindex=\"-1\">\u00a0 <i class=\"fas fa-arrow-circle-right\"><\/i>\u00a0\u00a0AlproZyme<\/a><\/li>\n<li class=\"dunkelblau menu-item menu-item-type-post_type menu-item-object-page menu-item-2045\"><a href=\"https:\/\/www.alpro-medical.de\/en\/ic-100\/\" class=\"elementor-item\" tabindex=\"-1\">\u00a0 <i class=\"fas fa-arrow-circle-right\"><\/i>\u00a0\u00a0IC-100<\/a><\/li>\n<li class=\"dunkelblau menu-item menu-item-type-post_type menu-item-object-page menu-item-2046\"><a href=\"https:\/\/www.alpro-medical.de\/en\/bib-forte-eco\/\" class=\"elementor-item\" tabindex=\"-1\">\u00a0 <i class=\"fas fa-arrow-circle-right\"><\/i>\u00a0\u00a0BIB forte eco<\/a><\/li>\n<li class=\"dunkelblau menu-item menu-item-type-post_type menu-item-object-page menu-item-2049\"><a href=\"https:\/\/www.alpro-medical.de\/en\/wl-clean\/\" class=\"elementor-item\" tabindex=\"-1\">\u00a0 <i class=\"fas fa-arrow-circle-right\"><\/i>\u00a0\u00a0WL-clean<\/a><\/li>\n<li class=\"dunkelblau menu-item menu-item-type-post_type menu-item-object-page menu-item-2050\"><a href=\"https:\/\/www.alpro-medical.de\/en\/wl-cid\/\" class=\"elementor-item\" tabindex=\"-1\">\u00a0 <i class=\"fas fa-arrow-circle-right\"><\/i>\u00a0\u00a0WL-cid<\/a><\/li>\n<li class=\"dunkelblau menu-item menu-item-type-post_type menu-item-object-page menu-item-2048\"><a href=\"https:\/\/www.alpro-medical.de\/en\/wl-dry\/\" class=\"elementor-item\" tabindex=\"-1\">\u00a0 <i class=\"fas fa-arrow-circle-right\"><\/i>\u00a0\u00a0WL-dry<\/a><\/li>\n<li class=\"dunkelblau menu-item menu-item-type-post_type menu-item-object-page menu-item-2055\"><a href=\"https:\/\/www.alpro-medical.de\/en\/waterjet\/\" class=\"elementor-item\" tabindex=\"-1\">\u00a0 <i class=\"fas fa-arrow-circle-right\"><\/i>\u00a0\u00a0WaterJet<\/a><\/li>\n<li class=\"dunkelblau menu-item menu-item-type-post_type menu-item-object-page menu-item-2051\"><a href=\"https:\/\/www.alpro-medical.de\/en\/wl-blow\/\" class=\"elementor-item\" tabindex=\"-1\">\u00a0 <i class=\"fas fa-arrow-circle-right\"><\/i>\u00a0\u00a0WL-Blow<\/a><\/li>\n<li class=\"dunkelblau menu-item menu-item-type-post_type menu-item-object-page menu-item-2054\"><a href=\"https:\/\/www.alpro-medical.de\/en\/wl-adapter-fuer-die-gesamte-innenreinigung\/\" class=\"elementor-item\" tabindex=\"-1\">\u00a0 <i class=\"fas fa-arrow-circle-right\"><\/i>\u00a0\u00a0WL-Adapter f\u00fcr die gesamte Innenreinigung<\/a><\/li>\n<li class=\"dunkelblau menu-item menu-item-type-post_type menu-item-object-page menu-item-2052\"><a href=\"https:\/\/www.alpro-medical.de\/en\/wl-adapter-fuer-ultraschall-und-airscalerspitzen\/\" class=\"elementor-item\" tabindex=\"-1\">\u00a0 <i class=\"fas fa-arrow-circle-right\"><\/i>\u00a0\u00a0WL-Adapter f\u00fcr Ultraschall- und Airscalerspitzen<\/a><\/li>\n<li class=\"dunkelblau menu-item menu-item-type-post_type menu-item-object-page menu-item-2047\"><a href=\"https:\/\/www.alpro-medical.de\/en\/wl-universaladapter\/\" class=\"elementor-item\" tabindex=\"-1\">\u00a0 <i class=\"fas fa-arrow-circle-right\"><\/i>\u00a0\u00a0WL-Universaladapter<\/a><\/li>\n<li class=\"dunkelblau menu-item menu-item-type-post_type menu-item-object-page menu-item-2053\"><a href=\"https:\/\/www.alpro-medical.de\/en\/wl-adapter-fuer-spraywasser-sprayluftkanaele\/\" class=\"elementor-item\" tabindex=\"-1\">\u00a0 <i class=\"fas fa-arrow-circle-right\"><\/i>\u00a0\u00a0WL-Adapter f\u00fcr Spraywasser- \/ Sprayluftkan\u00e4le<\/a><\/li>\n<li class=\"dunkelblau menu-item menu-item-type-post_type menu-item-object-page menu-item-2059\"><a href=\"https:\/\/www.alpro-medical.de\/en\/bc-san-100\/\" class=\"elementor-item\" tabindex=\"-1\">\u00a0 <i class=\"fas fa-arrow-circle-right\"><\/i>\u00a0\u00a0BC-San 100<\/a><\/li>\n<li class=\"dunkelblau menu-item menu-item-type-post_type menu-item-object-page menu-item-1594\"><a href=\"https:\/\/www.alpro-medical.de\/en\/maschinelle-aufbereitung\/\" class=\"elementor-item\" tabindex=\"-1\">Mechanical processing<\/a><\/li>\n<li class=\"gelb menu-item menu-item-type-post_type menu-item-object-page menu-item-1595\"><a href=\"https:\/\/www.alpro-medical.de\/en\/absauganlagenreinigung\/\" class=\"elementor-item\" tabindex=\"-1\">Cleaning of dental aspiration systems<\/a><\/li>\n<li class=\"gelb menu-item menu-item-type-post_type menu-item-object-page menu-item-1596\"><a href=\"https:\/\/www.alpro-medical.de\/en\/abdruckdesinfektion\/\" class=\"elementor-item\" tabindex=\"-1\">Disinfection of impressions<\/a><\/li>\n<li class=\"gelb menu-item menu-item-type-post_type menu-item-object-page menu-item-1597\"><a href=\"https:\/\/www.alpro-medical.de\/en\/reinigung-spezieller-anwendungen\/\" class=\"elementor-item\" tabindex=\"-1\">Cleaning for special applications<\/a><\/li>\n<li class=\"blau menu-item menu-item-type-post_type menu-item-object-page menu-item-1598\"><a href=\"https:\/\/www.alpro-medical.de\/en\/betriebswasserentkeimung\/\" class=\"elementor-item\" tabindex=\"-1\">Decontamination of treatment water<\/a><\/li>\n<li class=\"blau menu-item menu-item-type-post_type menu-item-object-page menu-item-1599\"><a href=\"https:\/\/www.alpro-medical.de\/en\/geraete-zur-betriebswasserversorgung-und-entkeimung\/\" class=\"elementor-item\" tabindex=\"-1\">Devices for treatment water supply and decontamination<\/a><\/li>\n<li class=\"grau menu-item menu-item-type-post_type menu-item-object-page menu-item-1600\"><a href=\"https:\/\/www.alpro-medical.de\/en\/zubehoer\/\" class=\"elementor-item\" tabindex=\"-1\">Accessories<\/a><\/li>\n<li class=\"rot menu-item menu-item-type-post_type menu-item-object-page menu-item-1601\"><a href=\"https:\/\/www.alpro-medical.de\/en\/restproteinbestimmung-procheck\/\" class=\"elementor-item\" tabindex=\"-1\">Residual protein determination - ProCheck<\/a><\/li>\n<\/ul>\t\t\t<\/nav>\n\t\t\t\t\t\t<\/div>\n\t\t\t\t<\/div>\n\t\t\t\t<\/div>\n\t\t\t\t\t<\/div>\n\t\t\t\t<\/div>\n\t\t\t\t<\/div>","protected":false},"excerpt":{"rendered":"<p>WL-Adapter f\u00fcr Spraywasser- \/ Sprayluftkan\u00e4le WL-Adapter 03* (Edelstahl) Adapter nur f\u00fcr Spraywasser- und Sprayluftkan\u00e4le f\u00fcr Turbinen mit Sirona-Schnittstelle. REF 3523 WL-Adapter 04* (Edelstahl) Adapter nur f\u00fcr Spraywasser- und Spray\u00adluftkan\u00e4le f\u00fcr Turbinen mit Multi\u00adflex-(KaVo\/SciCan) Schnittstelle. REF 3524 \u00a0 Weitere Adapter anderer Turbinenhersteller f\u00fcr Spraywasser- und Sprayluftkan\u00e4le auf Anfrage. *Bitte Herstellerfreigaben beachten! WL-Adapters for spray water and [&hellip;]<\/p>\n","protected":false},"author":1,"featured_media":0,"parent":0,"menu_order":0,"comment_status":"closed","ping_status":"closed","template":"","meta":{"footnotes":""},"class_list":["post-1847","page","type-page","status-publish","hentry"],"_links":{"self":[{"href":"https:\/\/www.alpro-medical.de\/en\/wp-json\/wp\/v2\/pages\/1847","targetHints":{"allow":["GET"]}}],"collection":[{"href":"https:\/\/www.alpro-medical.de\/en\/wp-json\/wp\/v2\/pages"}],"about":[{"href":"https:\/\/www.alpro-medical.de\/en\/wp-json\/wp\/v2\/types\/page"}],"author":[{"embeddable":true,"href":"https:\/\/www.alpro-medical.de\/en\/wp-json\/wp\/v2\/users\/1"}],"replies":[{"embeddable":true,"href":"https:\/\/www.alpro-medical.de\/en\/wp-json\/wp\/v2\/comments?post=1847"}],"version-history":[{"count":25,"href":"https:\/\/www.alpro-medical.de\/en\/wp-json\/wp\/v2\/pages\/1847\/revisions"}],"predecessor-version":[{"id":6142,"href":"https:\/\/www.alpro-medical.de\/en\/wp-json\/wp\/v2\/pages\/1847\/revisions\/6142"}],"wp:attachment":[{"href":"https:\/\/www.alpro-medical.de\/en\/wp-json\/wp\/v2\/media?parent=1847"}],"curies":[{"name":"wp","href":"https:\/\/api.w.org\/{rel}","templated":true}]}}