{"id":1723,"date":"2023-07-19T14:49:49","date_gmt":"2023-07-19T12:49:49","guid":{"rendered":"https:\/\/alproarchiv.de\/?page_id=1723"},"modified":"2026-04-09T15:23:41","modified_gmt":"2026-04-09T13:23:41","slug":"maxiwipes-reel-maxiwipes-l-reel","status":"publish","type":"page","link":"https:\/\/www.alpro-medical.de\/en\/maxiwipes-reel-maxiwipes-l-reel\/","title":{"rendered":"MaxiWipes reel + MaxiWipes-L reel"},"content":{"rendered":"<div data-elementor-type=\"wp-page\" data-elementor-id=\"1723\" class=\"elementor elementor-1723\" data-elementor-post-type=\"page\">\n\t\t\t\t<div class=\"elementor-element elementor-element-7a5bb71 e-flex e-con-boxed e-con e-parent\" data-id=\"7a5bb71\" data-element_type=\"container\" data-e-type=\"container\" data-settings=\"{&quot;background_background&quot;:&quot;classic&quot;}\">\n\t\t\t\t\t<div class=\"e-con-inner\">\n\t\t\t\t<div class=\"elementor-element elementor-element-7709f22a elementor-widget elementor-widget-image\" data-id=\"7709f22a\" data-element_type=\"widget\" data-e-type=\"widget\" data-widget_type=\"image.default\">\n\t\t\t\t<div class=\"elementor-widget-container\">\n\t\t\t\t\t\t\t\t\t\t\t\t\t\t\t<img fetchpriority=\"high\" decoding=\"async\" width=\"800\" height=\"146\" src=\"https:\/\/www.alpro-medical.de\/wp-content\/uploads\/2023\/07\/header_behandlungseinheit-1.jpg\" class=\"attachment-large size-large wp-image-2502\" alt=\"\" srcset=\"https:\/\/www.alpro-medical.de\/wp-content\/uploads\/2023\/07\/header_behandlungseinheit-1.jpg 930w, https:\/\/www.alpro-medical.de\/wp-content\/uploads\/2023\/07\/header_behandlungseinheit-1-300x55.jpg 300w, https:\/\/www.alpro-medical.de\/wp-content\/uploads\/2023\/07\/header_behandlungseinheit-1-768x140.jpg 768w\" sizes=\"(max-width: 800px) 100vw, 800px\" \/>\t\t\t\t\t\t\t\t\t\t\t\t\t\t\t<\/div>\n\t\t\t\t<\/div>\n\t\t\t\t\t<\/div>\n\t\t\t\t<\/div>\n\t\t<div class=\"elementor-element elementor-element-36efd253 e-flex e-con-boxed e-con e-parent\" data-id=\"36efd253\" data-element_type=\"container\" data-e-type=\"container\">\n\t\t\t\t\t<div class=\"e-con-inner\">\n\t\t<div class=\"elementor-element elementor-element-70ba5566 e-con-full e-flex e-con e-child\" data-id=\"70ba5566\" data-element_type=\"container\" data-e-type=\"container\">\n\t\t\t\t<div class=\"elementor-element elementor-element-77759e1c elementor-widget elementor-widget-text-editor\" data-id=\"77759e1c\" data-element_type=\"widget\" data-e-type=\"widget\" data-no-translation=\"\" data-widget_type=\"text-editor.default\">\n\t\t\t\t<div class=\"elementor-widget-container\">\n\t\t\t\t\t<style>.elementor-element-77759e1c{display:none !important}<\/style>\t\t\t\t<\/div>\n\t\t\t\t<\/div>\n\t\t\t\t<div class=\"elementor-element elementor-element-68ab11d elementor-widget elementor-widget-text-editor\" data-id=\"68ab11d\" data-element_type=\"widget\" data-e-type=\"widget\" data-no-translation=\"\" data-widget_type=\"text-editor.default\">\n\t\t\t\t<div class=\"elementor-widget-container\">\n\t\t\t\t\t\t\t\t\t<h2><span style=\"color: #ff0000;\">MaxiWipes <em>reel<\/em>\/ MaxiWipes-L <em>reel<\/em><\/span><\/h2><div><div class=\"floatRight\"><img decoding=\"async\" class=\"wp-image-3739 alignright\" src=\"https:\/\/www.alpro-medical.de\/wp-content\/uploads\/2023\/09\/250wipescottontouch-200x200.jpg\" alt=\"\" width=\"95\" height=\"95\" srcset=\"https:\/\/www.alpro-medical.de\/wp-content\/uploads\/2023\/09\/250wipescottontouch-200x200.jpg 200w, https:\/\/www.alpro-medical.de\/wp-content\/uploads\/2023\/09\/250wipescottontouch-150x150.jpg 150w, https:\/\/www.alpro-medical.de\/wp-content\/uploads\/2023\/09\/250wipescottontouch-12x12.jpg 12w, https:\/\/www.alpro-medical.de\/wp-content\/uploads\/2023\/09\/250wipescottontouch.jpg 257w\" sizes=\"(max-width: 95px) 100vw, 95px\" \/><\/div><\/div><div><div class=\"floatRight\"><img decoding=\"async\" class=\"size-large wp-image-3773 alignright\" src=\"https:\/\/www.alpro-medical.de\/wp-content\/uploads\/2023\/09\/maxiwipesreel_w-284x200.jpg\" alt=\"\" width=\"284\" height=\"200\" data-wp-editing=\"1\" srcset=\"https:\/\/www.alpro-medical.de\/wp-content\/uploads\/2023\/09\/maxiwipesreel_w-284x200.jpg 284w, https:\/\/www.alpro-medical.de\/wp-content\/uploads\/2023\/09\/maxiwipesreel_w-213x150.jpg 213w, https:\/\/www.alpro-medical.de\/wp-content\/uploads\/2023\/09\/maxiwipesreel_w-768x542.jpg 768w, https:\/\/www.alpro-medical.de\/wp-content\/uploads\/2023\/09\/maxiwipesreel_w-18x12.jpg 18w, https:\/\/www.alpro-medical.de\/wp-content\/uploads\/2023\/09\/maxiwipesreel_w.jpg 1181w\" sizes=\"(max-width: 284px) 100vw, 284px\" \/><\/div><h5><span style=\"color: #ff0000;\"><span style=\"font-size: 13.28px;\">Dry reel<\/span><\/span><\/h5><p><span style=\"font-size: 16px;\">made of nonwoven for soaking with MinutenSpray-<em>classic<\/em> or PlastiSept <em>eco<\/em> for the disinfection and cleaning of surfaces of medical devices.<\/span><\/p><p>\u00a0<\/p><\/div><div><p><strong>Soaked with PlastiSept <em>eco<\/em>:<\/strong><\/p><ul><li><strong>bactericidal<\/strong> &#8211; 5 min.<\/li><li><strong>yeasticidal<\/strong> &#8211; 5 min.<\/li><li><b>tuberculocidal<\/b> &#8211; 5 min.<\/li><li><strong>virucidal<\/strong>\u00a0<ul><li>all enveloped viruses incl. corona viruses &#8211; 5 min.<\/li><\/ul><\/li><\/ul><p>\u00a0<\/p><p><strong>Soaked with MinutenSpray-<em>classic<\/em>:<\/strong><\/p><ul><li><strong>bactericidal <\/strong>(incl.MRSA) &#8211; 2 min.<\/li><li><strong>yeasticidal<\/strong> &#8211; 2 min.<\/li><li><b>tuberculocidal<\/b> &#8211; 1 min.<\/li><li><strong>virucidal<\/strong>\u00a0<ul><li>all enveloped viruses incl. corona viruses &#8211; 30 sec.<\/li><li>non-enveloped viruses &#8211; 2 min.<\/li><\/ul><\/li><\/ul><\/div><h5><span style=\"color: #ff0000;\">Field of application<\/span><\/h5><div><p><strong>soaked with PlastiSept <em>eco<\/em>:<\/strong><\/p><ul><li>Especially suited for surfaces which are sensitive to alcohol such as treatment units (e. g. upholstery, head rests), suspension tables, in the X-ray area (e. g. chin rests at <span class=\"caps\">OPG<\/span>), and surfaces of acrylic glass.<\/li><\/ul><p><strong>soaked with MinutenSpray-<em>classic<\/em>:<\/strong><\/p><ul><li>Suited for surfaces which are compatible with alcohol if quick drying and a comprehensive disinfection are required.<\/li><\/ul><\/div><h5><span style=\"color: #ff0000;\">Active ingredient basis<\/span><\/h5><div><p><strong>Soaked with PlastiSept eco:<\/strong><\/p><ul><li>Alcohol-free, aldehyd-free and phenol-free formulation based on a sec. and tert. alkylamines.<\/li><\/ul><p><strong>Soaked with MinutenSpray-classic:<\/strong><\/p><ul><li>Quick-acting aldehyde-free and phenol-free disinfectant based on a combination of alcohols, <span class=\"caps\">QAC<\/span>s and alkylamines.<\/li><\/ul><\/div><h5><span style=\"color: #ff0000;\">Delivery form<\/span><\/h5><p><strong>MaxiWipes <em>reel<\/em><\/strong><\/p><div><ul><li><strong><span class=\"caps\">REF<\/span> 4612<\/strong> \u2013 StarterSet: 1 dispenser boxe, empty + 1 refill bag with 250 wipes\u00a0<\/li><li><strong><span class=\"caps\">REF<\/span> 4613<\/strong> \u2013 carton with 4 refill bags with 250 wipes, dry<\/li><\/ul><\/div><p><strong>MaxiWipes-L <em>reel<\/em><\/strong><\/p><div><ul><li><strong><span class=\"caps\">REF<\/span> 4741<\/strong> \u2013 StarterSet: 1 dispenser boxe, empty + 1 refill bag with 160 wipes\u00a0<\/li><li><strong><span class=\"caps\">REF<\/span> 4615<\/strong>\u00a0\u2013 carton with 4 refill -L reels of 160 wipes, dry<\/li><\/ul><\/div><hr \/><h5><span style=\"color: #ff0000;\">Wall holder<\/span><\/h5><div><div class=\"floatRight\"><img loading=\"lazy\" decoding=\"async\" class=\"wp-image-3774 alignright\" src=\"https:\/\/www.alpro-medical.de\/wp-content\/uploads\/2023\/09\/wandhalter_maxiwipes-1-472x200.jpg\" alt=\"\" width=\"189\" height=\"80\" srcset=\"https:\/\/www.alpro-medical.de\/wp-content\/uploads\/2023\/09\/wandhalter_maxiwipes-1-472x200.jpg 472w, https:\/\/www.alpro-medical.de\/wp-content\/uploads\/2023\/09\/wandhalter_maxiwipes-1-300x127.jpg 300w, https:\/\/www.alpro-medical.de\/wp-content\/uploads\/2023\/09\/wandhalter_maxiwipes-1-768x326.jpg 768w, https:\/\/www.alpro-medical.de\/wp-content\/uploads\/2023\/09\/wandhalter_maxiwipes-1-18x8.jpg 18w, https:\/\/www.alpro-medical.de\/wp-content\/uploads\/2023\/09\/wandhalter_maxiwipes-1.jpg 1314w\" sizes=\"(max-width: 189px) 100vw, 189px\" \/><\/div><ul><li><strong><span class=\"caps\">REF<\/span> 4617<\/strong> \u2013 <strong>Wall holder (round dispenser box)<\/strong><\/li><\/ul><\/div>\t\t\t\t\t\t\t\t<\/div>\n\t\t\t\t<\/div>\n\t\t\t\t<\/div>\n\t\t<div class=\"elementor-element elementor-element-612f3745 e-con-full e-flex e-con e-child\" data-id=\"612f3745\" data-element_type=\"container\" data-e-type=\"container\">\n\t\t\t\t<div class=\"elementor-element elementor-element-24919746 elementor-nav-menu--dropdown-tablet elementor-nav-menu__text-align-aside elementor-nav-menu--toggle elementor-nav-menu--burger elementor-widget elementor-widget-nav-menu\" data-id=\"24919746\" data-element_type=\"widget\" data-e-type=\"widget\" data-settings=\"{&quot;layout&quot;:&quot;vertical&quot;,&quot;submenu_icon&quot;:{&quot;value&quot;:&quot;&lt;i class=\\&quot;fas fa-caret-down\\&quot; aria-hidden=\\&quot;true\\&quot;&gt;&lt;\\\/i&gt;&quot;,&quot;library&quot;:&quot;fa-solid&quot;},&quot;toggle&quot;:&quot;burger&quot;}\" data-widget_type=\"nav-menu.default\">\n\t\t\t\t<div class=\"elementor-widget-container\">\n\t\t\t\t\t\t\t\t<nav aria-label=\"Men\u00fc\" class=\"elementor-nav-menu--main elementor-nav-menu__container elementor-nav-menu--layout-vertical e--pointer-underline e--animation-fade\">\n\t\t\t\t<ul id=\"menu-1-24919746\" class=\"elementor-nav-menu sm-vertical\"><li class=\"hellrosa menu-item menu-item-type-post_type menu-item-object-page menu-item-1576\"><a href=\"https:\/\/www.alpro-medical.de\/en\/mundspuelung\/\" class=\"elementor-item\">Oral antisepsis<\/a><\/li>\n<li class=\"dunkelrosa menu-item menu-item-type-post_type menu-item-object-page menu-item-1577\"><a href=\"https:\/\/www.alpro-medical.de\/en\/haendereinigung-desinfektion-und-pflege\/\" class=\"elementor-item\">Cleaning, disinfection and care of hands<\/a><\/li>\n<li class=\"hellblau menu-item menu-item-type-post_type menu-item-object-page menu-item-1578\"><a href=\"https:\/\/www.alpro-medical.de\/en\/reinigung\/\" class=\"elementor-item\">Cleaning<\/a><\/li>\n<li class=\"dunkelgruen_fest menu-item menu-item-type-post_type menu-item-object-page menu-item-1579\"><a href=\"https:\/\/www.alpro-medical.de\/en\/oberflaechenreinigung-und-desinfektion\/\" class=\"elementor-item\">Cleaning and disinfection of surfaces<\/a><\/li>\n<li class=\"dunkelgruen menu-item menu-item-type-post_type menu-item-object-page menu-item-1806\"><a href=\"https:\/\/www.alpro-medical.de\/en\/minutenspray-classic\/\" class=\"elementor-item\">\u00a0<i class=\"fas fa-arrow-circle-right\"><\/i>\u00a0\u00a0MinutenSpray-classic<\/a><\/li>\n<li class=\"dunkelgruen menu-item menu-item-type-post_type menu-item-object-page menu-item-1805\"><a href=\"https:\/\/www.alpro-medical.de\/en\/minutenwipes-30-minutenwipes-jumbo-30\/\" class=\"elementor-item\">\u00a0<i class=\"fas fa-arrow-circle-right\"><\/i>\u00a0\u00a0MinutenWipes 30 &#038; MinutenWipes Jumbo 30<\/a><\/li>\n<li class=\"dunkelgruen menu-item menu-item-type-post_type menu-item-object-page menu-item-1804\"><a href=\"https:\/\/www.alpro-medical.de\/en\/minutenwipes-50-minutenwipes-jumbo-50\/\" class=\"elementor-item\">\u00a0<i class=\"fas fa-arrow-circle-right\"><\/i>\u00a0\u00a0MinutenWipes 50 &#038; MinutenWipes Jumbo 50<\/a><\/li>\n<li class=\"dunkelgruen menu-item menu-item-type-post_type menu-item-object-page menu-item-1803\"><a href=\"https:\/\/www.alpro-medical.de\/en\/minutenwipes-maxi\/\" class=\"elementor-item\">\u00a0<i class=\"fas fa-arrow-circle-right\"><\/i>\u00a0\u00a0MinutenWipes Maxi<\/a><\/li>\n<li class=\"dunkelgruen menu-item menu-item-type-post_type menu-item-object-page menu-item-1810\"><a href=\"https:\/\/www.alpro-medical.de\/en\/plastisept-eco\/\" class=\"elementor-item\">\u00a0<i class=\"fas fa-arrow-circle-right\"><\/i>\u00a0\u00a0PlastiSept eco<\/a><\/li>\n<li class=\"dunkelgruen menu-item menu-item-type-post_type menu-item-object-page menu-item-1808\"><a href=\"https:\/\/www.alpro-medical.de\/en\/plastisept-eco-wipes-30-plastisept-eco-jumbowipes-30\/\" class=\"elementor-item\">\u00a0<i class=\"fas fa-arrow-circle-right\"><\/i>\u00a0\u00a0PlastiSept eco Wipes 30 &#038; PlastiSept eco JumboWipes 30<\/a><\/li>\n<li class=\"dunkelgruen menu-item menu-item-type-post_type menu-item-object-page menu-item-1807\"><a href=\"https:\/\/www.alpro-medical.de\/en\/plastisept-eco-wipes-50-plastisept-eco-jumbowipes-50\/\" class=\"elementor-item\">\u00a0<i class=\"fas fa-arrow-circle-right\"><\/i>\u00a0\u00a0PlastiSept eco Wipes 50 &#038; PlastiSept eco JumboWipes 50<\/a><\/li>\n<li class=\"dunkelgruen menu-item menu-item-type-post_type menu-item-object-page menu-item-1809\"><a href=\"https:\/\/www.alpro-medical.de\/en\/plastisept-eco-maxiwipes\/\" class=\"elementor-item\">\u00a0<i class=\"fas fa-arrow-circle-right\"><\/i>\u00a0\u00a0PlastiSept eco MaxiWipes<\/a><\/li>\n<li class=\"dunkelgruen menu-item menu-item-type-post_type menu-item-object-page menu-item-1811\"><a href=\"https:\/\/www.alpro-medical.de\/en\/maxiwipes-reel-maxiwipes-l-reel\/\" class=\"elementor-item\">\u00a0<i class=\"fas fa-arrow-circle-right\"><\/i>\u00a0\u00a0MaxiWipes reel + MaxiWipes-L reel<\/a><\/li>\n<li class=\"dunkelgruen menu-item menu-item-type-post_type menu-item-object-page menu-item-1812\"><a href=\"https:\/\/www.alpro-medical.de\/en\/bc-san-100\/\" class=\"elementor-item\">\u00a0<i class=\"fas fa-arrow-circle-right\"><\/i>\u00a0\u00a0BC-San 100<\/a><\/li>\n<li class=\"dunkelgruen menu-item menu-item-type-post_type menu-item-object-page menu-item-3856\"><a href=\"https:\/\/www.alpro-medical.de\/en\/desnet\/\" class=\"elementor-item\"><i class=\"fas fa-arrow-circle-right\"><\/i>\u00a0 DesNet+<\/a><\/li>\n<li class=\"dunkelblau menu-item menu-item-type-post_type menu-item-object-page menu-item-1580\"><a href=\"https:\/\/www.alpro-medical.de\/en\/manuelle-instrumentenreinigung-und-desinfektion\/\" class=\"elementor-item\">Manual cleaning and disinfection of instruments<\/a><\/li>\n<li class=\"dunkelblau menu-item menu-item-type-post_type menu-item-object-page menu-item-1581\"><a href=\"https:\/\/www.alpro-medical.de\/en\/maschinelle-aufbereitung\/\" class=\"elementor-item\">Mechanical processing<\/a><\/li>\n<li class=\"gelb menu-item menu-item-type-post_type menu-item-object-page menu-item-1582\"><a href=\"https:\/\/www.alpro-medical.de\/en\/absauganlagenreinigung\/\" class=\"elementor-item\">Cleaning of dental aspiration systems<\/a><\/li>\n<li class=\"gelb menu-item menu-item-type-post_type menu-item-object-page menu-item-1583\"><a href=\"https:\/\/www.alpro-medical.de\/en\/abdruckdesinfektion\/\" class=\"elementor-item\">Disinfection of impressions<\/a><\/li>\n<li class=\"gelb menu-item menu-item-type-post_type menu-item-object-page menu-item-1584\"><a href=\"https:\/\/www.alpro-medical.de\/en\/reinigung-spezieller-anwendungen\/\" class=\"elementor-item\">Cleaning for special applications<\/a><\/li>\n<li class=\"blau menu-item menu-item-type-post_type menu-item-object-page menu-item-1585\"><a href=\"https:\/\/www.alpro-medical.de\/en\/betriebswasserentkeimung\/\" class=\"elementor-item\">Decontamination of treatment water<\/a><\/li>\n<li class=\"blau menu-item menu-item-type-post_type menu-item-object-page menu-item-1586\"><a href=\"https:\/\/www.alpro-medical.de\/en\/geraete-zur-betriebswasserversorgung-und-entkeimung\/\" class=\"elementor-item\">Devices for treatment water supply and decontamination<\/a><\/li>\n<li class=\"grau menu-item menu-item-type-post_type menu-item-object-page menu-item-1587\"><a href=\"https:\/\/www.alpro-medical.de\/en\/zubehoer\/\" class=\"elementor-item\">Accessories<\/a><\/li>\n<li class=\"rot menu-item menu-item-type-post_type menu-item-object-page menu-item-1588\"><a href=\"https:\/\/www.alpro-medical.de\/en\/restproteinbestimmung-procheck\/\" class=\"elementor-item\">Residual protein determination - ProCheck<\/a><\/li>\n<\/ul>\t\t\t<\/nav>\n\t\t\t\t\t<div class=\"elementor-menu-toggle\" role=\"button\" tabindex=\"0\" aria-label=\"Menu Toggle\" aria-expanded=\"false\">\n\t\t\t<i aria-hidden=\"true\" role=\"presentation\" class=\"elementor-menu-toggle__icon--open eicon-menu-bar\"><\/i><i aria-hidden=\"true\" role=\"presentation\" class=\"elementor-menu-toggle__icon--close eicon-close\"><\/i>\t\t<\/div>\n\t\t\t\t\t<nav class=\"elementor-nav-menu--dropdown elementor-nav-menu__container\" aria-hidden=\"true\">\n\t\t\t\t<ul id=\"menu-2-24919746\" class=\"elementor-nav-menu sm-vertical\"><li class=\"hellrosa menu-item menu-item-type-post_type menu-item-object-page menu-item-1576\"><a href=\"https:\/\/www.alpro-medical.de\/en\/mundspuelung\/\" class=\"elementor-item\" tabindex=\"-1\">Oral antisepsis<\/a><\/li>\n<li class=\"dunkelrosa menu-item menu-item-type-post_type menu-item-object-page menu-item-1577\"><a href=\"https:\/\/www.alpro-medical.de\/en\/haendereinigung-desinfektion-und-pflege\/\" class=\"elementor-item\" tabindex=\"-1\">Cleaning, disinfection and care of hands<\/a><\/li>\n<li class=\"hellblau menu-item menu-item-type-post_type menu-item-object-page menu-item-1578\"><a href=\"https:\/\/www.alpro-medical.de\/en\/reinigung\/\" class=\"elementor-item\" tabindex=\"-1\">Cleaning<\/a><\/li>\n<li class=\"dunkelgruen_fest menu-item menu-item-type-post_type menu-item-object-page menu-item-1579\"><a href=\"https:\/\/www.alpro-medical.de\/en\/oberflaechenreinigung-und-desinfektion\/\" class=\"elementor-item\" tabindex=\"-1\">Cleaning and disinfection of surfaces<\/a><\/li>\n<li class=\"dunkelgruen menu-item menu-item-type-post_type menu-item-object-page menu-item-1806\"><a href=\"https:\/\/www.alpro-medical.de\/en\/minutenspray-classic\/\" class=\"elementor-item\" tabindex=\"-1\">\u00a0<i class=\"fas fa-arrow-circle-right\"><\/i>\u00a0\u00a0MinutenSpray-classic<\/a><\/li>\n<li class=\"dunkelgruen menu-item menu-item-type-post_type menu-item-object-page menu-item-1805\"><a href=\"https:\/\/www.alpro-medical.de\/en\/minutenwipes-30-minutenwipes-jumbo-30\/\" class=\"elementor-item\" tabindex=\"-1\">\u00a0<i class=\"fas fa-arrow-circle-right\"><\/i>\u00a0\u00a0MinutenWipes 30 &#038; MinutenWipes Jumbo 30<\/a><\/li>\n<li class=\"dunkelgruen menu-item menu-item-type-post_type menu-item-object-page menu-item-1804\"><a href=\"https:\/\/www.alpro-medical.de\/en\/minutenwipes-50-minutenwipes-jumbo-50\/\" class=\"elementor-item\" tabindex=\"-1\">\u00a0<i class=\"fas fa-arrow-circle-right\"><\/i>\u00a0\u00a0MinutenWipes 50 &#038; MinutenWipes Jumbo 50<\/a><\/li>\n<li class=\"dunkelgruen menu-item menu-item-type-post_type menu-item-object-page menu-item-1803\"><a href=\"https:\/\/www.alpro-medical.de\/en\/minutenwipes-maxi\/\" class=\"elementor-item\" tabindex=\"-1\">\u00a0<i class=\"fas fa-arrow-circle-right\"><\/i>\u00a0\u00a0MinutenWipes Maxi<\/a><\/li>\n<li class=\"dunkelgruen menu-item menu-item-type-post_type menu-item-object-page menu-item-1810\"><a href=\"https:\/\/www.alpro-medical.de\/en\/plastisept-eco\/\" class=\"elementor-item\" tabindex=\"-1\">\u00a0<i class=\"fas fa-arrow-circle-right\"><\/i>\u00a0\u00a0PlastiSept eco<\/a><\/li>\n<li class=\"dunkelgruen menu-item menu-item-type-post_type menu-item-object-page menu-item-1808\"><a href=\"https:\/\/www.alpro-medical.de\/en\/plastisept-eco-wipes-30-plastisept-eco-jumbowipes-30\/\" class=\"elementor-item\" tabindex=\"-1\">\u00a0<i class=\"fas fa-arrow-circle-right\"><\/i>\u00a0\u00a0PlastiSept eco Wipes 30 &#038; PlastiSept eco JumboWipes 30<\/a><\/li>\n<li class=\"dunkelgruen menu-item menu-item-type-post_type menu-item-object-page menu-item-1807\"><a href=\"https:\/\/www.alpro-medical.de\/en\/plastisept-eco-wipes-50-plastisept-eco-jumbowipes-50\/\" class=\"elementor-item\" tabindex=\"-1\">\u00a0<i class=\"fas fa-arrow-circle-right\"><\/i>\u00a0\u00a0PlastiSept eco Wipes 50 &#038; PlastiSept eco JumboWipes 50<\/a><\/li>\n<li class=\"dunkelgruen menu-item menu-item-type-post_type menu-item-object-page menu-item-1809\"><a href=\"https:\/\/www.alpro-medical.de\/en\/plastisept-eco-maxiwipes\/\" class=\"elementor-item\" tabindex=\"-1\">\u00a0<i class=\"fas fa-arrow-circle-right\"><\/i>\u00a0\u00a0PlastiSept eco MaxiWipes<\/a><\/li>\n<li class=\"dunkelgruen menu-item menu-item-type-post_type menu-item-object-page menu-item-1811\"><a href=\"https:\/\/www.alpro-medical.de\/en\/maxiwipes-reel-maxiwipes-l-reel\/\" class=\"elementor-item\" tabindex=\"-1\">\u00a0<i class=\"fas fa-arrow-circle-right\"><\/i>\u00a0\u00a0MaxiWipes reel + MaxiWipes-L reel<\/a><\/li>\n<li class=\"dunkelgruen menu-item menu-item-type-post_type menu-item-object-page menu-item-1812\"><a href=\"https:\/\/www.alpro-medical.de\/en\/bc-san-100\/\" class=\"elementor-item\" tabindex=\"-1\">\u00a0<i class=\"fas fa-arrow-circle-right\"><\/i>\u00a0\u00a0BC-San 100<\/a><\/li>\n<li class=\"dunkelgruen menu-item menu-item-type-post_type menu-item-object-page menu-item-3856\"><a href=\"https:\/\/www.alpro-medical.de\/en\/desnet\/\" class=\"elementor-item\" tabindex=\"-1\"><i class=\"fas fa-arrow-circle-right\"><\/i>\u00a0 DesNet+<\/a><\/li>\n<li class=\"dunkelblau menu-item menu-item-type-post_type menu-item-object-page menu-item-1580\"><a href=\"https:\/\/www.alpro-medical.de\/en\/manuelle-instrumentenreinigung-und-desinfektion\/\" class=\"elementor-item\" tabindex=\"-1\">Manual cleaning and disinfection of instruments<\/a><\/li>\n<li class=\"dunkelblau menu-item menu-item-type-post_type menu-item-object-page menu-item-1581\"><a href=\"https:\/\/www.alpro-medical.de\/en\/maschinelle-aufbereitung\/\" class=\"elementor-item\" tabindex=\"-1\">Mechanical processing<\/a><\/li>\n<li class=\"gelb menu-item menu-item-type-post_type menu-item-object-page menu-item-1582\"><a href=\"https:\/\/www.alpro-medical.de\/en\/absauganlagenreinigung\/\" class=\"elementor-item\" tabindex=\"-1\">Cleaning of dental aspiration systems<\/a><\/li>\n<li class=\"gelb menu-item menu-item-type-post_type menu-item-object-page menu-item-1583\"><a href=\"https:\/\/www.alpro-medical.de\/en\/abdruckdesinfektion\/\" class=\"elementor-item\" tabindex=\"-1\">Disinfection of impressions<\/a><\/li>\n<li class=\"gelb menu-item menu-item-type-post_type menu-item-object-page menu-item-1584\"><a href=\"https:\/\/www.alpro-medical.de\/en\/reinigung-spezieller-anwendungen\/\" class=\"elementor-item\" tabindex=\"-1\">Cleaning for special applications<\/a><\/li>\n<li class=\"blau menu-item menu-item-type-post_type menu-item-object-page menu-item-1585\"><a href=\"https:\/\/www.alpro-medical.de\/en\/betriebswasserentkeimung\/\" class=\"elementor-item\" tabindex=\"-1\">Decontamination of treatment water<\/a><\/li>\n<li class=\"blau menu-item menu-item-type-post_type menu-item-object-page menu-item-1586\"><a href=\"https:\/\/www.alpro-medical.de\/en\/geraete-zur-betriebswasserversorgung-und-entkeimung\/\" class=\"elementor-item\" tabindex=\"-1\">Devices for treatment water supply and decontamination<\/a><\/li>\n<li class=\"grau menu-item menu-item-type-post_type menu-item-object-page menu-item-1587\"><a href=\"https:\/\/www.alpro-medical.de\/en\/zubehoer\/\" class=\"elementor-item\" tabindex=\"-1\">Accessories<\/a><\/li>\n<li class=\"rot menu-item menu-item-type-post_type menu-item-object-page menu-item-1588\"><a href=\"https:\/\/www.alpro-medical.de\/en\/restproteinbestimmung-procheck\/\" class=\"elementor-item\" tabindex=\"-1\">Residual protein determination - ProCheck<\/a><\/li>\n<\/ul>\t\t\t<\/nav>\n\t\t\t\t\t\t<\/div>\n\t\t\t\t<\/div>\n\t\t\t\t<\/div>\n\t\t\t\t\t<\/div>\n\t\t\t\t<\/div>\n\t\t<div class=\"elementor-element elementor-element-0ecb74a e-flex e-con-boxed e-con e-parent\" data-id=\"0ecb74a\" data-element_type=\"container\" data-e-type=\"container\">\n\t\t\t\t\t<div class=\"e-con-inner\">\n\t\t\t\t<div class=\"elementor-element elementor-element-8f49f20 elementor-widget elementor-widget-wpfd_choose_category\" data-id=\"8f49f20\" data-element_type=\"widget\" data-e-type=\"widget\" data-no-translation=\"\" data-widget_type=\"wpfd_choose_category.default\">\n\t\t\t\t<div class=\"elementor-widget-container\">\n\t\t\t\t\t<style>.elementor-element-8f49f20{display:none !important}<\/style>\t\t\t\t<\/div>\n\t\t\t\t<\/div>\n\t\t\t\t<div class=\"elementor-element elementor-element-b718a8f elementor-widget elementor-widget-wpfd_choose_category\" data-id=\"b718a8f\" data-element_type=\"widget\" data-e-type=\"widget\" data-no-translation=\"\" data-widget_type=\"wpfd_choose_category.default\">\n\t\t\t\t<div class=\"elementor-widget-container\">\n\t\t\t\t\t<div id=\"wpfd-elementor-category\" class=\"wpfd-elementor-category\"><\/div>\t\t\t\t<\/div>\n\t\t\t\t<\/div>\n\t\t\t\t\t<\/div>\n\t\t\t\t<\/div>\n\t\t\t\t<\/div>","protected":false},"excerpt":{"rendered":"<p>MaxiWipes reel \/ MaxiWipes-L reel (trocken) \u00a0 \u00a0Trockene Vliesstoffrolle zum Tr\u00e4nken mit MinutenSpray- classic oder PlastiSept eco zur Desinfektion und Reinigung von Oberfl\u00e4chen von Medizinprodukten. Anwendungsgebiet Getr\u00e4nkt mit PlastiSept eco:Speziell geeignet f\u00fcr sensible alkoholempfindliche Oberfl\u00e4chen, wie Behandlungseinheiten (z. B. Sitzpolster, Kopfst\u00fctzen), Schwebetische, im R\u00f6ntgenbereich (z. B. Kinnst\u00fctzen am OPG) und Plexiglasoberfl\u00e4chen. Getr\u00e4nkt mit MinutenSpray-classic:Geeignet f\u00fcr [&hellip;]<\/p>\n","protected":false},"author":1,"featured_media":0,"parent":0,"menu_order":0,"comment_status":"closed","ping_status":"closed","template":"","meta":{"footnotes":""},"class_list":["post-1723","page","type-page","status-publish","hentry"],"_links":{"self":[{"href":"https:\/\/www.alpro-medical.de\/en\/wp-json\/wp\/v2\/pages\/1723","targetHints":{"allow":["GET"]}}],"collection":[{"href":"https:\/\/www.alpro-medical.de\/en\/wp-json\/wp\/v2\/pages"}],"about":[{"href":"https:\/\/www.alpro-medical.de\/en\/wp-json\/wp\/v2\/types\/page"}],"author":[{"embeddable":true,"href":"https:\/\/www.alpro-medical.de\/en\/wp-json\/wp\/v2\/users\/1"}],"replies":[{"embeddable":true,"href":"https:\/\/www.alpro-medical.de\/en\/wp-json\/wp\/v2\/comments?post=1723"}],"version-history":[{"count":34,"href":"https:\/\/www.alpro-medical.de\/en\/wp-json\/wp\/v2\/pages\/1723\/revisions"}],"predecessor-version":[{"id":6060,"href":"https:\/\/www.alpro-medical.de\/en\/wp-json\/wp\/v2\/pages\/1723\/revisions\/6060"}],"wp:attachment":[{"href":"https:\/\/www.alpro-medical.de\/en\/wp-json\/wp\/v2\/media?parent=1723"}],"curies":[{"name":"wp","href":"https:\/\/api.w.org\/{rel}","templated":true}]}}