{"id":1267,"date":"2023-07-12T16:49:22","date_gmt":"2023-07-12T14:49:22","guid":{"rendered":"https:\/\/alproarchiv.de\/?page_id=1267"},"modified":"2025-06-27T14:04:49","modified_gmt":"2025-06-27T12:04:49","slug":"hygieneschulung-in-ihrer-praxis","status":"publish","type":"page","link":"https:\/\/www.alpro-medical.de\/en\/hygieneschulung-in-ihrer-praxis\/","title":{"rendered":"Hygiene training in your practice"},"content":{"rendered":"<div data-elementor-type=\"wp-page\" data-elementor-id=\"1267\" class=\"elementor elementor-1267\" data-elementor-post-type=\"page\">\n\t\t\t\t<div class=\"elementor-element elementor-element-e66e121 e-flex e-con-boxed e-con e-parent\" data-id=\"e66e121\" data-element_type=\"container\" data-e-type=\"container\" data-settings=\"{&quot;background_background&quot;:&quot;classic&quot;}\">\n\t\t\t\t\t<div class=\"e-con-inner\">\n\t\t<div class=\"elementor-element elementor-element-9c81201 e-flex e-con-boxed e-con e-child\" data-id=\"9c81201\" data-element_type=\"container\" data-e-type=\"container\" data-settings=\"{&quot;background_background&quot;:&quot;classic&quot;}\">\n\t\t\t\t\t<div class=\"e-con-inner\">\n\t\t\t\t<div class=\"elementor-element elementor-element-300cd29 elementor-widget__width-inherit elementor-widget elementor-widget-global elementor-global-313 elementor-widget-image\" data-id=\"300cd29\" data-element_type=\"widget\" data-e-type=\"widget\" data-widget_type=\"image.default\">\n\t\t\t\t<div class=\"elementor-widget-container\">\n\t\t\t\t\t\t\t\t\t\t\t\t\t\t\t<img fetchpriority=\"high\" decoding=\"async\" width=\"930\" height=\"170\" src=\"https:\/\/www.alpro-medical.de\/wp-content\/uploads\/2023\/07\/header_behandlungseinheit-1.jpg\" class=\"attachment-full size-full wp-image-2502\" alt=\"\" srcset=\"https:\/\/www.alpro-medical.de\/wp-content\/uploads\/2023\/07\/header_behandlungseinheit-1.jpg 930w, https:\/\/www.alpro-medical.de\/wp-content\/uploads\/2023\/07\/header_behandlungseinheit-1-300x55.jpg 300w, https:\/\/www.alpro-medical.de\/wp-content\/uploads\/2023\/07\/header_behandlungseinheit-1-768x140.jpg 768w\" sizes=\"(max-width: 930px) 100vw, 930px\" \/>\t\t\t\t\t\t\t\t\t\t\t\t\t\t\t<\/div>\n\t\t\t\t<\/div>\n\t\t\t\t\t<\/div>\n\t\t\t\t<\/div>\n\t\t\t\t\t<\/div>\n\t\t\t\t<\/div>\n\t\t\t\t<\/div>","protected":false},"excerpt":{"rendered":"<p>Hygieneschulung in Ihrer Praxis Sie m\u00f6chten gerne an einer Hygieneschulung von ALPRO teilnehmen, aber es gibt keinen Termin in Ihrer N\u00e4he? Dann holen Sie sich die Schulung einfach in Ihre Praxis! Der f\u00fcr Sie zust\u00e4ndige ALPRO -Medizinprodukteberater erl\u00e4utert Ihnen alles rund um die aktuellen Richtlinien und Vorgaben der Beh\u00f6rden sowie Praxisbegehungen. Unser Mitarbeiter macht einen [&hellip;]<\/p>\n","protected":false},"author":1,"featured_media":0,"parent":0,"menu_order":0,"comment_status":"closed","ping_status":"closed","template":"","meta":{"footnotes":""},"class_list":["post-1267","page","type-page","status-publish","hentry"],"_links":{"self":[{"href":"https:\/\/www.alpro-medical.de\/en\/wp-json\/wp\/v2\/pages\/1267","targetHints":{"allow":["GET"]}}],"collection":[{"href":"https:\/\/www.alpro-medical.de\/en\/wp-json\/wp\/v2\/pages"}],"about":[{"href":"https:\/\/www.alpro-medical.de\/en\/wp-json\/wp\/v2\/types\/page"}],"author":[{"embeddable":true,"href":"https:\/\/www.alpro-medical.de\/en\/wp-json\/wp\/v2\/users\/1"}],"replies":[{"embeddable":true,"href":"https:\/\/www.alpro-medical.de\/en\/wp-json\/wp\/v2\/comments?post=1267"}],"version-history":[{"count":22,"href":"https:\/\/www.alpro-medical.de\/en\/wp-json\/wp\/v2\/pages\/1267\/revisions"}],"predecessor-version":[{"id":5665,"href":"https:\/\/www.alpro-medical.de\/en\/wp-json\/wp\/v2\/pages\/1267\/revisions\/5665"}],"wp:attachment":[{"href":"https:\/\/www.alpro-medical.de\/en\/wp-json\/wp\/v2\/media?parent=1267"}],"curies":[{"name":"wp","href":"https:\/\/api.w.org\/{rel}","templated":true}]}}