{"id":1266,"date":"2023-07-12T16:49:22","date_gmt":"2023-07-12T14:49:22","guid":{"rendered":"https:\/\/alproarchiv.de\/?page_id=1266"},"modified":"2026-04-08T10:42:52","modified_gmt":"2026-04-08T08:42:52","slug":"schulungen","status":"publish","type":"page","link":"https:\/\/www.alpro-medical.de\/en\/schulungen\/","title":{"rendered":"Schulungen"},"content":{"rendered":"<div data-elementor-type=\"wp-page\" data-elementor-id=\"1266\" class=\"elementor elementor-1266\" data-elementor-post-type=\"page\">\n\t\t\t\t<div class=\"elementor-element elementor-element-6ea2dd4 e-flex e-con-boxed e-con e-parent\" data-id=\"6ea2dd4\" data-element_type=\"container\" data-e-type=\"container\" data-settings=\"{&quot;background_background&quot;:&quot;classic&quot;}\">\n\t\t\t\t\t<div class=\"e-con-inner\">\n\t\t<div class=\"elementor-element elementor-element-22ac843 e-flex e-con-boxed e-con e-child\" data-id=\"22ac843\" data-element_type=\"container\" data-e-type=\"container\" data-settings=\"{&quot;background_background&quot;:&quot;classic&quot;}\">\n\t\t\t\t\t<div class=\"e-con-inner\">\n\t\t\t\t<div class=\"elementor-element elementor-element-762f8a7 elementor-widget__width-inherit elementor-widget elementor-widget-global elementor-global-313 elementor-widget-image\" data-id=\"762f8a7\" data-element_type=\"widget\" data-e-type=\"widget\" data-widget_type=\"image.default\">\n\t\t\t\t<div class=\"elementor-widget-container\">\n\t\t\t\t\t\t\t\t\t\t\t\t\t\t\t<img fetchpriority=\"high\" decoding=\"async\" width=\"930\" height=\"170\" src=\"https:\/\/www.alpro-medical.de\/wp-content\/uploads\/2023\/07\/header_behandlungseinheit-1.jpg\" class=\"attachment-full size-full wp-image-2502\" alt=\"\" srcset=\"https:\/\/www.alpro-medical.de\/wp-content\/uploads\/2023\/07\/header_behandlungseinheit-1.jpg 930w, https:\/\/www.alpro-medical.de\/wp-content\/uploads\/2023\/07\/header_behandlungseinheit-1-300x55.jpg 300w, https:\/\/www.alpro-medical.de\/wp-content\/uploads\/2023\/07\/header_behandlungseinheit-1-768x140.jpg 768w\" sizes=\"(max-width: 930px) 100vw, 930px\" \/>\t\t\t\t\t\t\t\t\t\t\t\t\t\t\t<\/div>\n\t\t\t\t<\/div>\n\t\t\t\t\t<\/div>\n\t\t\t\t<\/div>\n\t\t\t\t\t<\/div>\n\t\t\t\t<\/div>\n\t\t\t\t<\/div>","protected":false},"excerpt":{"rendered":"<p>Unsere Schulungstermine Termine f\u00fcr Kundenveranstaltungen in Depots in Ihrer N\u00e4he: RKI \u2013 Veranstaltung Themen: Einf\u00fchrung ins Qualit\u00e4tsmanagement geschlossene Hygienekette nach der aktualisierten RKI-BfArM Empfehlung Hygiene und Infektionspr\u00e4vention f\u00fcr die Zahnheilkunde 2006 aktuelle Informationen zur Praxisbegehung Reinigung und Pflege der Absauganlage Aufbereitung hochwertiger Instrumente mit standardisierten Verfahren Dekontamination der Brauch- oder Frischwasserwege in zahn\u00e4rztlichen Behandlungseinheiten und [&hellip;]<\/p>\n","protected":false},"author":1,"featured_media":0,"parent":0,"menu_order":0,"comment_status":"closed","ping_status":"closed","template":"","meta":{"footnotes":""},"class_list":["post-1266","page","type-page","status-publish","hentry"],"_links":{"self":[{"href":"https:\/\/www.alpro-medical.de\/en\/wp-json\/wp\/v2\/pages\/1266","targetHints":{"allow":["GET"]}}],"collection":[{"href":"https:\/\/www.alpro-medical.de\/en\/wp-json\/wp\/v2\/pages"}],"about":[{"href":"https:\/\/www.alpro-medical.de\/en\/wp-json\/wp\/v2\/types\/page"}],"author":[{"embeddable":true,"href":"https:\/\/www.alpro-medical.de\/en\/wp-json\/wp\/v2\/users\/1"}],"replies":[{"embeddable":true,"href":"https:\/\/www.alpro-medical.de\/en\/wp-json\/wp\/v2\/comments?post=1266"}],"version-history":[{"count":154,"href":"https:\/\/www.alpro-medical.de\/en\/wp-json\/wp\/v2\/pages\/1266\/revisions"}],"predecessor-version":[{"id":6033,"href":"https:\/\/www.alpro-medical.de\/en\/wp-json\/wp\/v2\/pages\/1266\/revisions\/6033"}],"wp:attachment":[{"href":"https:\/\/www.alpro-medical.de\/en\/wp-json\/wp\/v2\/media?parent=1266"}],"curies":[{"name":"wp","href":"https:\/\/api.w.org\/{rel}","templated":true}]}}