{"id":1128,"date":"2023-07-12T15:00:29","date_gmt":"2023-07-12T13:00:29","guid":{"rendered":"https:\/\/alproarchiv.de\/?page_id=1128"},"modified":"2026-03-17T13:18:07","modified_gmt":"2026-03-17T12:18:07","slug":"cremana-wash","status":"publish","type":"page","link":"https:\/\/www.alpro-medical.de\/en\/cremana-wash\/","title":{"rendered":"CREMANA\u00ae-wash"},"content":{"rendered":"<div data-elementor-type=\"wp-page\" data-elementor-id=\"1128\" class=\"elementor elementor-1128\" data-elementor-post-type=\"page\">\n\t\t\t\t<div class=\"elementor-element elementor-element-7f814b9 e-flex e-con-boxed e-con e-parent\" data-id=\"7f814b9\" data-element_type=\"container\" data-e-type=\"container\" data-settings=\"{&quot;background_background&quot;:&quot;classic&quot;}\">\n\t\t\t\t\t<div class=\"e-con-inner\">\n\t\t\t\t<div class=\"elementor-element elementor-element-794e27ce elementor-widget elementor-widget-image\" data-id=\"794e27ce\" data-element_type=\"widget\" data-e-type=\"widget\" data-widget_type=\"image.default\">\n\t\t\t\t<div class=\"elementor-widget-container\">\n\t\t\t\t\t\t\t\t\t\t\t\t\t\t\t<img fetchpriority=\"high\" decoding=\"async\" width=\"800\" height=\"146\" src=\"https:\/\/www.alpro-medical.de\/wp-content\/uploads\/2023\/07\/header_handreinigung.jpg\" class=\"attachment-large size-large wp-image-409\" alt=\"\" srcset=\"https:\/\/www.alpro-medical.de\/wp-content\/uploads\/2023\/07\/header_handreinigung.jpg 930w, https:\/\/www.alpro-medical.de\/wp-content\/uploads\/2023\/07\/header_handreinigung-300x55.jpg 300w, https:\/\/www.alpro-medical.de\/wp-content\/uploads\/2023\/07\/header_handreinigung-768x140.jpg 768w\" sizes=\"(max-width: 800px) 100vw, 800px\" \/>\t\t\t\t\t\t\t\t\t\t\t\t\t\t\t<\/div>\n\t\t\t\t<\/div>\n\t\t\t\t\t<\/div>\n\t\t\t\t<\/div>\n\t\t<div class=\"elementor-element elementor-element-26e508c6 e-flex e-con-boxed e-con e-parent\" data-id=\"26e508c6\" data-element_type=\"container\" data-e-type=\"container\">\n\t\t\t\t\t<div class=\"e-con-inner\">\n\t\t<div class=\"elementor-element elementor-element-24570985 e-con-full e-flex e-con e-child\" data-id=\"24570985\" data-element_type=\"container\" data-e-type=\"container\">\n\t\t\t\t<div class=\"elementor-element elementor-element-594adcbf elementor-widget elementor-widget-text-editor\" data-id=\"594adcbf\" data-element_type=\"widget\" data-e-type=\"widget\" data-no-translation=\"\" data-widget_type=\"text-editor.default\">\n\t\t\t\t<div class=\"elementor-widget-container\">\n\t\t\t\t\t<style>.elementor-element-594adcbf{display:none !important}<\/style>\t\t\t\t<\/div>\n\t\t\t\t<\/div>\n\t\t\t\t<div class=\"elementor-element elementor-element-51a5dc7 elementor-widget elementor-widget-text-editor\" data-id=\"51a5dc7\" data-element_type=\"widget\" data-e-type=\"widget\" data-no-translation=\"\" data-widget_type=\"text-editor.default\">\n\t\t\t\t<div class=\"elementor-widget-container\">\n\t\t\t\t\t\t\t\t\t<h2><span style=\"color: #ff0000;\">CREMANA\u00ae-wash<\/span><\/h2><div><div class=\"floatRight\"><img decoding=\"async\" class=\"size-large wp-image-3498 alignright\" src=\"https:\/\/www.alpro-medical.de\/wp-content\/uploads\/2023\/09\/dosierpumpe1l_ref4014-641x1024.jpg\" alt=\"\" width=\"125\" height=\"200\" srcset=\"https:\/\/www.alpro-medical.de\/wp-content\/uploads\/2023\/09\/dosierpumpe1l_ref4014-641x1024.jpg 641w, https:\/\/www.alpro-medical.de\/wp-content\/uploads\/2023\/09\/dosierpumpe1l_ref4014-188x300.jpg 188w, https:\/\/www.alpro-medical.de\/wp-content\/uploads\/2023\/09\/dosierpumpe1l_ref4014-768x1226.jpg 768w, https:\/\/www.alpro-medical.de\/wp-content\/uploads\/2023\/09\/dosierpumpe1l_ref4014-962x1536.jpg 962w, https:\/\/www.alpro-medical.de\/wp-content\/uploads\/2023\/09\/dosierpumpe1l_ref4014-8x12.jpg 8w, https:\/\/www.alpro-medical.de\/wp-content\/uploads\/2023\/09\/dosierpumpe1l_ref4014.jpg 1181w\" sizes=\"(max-width: 125px) 100vw, 125px\" \/><\/div><\/div><div><div class=\"floatRight\"><img decoding=\"async\" class=\"wp-image-4369  alignright\" src=\"https:\/\/www.alpro-medical.de\/wp-content\/uploads\/2024\/03\/Cremana_wash_Serie_neuesEtikett_kl_210412-122x150.jpg\" alt=\"\" width=\"155\" height=\"191\" srcset=\"https:\/\/www.alpro-medical.de\/wp-content\/uploads\/2024\/03\/Cremana_wash_Serie_neuesEtikett_kl_210412-122x150.jpg 122w, https:\/\/www.alpro-medical.de\/wp-content\/uploads\/2024\/03\/Cremana_wash_Serie_neuesEtikett_kl_210412-163x200.jpg 163w, https:\/\/www.alpro-medical.de\/wp-content\/uploads\/2024\/03\/Cremana_wash_Serie_neuesEtikett_kl_210412-768x942.jpg 768w, https:\/\/www.alpro-medical.de\/wp-content\/uploads\/2024\/03\/Cremana_wash_Serie_neuesEtikett_kl_210412-10x12.jpg 10w, https:\/\/www.alpro-medical.de\/wp-content\/uploads\/2024\/03\/Cremana_wash_Serie_neuesEtikett_kl_210412.jpg 963w\" sizes=\"(max-width: 155px) 100vw, 155px\" \/><\/div><h5><span style=\"color: #ff0000;\">Mild hand-washing lotion with selected active substnaces.<\/span><\/h5><p>Even in case of frequent hand-washing, the protection substance contained prevents the skin from drying out and keeps it soft and smooth.<\/p><\/div><h5><span style=\"color: #ff0000;\">Field of application<\/span><\/h5><div><p>Ideal for the use in all medical fields that require frequent hand washing, e. g. medical and dental practices, hospitals, etc.<\/p><\/div><h5>\u00a0<\/h5><h5><span style=\"color: #ff0000;\">Delivery form<\/span><\/h5><p><em><strong><span style=\"color: #000000;\">CREMANA\u00ae-wash<\/span><\/strong><\/em><\/p><div><ul><li><strong>REF 3501<\/strong> \u2013 500 ml squeeze bottle<\/li><li><strong><span class=\"caps\">REF<\/span> 3518<\/strong> \u2013 1 L bottle<\/li><li><strong><span class=\"caps\">REF<\/span> 4014<\/strong> \u2013 1 L Dosage pump<\/li><\/ul><\/div><h5><span style=\"color: #ff0000;\">Accessories<\/span><\/h5><div><div class=\"floatRight\"><img loading=\"lazy\" decoding=\"async\" class=\"size-medium wp-image-3499 alignright\" src=\"https:\/\/www.alpro-medical.de\/wp-content\/uploads\/2023\/09\/wandspender_w-148x300.jpg\" alt=\"\" width=\"74\" height=\"150\" srcset=\"https:\/\/www.alpro-medical.de\/wp-content\/uploads\/2023\/09\/wandspender_w-148x300.jpg 148w, https:\/\/www.alpro-medical.de\/wp-content\/uploads\/2023\/09\/wandspender_w-506x1024.jpg 506w, https:\/\/www.alpro-medical.de\/wp-content\/uploads\/2023\/09\/wandspender_w-6x12.jpg 6w, https:\/\/www.alpro-medical.de\/wp-content\/uploads\/2023\/09\/wandspender_w.jpg 584w\" sizes=\"(max-width: 74px) 100vw, 74px\" \/><\/div><ul><li><strong><span class=\"caps\">REF<\/span> 4028<\/strong> \u2013 Wall dispenser with lever, white (1 L\/500 ml)<\/li><li><strong>REF 4026<\/strong> &#8211; Automatic sensor wall dispenser, white (1 L\/500 ml)<\/li><li><strong>REF 4014<\/strong> &#8211; 500 ml\/1 L Dosage pump<\/li><\/ul><\/div>\t\t\t\t\t\t\t\t<\/div>\n\t\t\t\t<\/div>\n\t\t\t\t<\/div>\n\t\t<div class=\"elementor-element elementor-element-bdf1d8e e-con-full e-flex e-con e-child\" data-id=\"bdf1d8e\" data-element_type=\"container\" data-e-type=\"container\">\n\t\t\t\t<div class=\"elementor-element elementor-element-59bc95ca elementor-nav-menu--dropdown-tablet elementor-nav-menu__text-align-aside elementor-nav-menu--toggle elementor-nav-menu--burger elementor-widget elementor-widget-nav-menu\" data-id=\"59bc95ca\" data-element_type=\"widget\" data-e-type=\"widget\" data-settings=\"{&quot;layout&quot;:&quot;vertical&quot;,&quot;submenu_icon&quot;:{&quot;value&quot;:&quot;&lt;i class=\\&quot;fas fa-caret-down\\&quot; aria-hidden=\\&quot;true\\&quot;&gt;&lt;\\\/i&gt;&quot;,&quot;library&quot;:&quot;fa-solid&quot;},&quot;toggle&quot;:&quot;burger&quot;}\" data-widget_type=\"nav-menu.default\">\n\t\t\t\t<div class=\"elementor-widget-container\">\n\t\t\t\t\t\t\t\t<nav aria-label=\"Men\u00fc\" class=\"elementor-nav-menu--main elementor-nav-menu__container elementor-nav-menu--layout-vertical e--pointer-underline e--animation-fade\">\n\t\t\t\t<ul id=\"menu-1-59bc95ca\" class=\"elementor-nav-menu sm-vertical\"><li class=\"hellrosa menu-item menu-item-type-post_type menu-item-object-page menu-item-1550\"><a href=\"https:\/\/www.alpro-medical.de\/en\/mundspuelung\/\" class=\"elementor-item\">Oral antisepsis<\/a><\/li>\n<li class=\"dunkelrosa_fest menu-item menu-item-type-post_type menu-item-object-page menu-item-1551\"><a href=\"https:\/\/www.alpro-medical.de\/en\/haendereinigung-desinfektion-und-pflege\/\" class=\"elementor-item\">Cleaning, disinfection and care of hands<\/a><\/li>\n<li class=\"dunkelrosa menu-item menu-item-type-post_type menu-item-object-page menu-item-1738\"><a href=\"https:\/\/www.alpro-medical.de\/en\/alprosept-hde\/\" class=\"elementor-item\">\u00a0<i class=\"fas fa-arrow-circle-right\"><\/i>\u00a0\u00a0AlproSept-HDE<\/a><\/li>\n<li class=\"dunkelrosa menu-item menu-item-type-post_type menu-item-object-page menu-item-1740\"><a href=\"https:\/\/www.alpro-medical.de\/en\/cremana-wash\/\" class=\"elementor-item\">\u00a0<i class=\"fas fa-arrow-circle-right\"><\/i>\u00a0\u00a0CREMANA\u00ae-wash<\/a><\/li>\n<li class=\"dunkelrosa menu-item menu-item-type-post_type menu-item-object-page menu-item-1741\"><a href=\"https:\/\/www.alpro-medical.de\/en\/cremana-derm-protect\/\" class=\"elementor-item\">\u00a0<i class=\"fas fa-arrow-circle-right\"><\/i>\u00a0\u00a0CREMANA\u00ae-derm protect<\/a><\/li>\n<li class=\"dunkelrosa menu-item menu-item-type-post_type menu-item-object-page menu-item-1742\"><a href=\"https:\/\/www.alpro-medical.de\/en\/cremana-creme-lotion\/\" class=\"elementor-item\">\u00a0<i class=\"fas fa-arrow-circle-right\"><\/i>\u00a0\u00a0CREMANA\u00ae Creme-Lotion<\/a><\/li>\n<li class=\"hellblau menu-item menu-item-type-post_type menu-item-object-page menu-item-1552\"><a href=\"https:\/\/www.alpro-medical.de\/en\/reinigung\/\" class=\"elementor-item\">Cleaning<\/a><\/li>\n<li class=\"dunkelgruen menu-item menu-item-type-post_type menu-item-object-page menu-item-1553\"><a href=\"https:\/\/www.alpro-medical.de\/en\/oberflaechenreinigung-und-desinfektion\/\" class=\"elementor-item\">Cleaning and disinfection of surfaces<\/a><\/li>\n<li class=\"dunkelblau menu-item menu-item-type-post_type menu-item-object-page menu-item-1554\"><a href=\"https:\/\/www.alpro-medical.de\/en\/manuelle-instrumentenreinigung-und-desinfektion\/\" class=\"elementor-item\">Manual cleaning and disinfection of instruments<\/a><\/li>\n<li class=\"dunkelblau menu-item menu-item-type-post_type menu-item-object-page menu-item-1555\"><a href=\"https:\/\/www.alpro-medical.de\/en\/maschinelle-aufbereitung\/\" class=\"elementor-item\">Mechanical processing<\/a><\/li>\n<li class=\"gelb menu-item menu-item-type-post_type menu-item-object-page menu-item-1556\"><a href=\"https:\/\/www.alpro-medical.de\/en\/absauganlagenreinigung\/\" class=\"elementor-item\">Cleaning of dental aspiration systems<\/a><\/li>\n<li class=\"gelb menu-item menu-item-type-post_type menu-item-object-page menu-item-1557\"><a href=\"https:\/\/www.alpro-medical.de\/en\/abdruckdesinfektion\/\" class=\"elementor-item\">Disinfection of impressions<\/a><\/li>\n<li class=\"gelb menu-item menu-item-type-post_type menu-item-object-page menu-item-1558\"><a href=\"https:\/\/www.alpro-medical.de\/en\/reinigung-spezieller-anwendungen\/\" class=\"elementor-item\">Cleaning for special applications<\/a><\/li>\n<li class=\"blau menu-item menu-item-type-post_type menu-item-object-page menu-item-1559\"><a href=\"https:\/\/www.alpro-medical.de\/en\/betriebswasserentkeimung\/\" class=\"elementor-item\">Decontamination of treatment water<\/a><\/li>\n<li class=\"blau menu-item menu-item-type-post_type menu-item-object-page menu-item-1560\"><a href=\"https:\/\/www.alpro-medical.de\/en\/geraete-zur-betriebswasserversorgung-und-entkeimung\/\" class=\"elementor-item\">Devices for treatment water supply and decontamination<\/a><\/li>\n<li class=\"grau menu-item menu-item-type-post_type menu-item-object-page menu-item-1561\"><a href=\"https:\/\/www.alpro-medical.de\/en\/zubehoer\/\" class=\"elementor-item\">Accessories<\/a><\/li>\n<li class=\"rot menu-item menu-item-type-post_type menu-item-object-page menu-item-1562\"><a href=\"https:\/\/www.alpro-medical.de\/en\/restproteinbestimmung-procheck\/\" class=\"elementor-item\">Residual protein determination - ProCheck<\/a><\/li>\n<\/ul>\t\t\t<\/nav>\n\t\t\t\t\t<div class=\"elementor-menu-toggle\" role=\"button\" tabindex=\"0\" aria-label=\"Menu Toggle\" aria-expanded=\"false\">\n\t\t\t<i aria-hidden=\"true\" role=\"presentation\" class=\"elementor-menu-toggle__icon--open eicon-menu-bar\"><\/i><i aria-hidden=\"true\" role=\"presentation\" class=\"elementor-menu-toggle__icon--close eicon-close\"><\/i>\t\t<\/div>\n\t\t\t\t\t<nav class=\"elementor-nav-menu--dropdown elementor-nav-menu__container\" aria-hidden=\"true\">\n\t\t\t\t<ul id=\"menu-2-59bc95ca\" class=\"elementor-nav-menu sm-vertical\"><li class=\"hellrosa menu-item menu-item-type-post_type menu-item-object-page menu-item-1550\"><a href=\"https:\/\/www.alpro-medical.de\/en\/mundspuelung\/\" class=\"elementor-item\" tabindex=\"-1\">Oral antisepsis<\/a><\/li>\n<li class=\"dunkelrosa_fest menu-item menu-item-type-post_type menu-item-object-page menu-item-1551\"><a href=\"https:\/\/www.alpro-medical.de\/en\/haendereinigung-desinfektion-und-pflege\/\" class=\"elementor-item\" tabindex=\"-1\">Cleaning, disinfection and care of hands<\/a><\/li>\n<li class=\"dunkelrosa menu-item menu-item-type-post_type menu-item-object-page menu-item-1738\"><a href=\"https:\/\/www.alpro-medical.de\/en\/alprosept-hde\/\" class=\"elementor-item\" tabindex=\"-1\">\u00a0<i class=\"fas fa-arrow-circle-right\"><\/i>\u00a0\u00a0AlproSept-HDE<\/a><\/li>\n<li class=\"dunkelrosa menu-item menu-item-type-post_type menu-item-object-page menu-item-1740\"><a href=\"https:\/\/www.alpro-medical.de\/en\/cremana-wash\/\" class=\"elementor-item\" tabindex=\"-1\">\u00a0<i class=\"fas fa-arrow-circle-right\"><\/i>\u00a0\u00a0CREMANA\u00ae-wash<\/a><\/li>\n<li class=\"dunkelrosa menu-item menu-item-type-post_type menu-item-object-page menu-item-1741\"><a href=\"https:\/\/www.alpro-medical.de\/en\/cremana-derm-protect\/\" class=\"elementor-item\" tabindex=\"-1\">\u00a0<i class=\"fas fa-arrow-circle-right\"><\/i>\u00a0\u00a0CREMANA\u00ae-derm protect<\/a><\/li>\n<li class=\"dunkelrosa menu-item menu-item-type-post_type menu-item-object-page menu-item-1742\"><a href=\"https:\/\/www.alpro-medical.de\/en\/cremana-creme-lotion\/\" class=\"elementor-item\" tabindex=\"-1\">\u00a0<i class=\"fas fa-arrow-circle-right\"><\/i>\u00a0\u00a0CREMANA\u00ae Creme-Lotion<\/a><\/li>\n<li class=\"hellblau menu-item menu-item-type-post_type menu-item-object-page menu-item-1552\"><a href=\"https:\/\/www.alpro-medical.de\/en\/reinigung\/\" class=\"elementor-item\" tabindex=\"-1\">Cleaning<\/a><\/li>\n<li class=\"dunkelgruen menu-item menu-item-type-post_type menu-item-object-page menu-item-1553\"><a href=\"https:\/\/www.alpro-medical.de\/en\/oberflaechenreinigung-und-desinfektion\/\" class=\"elementor-item\" tabindex=\"-1\">Cleaning and disinfection of surfaces<\/a><\/li>\n<li class=\"dunkelblau menu-item menu-item-type-post_type menu-item-object-page menu-item-1554\"><a href=\"https:\/\/www.alpro-medical.de\/en\/manuelle-instrumentenreinigung-und-desinfektion\/\" class=\"elementor-item\" tabindex=\"-1\">Manual cleaning and disinfection of instruments<\/a><\/li>\n<li class=\"dunkelblau menu-item menu-item-type-post_type menu-item-object-page menu-item-1555\"><a href=\"https:\/\/www.alpro-medical.de\/en\/maschinelle-aufbereitung\/\" class=\"elementor-item\" tabindex=\"-1\">Mechanical processing<\/a><\/li>\n<li class=\"gelb menu-item menu-item-type-post_type menu-item-object-page menu-item-1556\"><a href=\"https:\/\/www.alpro-medical.de\/en\/absauganlagenreinigung\/\" class=\"elementor-item\" tabindex=\"-1\">Cleaning of dental aspiration systems<\/a><\/li>\n<li class=\"gelb menu-item menu-item-type-post_type menu-item-object-page menu-item-1557\"><a href=\"https:\/\/www.alpro-medical.de\/en\/abdruckdesinfektion\/\" class=\"elementor-item\" tabindex=\"-1\">Disinfection of impressions<\/a><\/li>\n<li class=\"gelb menu-item menu-item-type-post_type menu-item-object-page menu-item-1558\"><a href=\"https:\/\/www.alpro-medical.de\/en\/reinigung-spezieller-anwendungen\/\" class=\"elementor-item\" tabindex=\"-1\">Cleaning for special applications<\/a><\/li>\n<li class=\"blau menu-item menu-item-type-post_type menu-item-object-page menu-item-1559\"><a href=\"https:\/\/www.alpro-medical.de\/en\/betriebswasserentkeimung\/\" class=\"elementor-item\" tabindex=\"-1\">Decontamination of treatment water<\/a><\/li>\n<li class=\"blau menu-item menu-item-type-post_type menu-item-object-page menu-item-1560\"><a href=\"https:\/\/www.alpro-medical.de\/en\/geraete-zur-betriebswasserversorgung-und-entkeimung\/\" class=\"elementor-item\" tabindex=\"-1\">Devices for treatment water supply and decontamination<\/a><\/li>\n<li class=\"grau menu-item menu-item-type-post_type menu-item-object-page menu-item-1561\"><a href=\"https:\/\/www.alpro-medical.de\/en\/zubehoer\/\" class=\"elementor-item\" tabindex=\"-1\">Accessories<\/a><\/li>\n<li class=\"rot menu-item menu-item-type-post_type menu-item-object-page menu-item-1562\"><a href=\"https:\/\/www.alpro-medical.de\/en\/restproteinbestimmung-procheck\/\" class=\"elementor-item\" tabindex=\"-1\">Residual protein determination - ProCheck<\/a><\/li>\n<\/ul>\t\t\t<\/nav>\n\t\t\t\t\t\t<\/div>\n\t\t\t\t<\/div>\n\t\t\t\t<\/div>\n\t\t\t\t\t<\/div>\n\t\t\t\t<\/div>\n\t\t<div class=\"elementor-element elementor-element-76ddb8d e-flex e-con-boxed e-con e-parent\" data-id=\"76ddb8d\" data-element_type=\"container\" data-e-type=\"container\">\n\t\t\t\t\t<div class=\"e-con-inner\">\n\t\t\t\t<div class=\"elementor-element elementor-element-8883bbd elementor-widget elementor-widget-wpfd_choose_category\" data-id=\"8883bbd\" data-element_type=\"widget\" data-e-type=\"widget\" data-no-translation=\"\" data-widget_type=\"wpfd_choose_category.default\">\n\t\t\t\t<div class=\"elementor-widget-container\">\n\t\t\t\t\t<style>.elementor-element-8883bbd{display:none !important}<\/style>\t\t\t\t<\/div>\n\t\t\t\t<\/div>\n\t\t\t\t<div class=\"elementor-element elementor-element-0c2f2d1 elementor-widget elementor-widget-wpfd_choose_category\" data-id=\"0c2f2d1\" data-element_type=\"widget\" data-e-type=\"widget\" data-no-translation=\"\" data-widget_type=\"wpfd_choose_category.default\">\n\t\t\t\t<div class=\"elementor-widget-container\">\n\t\t\t\t\t<div id=\"wpfd-elementor-category\" class=\"wpfd-elementor-category\"><div class=\"wpfd-content wpfd-content-default wpfd-content-multi\" data-category=\"160\"             style=\"background-color: rgba(255, 255, 255, 0)\"><input type=\"hidden\" id=\"current_category_160\" value=\"160\" \/>                    <input type=\"hidden\" id=\"current_category_slug_160\" value=\"cremana-wash-products\" \/>                    <input type=\"hidden\" id=\"current_ordering_160\" value=\"title\" \/>                    <input type=\"hidden\" id=\"current_ordering_direction_160\" value=\"asc\" \/>                    <input type=\"hidden\" id=\"page_limit_160\" value=\"100\" \/><input type=\"hidden\" id=\"wpfd_display_empty_category_message\" value=\"0\" \/><input type=\"hidden\" id=\"wpfd_empty_category_message_val\" value=\"This file category has no files to display\" \/><input type=\"hidden\" id=\"wpfd_display_empty_folder\" value=\"0\" \/><input type=\"hidden\" id=\"wpfd_is_empty_subcategories\" value=\"1\" \/><input type=\"hidden\" id=\"wpfd_is_empty_files\" value=\"1\" \/><input type=\"hidden\" id=\"wpfd_root_category_id\" class=\"wpfd_root_category_id\" value=\"160\" \/><input type=\"hidden\" id=\"wpfd_root_category_theme\" class=\"wpfd_root_category_theme\" value=\"default\" \/><input type=\"hidden\" id=\"wpfd_root_category_clone_theme_type\" class=\"wpfd_root_category_clone_theme_type\" value=\"none\" \/><input type=\"hidden\" id=\"wpfd_root_category_type\" class=\"wpfd_root_category_type\" value=\"160\" \/><ul class=\"breadcrumbs wpfd-breadcrumbs-default head-category-default\">                            <li class=\"active\">CREMANA\u00ae-wash<\/li>                        <\/ul>    <script type=\"text\/x-handlebars-template\" class=\"wpfd-template-categories\">        <div class=\"wpfd-categories \">{{#if category}}{{#with category}}{{#if parent}}<a class=\"catlink backcategory\" href=\"#\" data-idcat=\"{{parent}}\">                        <i class=\"zmdi zmdi-chevron-left\"><\/i><span>Back<\/span><\/a>{{\/if}}{{\/with}}{{\/if}}{{#if category.desc}}<div class=\"wpfd-category-desc\">{{category.desc}}<\/div>{{\/if}}{{#if categories}}{{#each categories}}<a class=\"wpfdcategory catlink \" style=\"margin : 10px 10px 10px 10px;\" href=\"#\" data-idcat=\"{{termID}}\" title=\"{{name}}\">                                <span>{{name}}<\/span><i class=\"zmdi zmdi-folder wpfd-folder\"><\/i>                            <\/a>{{\/each}}{{\/if}}<div class=\"wpfdcategory_placeholder\" style=\"margin : 0 10px 0 10px;\"><\/div><div class=\"wpfdcategory_placeholder\" style=\"margin : 0 10px 0 10px;\"><\/div><div class=\"wpfdcategory_placeholder\" style=\"margin : 0 10px 0 10px;\"><\/div><\/div>    <\/script>    <script type=\"text\/x-handlebars-template\" class=\"wpfd-template-files\">        {{#if files }}        <div class=\"wpfd_list\">            {{#each files}}            <div class=\"file {{ext}}\" style=\"margin : 10px 10px 10px 10px;\" data-id=\"{{ID}}\" data-catid=\"{{catid}}\">                <input type=\"hidden\" class=\"wpfd_file_preview_link_download\" value=\"{{linkdownload}}\" data-filetitle=\"{{post_title}}\" data-fileicons=\"ext ext-{{ext}} wpfd-icon-set-png\" \/>                <div class=\"filecontent\">                    {{#if file_custom_icon}}                    <div class=\"icon-custom\"><img decoding=\"async\" src=\"{{file_custom_icon}}\" \/><\/div>                    {{else}}                    <div class=\"ext ext-{{ext}} wpfd-icon-set-png\"><span class=\"txt\">{{ext}}<\/span><\/div>                    {{\/if}}<h3><a href=\"{{linkdownload}}\"   class=\"wpfd_downloadlink\" title=\"{{post_title}}\" target=\"{{#if remote_file}}_blank{{\/if}}\">{{{crop_title}}}<\/a><\/h3>                    <div class=\"file-xinfo\">                        {{#if versionNumber}}<div class=\"file-version\"><span>Version:<\/span> {{versionNumber}}<\/div>{{\/if}}<div class=\"file-size\"><span>Size:<\/span> {{bytesToSize size}}<\/div><div class=\"file-hits\"><span>Hits:<\/span> {{hits}}<\/div><div class=\"file-dated\"><span>Date added:<\/span> {{created}}<\/div><div class=\"file-dated\"><span>Date modified:<\/span> {{modified}}<\/div>                    <\/div>                <\/div>                <span class=\"file-right\">                    <a class=\"downloadlink wpfd_downloadlink\"  href=\"{{linkdownload}}\"  style=\"background-color:#76bc58;color:#ffffff;\" target=\"{{#if remote_file}}_blank{{\/if}}\">Download<i class=\"zmdi zmdi-cloud-download wpfd-download\"><\/i><\/a>                <\/span>            <\/div>            {{\/each}}            <div class=\"file flex_span\" style=\"margin : 10px 10px 10px 10px;\"><\/div>        <\/div>        {{\/if}}    <\/script>    <div class=\"wpfd-container show_breadcrumb show_subcategories\">                <div class=\"wpfd-open-tree\"><\/div>        <div class=\"wpfd-container-default\">            <div class=\"wpfd-categories\"><div class=\"wpfd-category-desc\"><\/div><\/div>                            <div class=\"wpfd_list\">                                                                        <div class=\"file pdf\" style=\"margin : 10px 10px 10px 10px;\"                                 data-id=\"2935\"                                 data-catid=\"160\">                                                                <input type=\"hidden\" class=\"wpfd_file_preview_link_download\" value=\"https:\/\/www.alpro-medical.de\/download\/160\/cremana-wash\/2935\/safety-data-sheet-cremana-wash.pdf\"                                       data-filetitle=\"Safety Data Sheet Cremana-wash\" data-fileicons=\"ext ext-pdf wpfd-icon-set-png\" \/>                                <div class=\"filecontent\">                                    <div class=\"ext ext-pdf wpfd-icon-set-png\"><span class=\"txt\">pdf<\/span><\/div><h3><a href=\"https:\/\/www.alpro-medical.de\/download\/160\/cremana-wash\/2935\/safety-data-sheet-cremana-wash.pdf\"   class=\"wpfd_downloadlink\" title=\"Safety Data Sheet Cremana-wash\" target=\"\">Safety Data Sheet Cremana-wash<\/a><\/h3>                                    <div class=\"file-xinfo\">                                        <div class=\"file-size\"><span>Size:<\/span> 52.31 KB<\/div><div class=\"file-hits\"><span>Hits:<\/span> 387<\/div><div class=\"file-dated\"><span>Date added:<\/span> 25-08-2023<\/div><div class=\"file-dated\"><span>Date modified:<\/span> 25-08-2023<\/div>                                    <\/div>                                <\/div>                                <div class=\"file-right\">                                    <a class=\"downloadlink wpfd_downloadlink\"  href=\"https:\/\/www.alpro-medical.de\/download\/160\/cremana-wash\/2935\/safety-data-sheet-cremana-wash.pdf\"  style=\"background-color:#76bc58;color:#ffffff;\" target=\"\">Download<i class=\"zmdi zmdi-cloud-download wpfd-download\"><\/i><\/a>                                <\/div>                            <\/div>                                                                <div class=\"file flex_span\" style=\"margin : 10px 10px 10px 10px;\"><\/div>                <\/div>                                <\/div>    <\/div><\/div><\/div>\t\t\t\t<\/div>\n\t\t\t\t<\/div>\n\t\t\t\t\t<\/div>\n\t\t\t\t<\/div>\n\t\t\t\t<\/div>","protected":false},"excerpt":{"rendered":"<p>CREMANA\u00ae-wash Milde Handwaschlotion mit ausgesuchten waschaktiven Substanzen.\u00a0 Selbst bei h\u00e4ufigem H\u00e4ndewaschen wirkt der eingearbeitete Hautschutzstoff einer Entfettung der Haut entgegen und h\u00e4lt sie zart and geschmeidig.\u00a0 Anwendungsgebiet Ideal zur Anwendung in allen medizinischen Bereichen, die h\u00e4ufiges H\u00e4ndew\u00e4schen erfordern, wie z. B. in Arzt- und Zahnarztpraxen, Krankenh\u00e4usern etc. Eigenschaften leicht r\u00fcckfettend hautneutraler pH-Wert ohne Parabene ohne [&hellip;]<\/p>\n","protected":false},"author":1,"featured_media":0,"parent":0,"menu_order":0,"comment_status":"closed","ping_status":"closed","template":"","meta":{"footnotes":""},"class_list":["post-1128","page","type-page","status-publish","hentry"],"_links":{"self":[{"href":"https:\/\/www.alpro-medical.de\/en\/wp-json\/wp\/v2\/pages\/1128","targetHints":{"allow":["GET"]}}],"collection":[{"href":"https:\/\/www.alpro-medical.de\/en\/wp-json\/wp\/v2\/pages"}],"about":[{"href":"https:\/\/www.alpro-medical.de\/en\/wp-json\/wp\/v2\/types\/page"}],"author":[{"embeddable":true,"href":"https:\/\/www.alpro-medical.de\/en\/wp-json\/wp\/v2\/users\/1"}],"replies":[{"embeddable":true,"href":"https:\/\/www.alpro-medical.de\/en\/wp-json\/wp\/v2\/comments?post=1128"}],"version-history":[{"count":58,"href":"https:\/\/www.alpro-medical.de\/en\/wp-json\/wp\/v2\/pages\/1128\/revisions"}],"predecessor-version":[{"id":5970,"href":"https:\/\/www.alpro-medical.de\/en\/wp-json\/wp\/v2\/pages\/1128\/revisions\/5970"}],"wp:attachment":[{"href":"https:\/\/www.alpro-medical.de\/en\/wp-json\/wp\/v2\/media?parent=1128"}],"curies":[{"name":"wp","href":"https:\/\/api.w.org\/{rel}","templated":true}]}}