{"id":1047,"date":"2023-07-12T14:06:53","date_gmt":"2023-07-12T12:06:53","guid":{"rendered":"https:\/\/alproarchiv.de\/?page_id=1047"},"modified":"2023-09-14T14:27:52","modified_gmt":"2023-09-14T12:27:52","slug":"manuelle-instrumentenreinigung-und-desinfektion","status":"publish","type":"page","link":"https:\/\/www.alpro-medical.de\/en\/manuelle-instrumentenreinigung-und-desinfektion\/","title":{"rendered":"Manual cleaning and disinfection of instruments"},"content":{"rendered":"<div data-elementor-type=\"wp-page\" data-elementor-id=\"1047\" class=\"elementor elementor-1047\" data-elementor-post-type=\"page\">\n\t\t\t\t<div class=\"elementor-element elementor-element-539f48ca e-flex e-con-boxed e-con e-parent\" data-id=\"539f48ca\" data-element_type=\"container\" data-e-type=\"container\" data-settings=\"{&quot;background_background&quot;:&quot;classic&quot;}\">\n\t\t\t\t\t<div class=\"e-con-inner\">\n\t\t<div class=\"elementor-element elementor-element-11a5df1b e-flex e-con-boxed e-con e-child\" data-id=\"11a5df1b\" data-element_type=\"container\" data-e-type=\"container\" data-settings=\"{&quot;background_background&quot;:&quot;classic&quot;}\">\n\t\t\t\t\t<div class=\"e-con-inner\">\n\t\t\t\t<div class=\"elementor-element elementor-element-607efa0 elementor-widget__width-inherit elementor-widget elementor-widget-image\" data-id=\"607efa0\" data-element_type=\"widget\" data-e-type=\"widget\" data-widget_type=\"image.default\">\n\t\t\t\t<div class=\"elementor-widget-container\">\n\t\t\t\t\t\t\t\t\t\t\t\t\t\t\t<img fetchpriority=\"high\" decoding=\"async\" width=\"930\" height=\"170\" src=\"https:\/\/www.alpro-medical.de\/wp-content\/uploads\/2023\/07\/header_manuelle_instrumentenreinigung.jpg\" class=\"attachment-full size-full wp-image-413\" alt=\"\" srcset=\"https:\/\/www.alpro-medical.de\/wp-content\/uploads\/2023\/07\/header_manuelle_instrumentenreinigung.jpg 930w, https:\/\/www.alpro-medical.de\/wp-content\/uploads\/2023\/07\/header_manuelle_instrumentenreinigung-300x55.jpg 300w, https:\/\/www.alpro-medical.de\/wp-content\/uploads\/2023\/07\/header_manuelle_instrumentenreinigung-768x140.jpg 768w\" sizes=\"(max-width: 930px) 100vw, 930px\" \/>\t\t\t\t\t\t\t\t\t\t\t\t\t\t\t<\/div>\n\t\t\t\t<\/div>\n\t\t\t\t\t<\/div>\n\t\t\t\t<\/div>\n\t\t\t\t\t<\/div>\n\t\t\t\t<\/div>\n\t\t<div class=\"elementor-element elementor-element-4dfdbefb e-flex e-con-boxed e-con e-parent\" data-id=\"4dfdbefb\" data-element_type=\"container\" data-e-type=\"container\">\n\t\t\t\t\t<div class=\"e-con-inner\">\n\t\t<div class=\"elementor-element elementor-element-86e3669 e-con-full e-flex e-con e-child\" data-id=\"86e3669\" data-element_type=\"container\" data-e-type=\"container\">\n\t\t\t\t<div class=\"elementor-element elementor-element-27723f99 elementor-widget elementor-widget-text-editor\" data-id=\"27723f99\" data-element_type=\"widget\" data-e-type=\"widget\" data-widget_type=\"text-editor.default\">\n\t\t\t\t<div class=\"elementor-widget-container\">\n\t\t\t\t\t\t\t\t\t<h1><span style=\"color: #ff0000;\"><strong><span class=\"cat\">Manual cleaning and disinfection of instruments<\/span><\/strong><\/span><\/h1><ul id=\"categorylist\"><li><a href=\"https:\/\/www.alpro-medical.de\/en\/alprozyme\/\">AlproZyme<\/a><\/li><li><a href=\"https:\/\/www.alpro-medical.de\/en\/ic-100\/\">IC-100<\/a><\/li><li><a href=\"https:\/\/www.alpro-medical.de\/en\/bib-forte-eco\/\">BIB forte eco<\/a><\/li><li><a href=\"https:\/\/www.alpro-medical.de\/en\/wl-clean\/\">WL-clean <\/a><\/li><li><a href=\"https:\/\/www.alpro-medical.de\/en\/wl-cid\/\">WL-cid<\/a><\/li><li><a href=\"https:\/\/www.alpro-medical.de\/en\/wl-dry\/\">WL-dry <\/a><\/li><li><a href=\"https:\/\/www.alpro-medical.de\/en\/waterjet\/\">WaterJet<\/a><\/li><li><a href=\"https:\/\/www.alpro-medical.de\/en\/wl-blow\/\">WL-Blow<\/a><\/li><li><a href=\"https:\/\/www.alpro-medical.de\/en\/wl-adapter-fuer-die-gesamte-innenreinigung\/\">WL-Adapter f\u00fcr die gesamte Innenreinigung<\/a><\/li><li><a href=\"https:\/\/www.alpro-medical.de\/en\/wl-adapter-fuer-ultraschall-und-airscalerspitzen\/\">WL-Adapter f\u00fcr Ultraschall- und Airscalerspitzen<\/a><\/li><li><a href=\"https:\/\/www.alpro-medical.de\/en\/wl-universaladapter\/\">WL-Universaladapter<\/a><\/li><li><a href=\"https:\/\/www.alpro-medical.de\/en\/wl-adapter-fuer-spraywasser-sprayluftkanaele\/\">WL-Adapter f\u00fcr Spraywasser- \/ Sprayluftkan\u00e4le<\/a><\/li><li><a href=\"https:\/\/www.alpro-medical.de\/en\/bc-san-100\/\">BC-San 100<\/a><\/li><\/ul>\t\t\t\t\t\t\t\t<\/div>\n\t\t\t\t<\/div>\n\t\t\t\t<\/div>\n\t\t<div class=\"elementor-element elementor-element-23182dae e-con-full e-flex e-con e-child\" data-id=\"23182dae\" data-element_type=\"container\" data-e-type=\"container\">\n\t\t\t\t<div class=\"elementor-element elementor-element-1706974a elementor-nav-menu--dropdown-tablet elementor-nav-menu__text-align-aside elementor-nav-menu--toggle elementor-nav-menu--burger elementor-widget elementor-widget-nav-menu\" data-id=\"1706974a\" data-element_type=\"widget\" data-e-type=\"widget\" data-settings=\"{&quot;layout&quot;:&quot;vertical&quot;,&quot;submenu_icon&quot;:{&quot;value&quot;:&quot;&lt;i class=\\&quot;fas fa-caret-down\\&quot; aria-hidden=\\&quot;true\\&quot;&gt;&lt;\\\/i&gt;&quot;,&quot;library&quot;:&quot;fa-solid&quot;},&quot;toggle&quot;:&quot;burger&quot;}\" data-widget_type=\"nav-menu.default\">\n\t\t\t\t<div class=\"elementor-widget-container\">\n\t\t\t\t\t\t\t\t<nav aria-label=\"Menu\" class=\"elementor-nav-menu--main elementor-nav-menu__container elementor-nav-menu--layout-vertical e--pointer-underline e--animation-fade\">\n\t\t\t\t<ul id=\"menu-1-1706974a\" class=\"elementor-nav-menu sm-vertical\"><li class=\"hellrosa menu-item menu-item-type-post_type menu-item-object-page menu-item-1589\"><a href=\"https:\/\/www.alpro-medical.de\/en\/mundspuelung\/\" class=\"elementor-item\">Oral antisepsis<\/a><\/li>\n<li class=\"dunkelrosa menu-item menu-item-type-post_type menu-item-object-page menu-item-1590\"><a href=\"https:\/\/www.alpro-medical.de\/en\/haendereinigung-desinfektion-und-pflege\/\" class=\"elementor-item\">Cleaning, disinfection and care of hands<\/a><\/li>\n<li class=\"hellblau menu-item menu-item-type-post_type menu-item-object-page menu-item-1591\"><a href=\"https:\/\/www.alpro-medical.de\/en\/reinigung\/\" class=\"elementor-item\">Cleaning<\/a><\/li>\n<li class=\"dunkelgruen menu-item menu-item-type-post_type menu-item-object-page menu-item-1592\"><a href=\"https:\/\/www.alpro-medical.de\/en\/oberflaechenreinigung-und-desinfektion\/\" class=\"elementor-item\">Cleaning and disinfection of surfaces<\/a><\/li>\n<li class=\"dunkelblau_fest menu-item menu-item-type-post_type menu-item-object-page menu-item-1593\"><a href=\"https:\/\/www.alpro-medical.de\/en\/manuelle-instrumentenreinigung-und-desinfektion\/\" class=\"elementor-item\">Manual cleaning and disinfection of instruments<\/a><\/li>\n<li class=\"dunkelblau menu-item menu-item-type-post_type menu-item-object-page menu-item-2044\"><a href=\"https:\/\/www.alpro-medical.de\/en\/alprozyme\/\" class=\"elementor-item\">\u00a0 <i class=\"fas fa-arrow-circle-right\"><\/i>\u00a0\u00a0AlproZyme<\/a><\/li>\n<li class=\"dunkelblau menu-item menu-item-type-post_type menu-item-object-page menu-item-2045\"><a href=\"https:\/\/www.alpro-medical.de\/en\/ic-100\/\" class=\"elementor-item\">\u00a0 <i class=\"fas fa-arrow-circle-right\"><\/i>\u00a0\u00a0IC-100<\/a><\/li>\n<li class=\"dunkelblau menu-item menu-item-type-post_type menu-item-object-page menu-item-2046\"><a href=\"https:\/\/www.alpro-medical.de\/en\/bib-forte-eco\/\" class=\"elementor-item\">\u00a0 <i class=\"fas fa-arrow-circle-right\"><\/i>\u00a0\u00a0BIB forte eco<\/a><\/li>\n<li class=\"dunkelblau menu-item menu-item-type-post_type menu-item-object-page menu-item-2049\"><a href=\"https:\/\/www.alpro-medical.de\/en\/wl-clean\/\" class=\"elementor-item\">\u00a0 <i class=\"fas fa-arrow-circle-right\"><\/i>\u00a0\u00a0WL-clean<\/a><\/li>\n<li class=\"dunkelblau menu-item menu-item-type-post_type menu-item-object-page menu-item-2050\"><a href=\"https:\/\/www.alpro-medical.de\/en\/wl-cid\/\" class=\"elementor-item\">\u00a0 <i class=\"fas fa-arrow-circle-right\"><\/i>\u00a0\u00a0WL-cid<\/a><\/li>\n<li class=\"dunkelblau menu-item menu-item-type-post_type menu-item-object-page menu-item-2048\"><a href=\"https:\/\/www.alpro-medical.de\/en\/wl-dry\/\" class=\"elementor-item\">\u00a0 <i class=\"fas fa-arrow-circle-right\"><\/i>\u00a0\u00a0WL-dry<\/a><\/li>\n<li class=\"dunkelblau menu-item menu-item-type-post_type menu-item-object-page menu-item-2055\"><a href=\"https:\/\/www.alpro-medical.de\/en\/waterjet\/\" class=\"elementor-item\">\u00a0 <i class=\"fas fa-arrow-circle-right\"><\/i>\u00a0\u00a0WaterJet<\/a><\/li>\n<li class=\"dunkelblau menu-item menu-item-type-post_type menu-item-object-page menu-item-2051\"><a href=\"https:\/\/www.alpro-medical.de\/en\/wl-blow\/\" class=\"elementor-item\">\u00a0 <i class=\"fas fa-arrow-circle-right\"><\/i>\u00a0\u00a0WL-Blow<\/a><\/li>\n<li class=\"dunkelblau menu-item menu-item-type-post_type menu-item-object-page menu-item-2054\"><a href=\"https:\/\/www.alpro-medical.de\/en\/wl-adapter-fuer-die-gesamte-innenreinigung\/\" class=\"elementor-item\">\u00a0 <i class=\"fas fa-arrow-circle-right\"><\/i>\u00a0\u00a0WL-Adapter f\u00fcr die gesamte Innenreinigung<\/a><\/li>\n<li class=\"dunkelblau menu-item menu-item-type-post_type menu-item-object-page menu-item-2052\"><a href=\"https:\/\/www.alpro-medical.de\/en\/wl-adapter-fuer-ultraschall-und-airscalerspitzen\/\" class=\"elementor-item\">\u00a0 <i class=\"fas fa-arrow-circle-right\"><\/i>\u00a0\u00a0WL-Adapter f\u00fcr Ultraschall- und Airscalerspitzen<\/a><\/li>\n<li class=\"dunkelblau menu-item menu-item-type-post_type menu-item-object-page menu-item-2047\"><a href=\"https:\/\/www.alpro-medical.de\/en\/wl-universaladapter\/\" class=\"elementor-item\">\u00a0 <i class=\"fas fa-arrow-circle-right\"><\/i>\u00a0\u00a0WL-Universaladapter<\/a><\/li>\n<li class=\"dunkelblau menu-item menu-item-type-post_type menu-item-object-page menu-item-2053\"><a href=\"https:\/\/www.alpro-medical.de\/en\/wl-adapter-fuer-spraywasser-sprayluftkanaele\/\" class=\"elementor-item\">\u00a0 <i class=\"fas fa-arrow-circle-right\"><\/i>\u00a0\u00a0WL-Adapter f\u00fcr Spraywasser- \/ Sprayluftkan\u00e4le<\/a><\/li>\n<li class=\"dunkelblau menu-item menu-item-type-post_type menu-item-object-page menu-item-2059\"><a href=\"https:\/\/www.alpro-medical.de\/en\/bc-san-100\/\" class=\"elementor-item\">\u00a0 <i class=\"fas fa-arrow-circle-right\"><\/i>\u00a0\u00a0BC-San 100<\/a><\/li>\n<li class=\"dunkelblau menu-item menu-item-type-post_type menu-item-object-page menu-item-1594\"><a href=\"https:\/\/www.alpro-medical.de\/en\/maschinelle-aufbereitung\/\" class=\"elementor-item\">Mechanical processing<\/a><\/li>\n<li class=\"gelb menu-item menu-item-type-post_type menu-item-object-page menu-item-1595\"><a href=\"https:\/\/www.alpro-medical.de\/en\/absauganlagenreinigung\/\" class=\"elementor-item\">Cleaning of dental aspiration systems<\/a><\/li>\n<li class=\"gelb menu-item menu-item-type-post_type menu-item-object-page menu-item-1596\"><a href=\"https:\/\/www.alpro-medical.de\/en\/abdruckdesinfektion\/\" class=\"elementor-item\">Disinfection of impressions<\/a><\/li>\n<li class=\"gelb menu-item menu-item-type-post_type menu-item-object-page menu-item-1597\"><a href=\"https:\/\/www.alpro-medical.de\/en\/reinigung-spezieller-anwendungen\/\" class=\"elementor-item\">Cleaning for special applications<\/a><\/li>\n<li class=\"blau menu-item menu-item-type-post_type menu-item-object-page menu-item-1598\"><a href=\"https:\/\/www.alpro-medical.de\/en\/betriebswasserentkeimung\/\" class=\"elementor-item\">Decontamination of treatment water<\/a><\/li>\n<li class=\"blau menu-item menu-item-type-post_type menu-item-object-page menu-item-1599\"><a href=\"https:\/\/www.alpro-medical.de\/en\/geraete-zur-betriebswasserversorgung-und-entkeimung\/\" class=\"elementor-item\">Devices for treatment water supply and decontamination<\/a><\/li>\n<li class=\"grau menu-item menu-item-type-post_type menu-item-object-page menu-item-1600\"><a href=\"https:\/\/www.alpro-medical.de\/en\/zubehoer\/\" class=\"elementor-item\">Accessories<\/a><\/li>\n<li class=\"rot menu-item menu-item-type-post_type menu-item-object-page menu-item-1601\"><a href=\"https:\/\/www.alpro-medical.de\/en\/restproteinbestimmung-procheck\/\" class=\"elementor-item\">Residual protein determination - ProCheck<\/a><\/li>\n<\/ul>\t\t\t<\/nav>\n\t\t\t\t\t<div class=\"elementor-menu-toggle\" role=\"button\" tabindex=\"0\" aria-label=\"Menu Toggle\" aria-expanded=\"false\">\n\t\t\t<i aria-hidden=\"true\" role=\"presentation\" class=\"elementor-menu-toggle__icon--open eicon-menu-bar\"><\/i><i aria-hidden=\"true\" role=\"presentation\" class=\"elementor-menu-toggle__icon--close eicon-close\"><\/i>\t\t<\/div>\n\t\t\t\t\t<nav class=\"elementor-nav-menu--dropdown elementor-nav-menu__container\" aria-hidden=\"true\">\n\t\t\t\t<ul id=\"menu-2-1706974a\" class=\"elementor-nav-menu sm-vertical\"><li class=\"hellrosa menu-item menu-item-type-post_type menu-item-object-page menu-item-1589\"><a href=\"https:\/\/www.alpro-medical.de\/en\/mundspuelung\/\" class=\"elementor-item\" tabindex=\"-1\">Oral antisepsis<\/a><\/li>\n<li class=\"dunkelrosa menu-item menu-item-type-post_type menu-item-object-page menu-item-1590\"><a href=\"https:\/\/www.alpro-medical.de\/en\/haendereinigung-desinfektion-und-pflege\/\" class=\"elementor-item\" tabindex=\"-1\">Cleaning, disinfection and care of hands<\/a><\/li>\n<li class=\"hellblau menu-item menu-item-type-post_type menu-item-object-page menu-item-1591\"><a href=\"https:\/\/www.alpro-medical.de\/en\/reinigung\/\" class=\"elementor-item\" tabindex=\"-1\">Cleaning<\/a><\/li>\n<li class=\"dunkelgruen menu-item menu-item-type-post_type menu-item-object-page menu-item-1592\"><a href=\"https:\/\/www.alpro-medical.de\/en\/oberflaechenreinigung-und-desinfektion\/\" class=\"elementor-item\" tabindex=\"-1\">Cleaning and disinfection of surfaces<\/a><\/li>\n<li class=\"dunkelblau_fest menu-item menu-item-type-post_type menu-item-object-page menu-item-1593\"><a href=\"https:\/\/www.alpro-medical.de\/en\/manuelle-instrumentenreinigung-und-desinfektion\/\" class=\"elementor-item\" tabindex=\"-1\">Manual cleaning and disinfection of instruments<\/a><\/li>\n<li class=\"dunkelblau menu-item menu-item-type-post_type menu-item-object-page menu-item-2044\"><a href=\"https:\/\/www.alpro-medical.de\/en\/alprozyme\/\" class=\"elementor-item\" tabindex=\"-1\">\u00a0 <i class=\"fas fa-arrow-circle-right\"><\/i>\u00a0\u00a0AlproZyme<\/a><\/li>\n<li class=\"dunkelblau menu-item menu-item-type-post_type menu-item-object-page menu-item-2045\"><a href=\"https:\/\/www.alpro-medical.de\/en\/ic-100\/\" class=\"elementor-item\" tabindex=\"-1\">\u00a0 <i class=\"fas fa-arrow-circle-right\"><\/i>\u00a0\u00a0IC-100<\/a><\/li>\n<li class=\"dunkelblau menu-item menu-item-type-post_type menu-item-object-page menu-item-2046\"><a href=\"https:\/\/www.alpro-medical.de\/en\/bib-forte-eco\/\" class=\"elementor-item\" tabindex=\"-1\">\u00a0 <i class=\"fas fa-arrow-circle-right\"><\/i>\u00a0\u00a0BIB forte eco<\/a><\/li>\n<li class=\"dunkelblau menu-item menu-item-type-post_type menu-item-object-page menu-item-2049\"><a href=\"https:\/\/www.alpro-medical.de\/en\/wl-clean\/\" class=\"elementor-item\" tabindex=\"-1\">\u00a0 <i class=\"fas fa-arrow-circle-right\"><\/i>\u00a0\u00a0WL-clean<\/a><\/li>\n<li class=\"dunkelblau menu-item menu-item-type-post_type menu-item-object-page menu-item-2050\"><a href=\"https:\/\/www.alpro-medical.de\/en\/wl-cid\/\" class=\"elementor-item\" tabindex=\"-1\">\u00a0 <i class=\"fas fa-arrow-circle-right\"><\/i>\u00a0\u00a0WL-cid<\/a><\/li>\n<li class=\"dunkelblau menu-item menu-item-type-post_type menu-item-object-page menu-item-2048\"><a href=\"https:\/\/www.alpro-medical.de\/en\/wl-dry\/\" class=\"elementor-item\" tabindex=\"-1\">\u00a0 <i class=\"fas fa-arrow-circle-right\"><\/i>\u00a0\u00a0WL-dry<\/a><\/li>\n<li class=\"dunkelblau menu-item menu-item-type-post_type menu-item-object-page menu-item-2055\"><a href=\"https:\/\/www.alpro-medical.de\/en\/waterjet\/\" class=\"elementor-item\" tabindex=\"-1\">\u00a0 <i class=\"fas fa-arrow-circle-right\"><\/i>\u00a0\u00a0WaterJet<\/a><\/li>\n<li class=\"dunkelblau menu-item menu-item-type-post_type menu-item-object-page menu-item-2051\"><a href=\"https:\/\/www.alpro-medical.de\/en\/wl-blow\/\" class=\"elementor-item\" tabindex=\"-1\">\u00a0 <i class=\"fas fa-arrow-circle-right\"><\/i>\u00a0\u00a0WL-Blow<\/a><\/li>\n<li class=\"dunkelblau menu-item menu-item-type-post_type menu-item-object-page menu-item-2054\"><a href=\"https:\/\/www.alpro-medical.de\/en\/wl-adapter-fuer-die-gesamte-innenreinigung\/\" class=\"elementor-item\" tabindex=\"-1\">\u00a0 <i class=\"fas fa-arrow-circle-right\"><\/i>\u00a0\u00a0WL-Adapter f\u00fcr die gesamte Innenreinigung<\/a><\/li>\n<li class=\"dunkelblau menu-item menu-item-type-post_type menu-item-object-page menu-item-2052\"><a href=\"https:\/\/www.alpro-medical.de\/en\/wl-adapter-fuer-ultraschall-und-airscalerspitzen\/\" class=\"elementor-item\" tabindex=\"-1\">\u00a0 <i class=\"fas fa-arrow-circle-right\"><\/i>\u00a0\u00a0WL-Adapter f\u00fcr Ultraschall- und Airscalerspitzen<\/a><\/li>\n<li class=\"dunkelblau menu-item menu-item-type-post_type menu-item-object-page menu-item-2047\"><a href=\"https:\/\/www.alpro-medical.de\/en\/wl-universaladapter\/\" class=\"elementor-item\" tabindex=\"-1\">\u00a0 <i class=\"fas fa-arrow-circle-right\"><\/i>\u00a0\u00a0WL-Universaladapter<\/a><\/li>\n<li class=\"dunkelblau menu-item menu-item-type-post_type menu-item-object-page menu-item-2053\"><a href=\"https:\/\/www.alpro-medical.de\/en\/wl-adapter-fuer-spraywasser-sprayluftkanaele\/\" class=\"elementor-item\" tabindex=\"-1\">\u00a0 <i class=\"fas fa-arrow-circle-right\"><\/i>\u00a0\u00a0WL-Adapter f\u00fcr Spraywasser- \/ Sprayluftkan\u00e4le<\/a><\/li>\n<li class=\"dunkelblau menu-item menu-item-type-post_type menu-item-object-page menu-item-2059\"><a href=\"https:\/\/www.alpro-medical.de\/en\/bc-san-100\/\" class=\"elementor-item\" tabindex=\"-1\">\u00a0 <i class=\"fas fa-arrow-circle-right\"><\/i>\u00a0\u00a0BC-San 100<\/a><\/li>\n<li class=\"dunkelblau menu-item menu-item-type-post_type menu-item-object-page menu-item-1594\"><a href=\"https:\/\/www.alpro-medical.de\/en\/maschinelle-aufbereitung\/\" class=\"elementor-item\" tabindex=\"-1\">Mechanical processing<\/a><\/li>\n<li class=\"gelb menu-item menu-item-type-post_type menu-item-object-page menu-item-1595\"><a href=\"https:\/\/www.alpro-medical.de\/en\/absauganlagenreinigung\/\" class=\"elementor-item\" tabindex=\"-1\">Cleaning of dental aspiration systems<\/a><\/li>\n<li class=\"gelb menu-item menu-item-type-post_type menu-item-object-page menu-item-1596\"><a href=\"https:\/\/www.alpro-medical.de\/en\/abdruckdesinfektion\/\" class=\"elementor-item\" tabindex=\"-1\">Disinfection of impressions<\/a><\/li>\n<li class=\"gelb menu-item menu-item-type-post_type menu-item-object-page menu-item-1597\"><a href=\"https:\/\/www.alpro-medical.de\/en\/reinigung-spezieller-anwendungen\/\" class=\"elementor-item\" tabindex=\"-1\">Cleaning for special applications<\/a><\/li>\n<li class=\"blau menu-item menu-item-type-post_type menu-item-object-page menu-item-1598\"><a href=\"https:\/\/www.alpro-medical.de\/en\/betriebswasserentkeimung\/\" class=\"elementor-item\" tabindex=\"-1\">Decontamination of treatment water<\/a><\/li>\n<li class=\"blau menu-item menu-item-type-post_type menu-item-object-page menu-item-1599\"><a href=\"https:\/\/www.alpro-medical.de\/en\/geraete-zur-betriebswasserversorgung-und-entkeimung\/\" class=\"elementor-item\" tabindex=\"-1\">Devices for treatment water supply and decontamination<\/a><\/li>\n<li class=\"grau menu-item menu-item-type-post_type menu-item-object-page menu-item-1600\"><a href=\"https:\/\/www.alpro-medical.de\/en\/zubehoer\/\" class=\"elementor-item\" tabindex=\"-1\">Accessories<\/a><\/li>\n<li class=\"rot menu-item menu-item-type-post_type menu-item-object-page menu-item-1601\"><a href=\"https:\/\/www.alpro-medical.de\/en\/restproteinbestimmung-procheck\/\" class=\"elementor-item\" tabindex=\"-1\">Residual protein determination - ProCheck<\/a><\/li>\n<\/ul>\t\t\t<\/nav>\n\t\t\t\t\t\t<\/div>\n\t\t\t\t<\/div>\n\t\t\t\t<\/div>\n\t\t\t\t\t<\/div>\n\t\t\t\t<\/div>\n\t\t\t\t<\/div>","protected":false},"excerpt":{"rendered":"<p>Manuelle Instrumentenreinigung und -desinfektion AlproZyme IC-100 BIB forte eco WL-clean WL-cid WL-dry WaterJet WL-Blow WL-Adapter f\u00fcr die gesamte Innenreinigung WL-Adapter f\u00fcr Ultraschall- und Airscalerspitzen WL-Universaladapter WL-Adapter f\u00fcr Spraywasser- \/ Sprayluftkan\u00e4le BC-San 100<\/p>","protected":false},"author":1,"featured_media":0,"parent":0,"menu_order":0,"comment_status":"closed","ping_status":"closed","template":"","meta":{"footnotes":""},"class_list":["post-1047","page","type-page","status-publish","hentry"],"_links":{"self":[{"href":"https:\/\/www.alpro-medical.de\/en\/wp-json\/wp\/v2\/pages\/1047","targetHints":{"allow":["GET"]}}],"collection":[{"href":"https:\/\/www.alpro-medical.de\/en\/wp-json\/wp\/v2\/pages"}],"about":[{"href":"https:\/\/www.alpro-medical.de\/en\/wp-json\/wp\/v2\/types\/page"}],"author":[{"embeddable":true,"href":"https:\/\/www.alpro-medical.de\/en\/wp-json\/wp\/v2\/users\/1"}],"replies":[{"embeddable":true,"href":"https:\/\/www.alpro-medical.de\/en\/wp-json\/wp\/v2\/comments?post=1047"}],"version-history":[{"count":16,"href":"https:\/\/www.alpro-medical.de\/en\/wp-json\/wp\/v2\/pages\/1047\/revisions"}],"predecessor-version":[{"id":3464,"href":"https:\/\/www.alpro-medical.de\/en\/wp-json\/wp\/v2\/pages\/1047\/revisions\/3464"}],"wp:attachment":[{"href":"https:\/\/www.alpro-medical.de\/en\/wp-json\/wp\/v2\/media?parent=1047"}],"curies":[{"name":"wp","href":"https:\/\/api.w.org\/{rel}","templated":true}]}}